{"id":288619,"date":"2021-06-01T11:40:35","date_gmt":"2021-06-01T09:40:35","guid":{"rendered":"https:\/\/www.huntersfriend.eu\/product\/bearpaw-ryggkoger-little-indian\/"},"modified":"2025-08-27T11:24:30","modified_gmt":"2025-08-27T09:24:30","slug":"bearpaw-ryggkoger-little-indian","status":"publish","type":"product","link":"https:\/\/www.huntersfriend.eu\/sv\/produkt\/bearpaw-ryggkoger-little-indian\/","title":{"rendered":"Bearpaw ryggkoger Little Indian"},"content":{"rendered":"<p>Little Indian har designats av Bearpaw med k\u00e4rlek och omsorg om detaljer f\u00f6r de s\u00e4rskilda behoven hos barn upp till 12 \u00e5r. Dess dimensioner \u00e4r anpassade till barns behov. Little Indian \u00e4r den perfekta f\u00f6ljeslagaren f\u00f6r dina barn under tr\u00e4ning och t\u00e4vling.  <\/p>\n<ul>\n<li>L\u00e4ngd: ca 41 cm (ungef\u00e4r 16 tum) <\/li>\n<li>L\u00e4der: Bearpaw \u00e4lgl\u00e4der honungsbrunt<\/li>\n<li>Remmar: Bred axelrem<\/li>\n<li>Extra: Tillbeh\u00f6rsv\u00e4ska\n<p><b>Din h\u00e4lsa \u00e4r viktig f\u00f6r oss! Alla Bearpaws l\u00e4derprodukter och textilier \u00e4r garanterat fria fr\u00e5n tungmetaller och milj\u00f6gifter. Testad och certifierad kvalitet.  <\/b><\/li>\n<\/ul>\n","protected":false},"excerpt":{"rendered":"<p>Brunt l\u00e4der<\/p>\n","protected":false},"featured_media":213824,"comment_status":"open","ping_status":"closed","template":"","meta":[],"product_brand":[],"product_cat":[2966],"product_tag":[],"class_list":{"0":"post-288619","1":"product","2":"type-product","3":"status-publish","4":"has-post-thumbnail","6":"product_cat-faltkogar","8":"first","9":"instock","10":"taxable","11":"shipping-taxable","12":"purchasable","13":"product-type-simple"},"composite_virtual":false,"composite_layout":"","composite_add_to_cart_form_location":"","composite_editable_in_cart":false,"composite_sold_individually_context":"","composite_shop_price_calc":"","composite_components":[],"composite_scenarios":[],"group_of_quantity":0,"min_quantity":0,"max_quantity":"","exclude_order_quantity_value_rules":"no","exclude_category_quantity_rules":"no","combine_variations":"no","exclude_global_add_ons":[],"addons":[],"_links":{"self":[{"href":"https:\/\/www.huntersfriend.eu\/sv\/wp-json\/wp\/v2\/product\/288619","targetHints":{"allow":["GET"]}}],"collection":[{"href":"https:\/\/www.huntersfriend.eu\/sv\/wp-json\/wp\/v2\/product"}],"about":[{"href":"https:\/\/www.huntersfriend.eu\/sv\/wp-json\/wp\/v2\/types\/product"}],"replies":[{"embeddable":true,"href":"https:\/\/www.huntersfriend.eu\/sv\/wp-json\/wp\/v2\/comments?post=288619"}],"wp:featuredmedia":[{"embeddable":true,"href":"https:\/\/www.huntersfriend.eu\/sv\/wp-json\/wp\/v2\/media\/213824"}],"wp:attachment":[{"href":"https:\/\/www.huntersfriend.eu\/sv\/wp-json\/wp\/v2\/media?parent=288619"}],"wp:term":[{"taxonomy":"product_brand","embeddable":true,"href":"https:\/\/www.huntersfriend.eu\/sv\/wp-json\/wp\/v2\/product_brand?post=288619"},{"taxonomy":"product_cat","embeddable":true,"href":"https:\/\/www.huntersfriend.eu\/sv\/wp-json\/wp\/v2\/product_cat?post=288619"},{"taxonomy":"product_tag","embeddable":true,"href":"https:\/\/www.huntersfriend.eu\/sv\/wp-json\/wp\/v2\/product_tag?post=288619"}],"curies":[{"name":"wp","href":"https:\/\/api.w.org\/{rel}","templated":true}]}}