{"id":288618,"date":"2021-04-29T14:20:47","date_gmt":"2021-04-29T12:20:47","guid":{"rendered":"https:\/\/www.huntersfriend.eu\/product\/chevalier-stolryggsack-35l\/"},"modified":"2025-08-27T11:24:26","modified_gmt":"2025-08-27T09:24:26","slug":"chevalier-stolryggsack-35l","status":"publish","type":"product","link":"https:\/\/www.huntersfriend.eu\/sv\/produkt\/chevalier-stolryggsack-35l\/","title":{"rendered":"Chevalier stolryggs\u00e4ck 35L"},"content":{"rendered":"<p>Stolryggs\u00e4cken 35L \u00e4r robust och tillverkad av ett starkt, tyst och vattenavvisande polyestermaterial. Sittdynan har v\u00e4rmeisolering och en dekorativ graverad logotyp. Den starka metallramen \u00e4r textilskyddad f\u00f6r att minska vapenkontaktljud. Sitsen fungerar som en b\u00e4rram n\u00e4r den inte anv\u00e4nds och l\u00e5ses enkelt med en kardborreflik. V\u00e4skan har tv\u00e5 flaskfickor p\u00e5 utsidan, en lockficka och en orange innerficka med dragkedja. Justerbara axel- och h\u00f6ftremmar. Som en extra detalj har en axelrem en inbyggd visselpipa. Sitth\u00f6jd 43,5 cm. Volym 35 liter. Ytterm\u00e5tt: 55x29x46 cm. Vikt: 2,2 kg.          <\/p>\n","protected":false},"excerpt":{"rendered":"<p>Volym 35 liter<\/p>\n","protected":false},"featured_media":209539,"comment_status":"open","ping_status":"closed","template":"","meta":[],"product_brand":[],"product_cat":[2565],"product_tag":[],"class_list":{"0":"post-288618","1":"product","2":"type-product","3":"status-publish","4":"has-post-thumbnail","6":"product_cat-jaktryggsackar","7":"product_shipping_class-medium-sv","9":"first","10":"onbackorder","11":"taxable","12":"shipping-taxable","13":"purchasable","14":"product-type-simple"},"composite_virtual":false,"composite_layout":"","composite_add_to_cart_form_location":"","composite_editable_in_cart":false,"composite_sold_individually_context":"","composite_shop_price_calc":"","composite_components":[],"composite_scenarios":[],"group_of_quantity":0,"min_quantity":0,"max_quantity":"","exclude_order_quantity_value_rules":"no","exclude_category_quantity_rules":"no","combine_variations":"no","exclude_global_add_ons":[],"addons":[],"_links":{"self":[{"href":"https:\/\/www.huntersfriend.eu\/sv\/wp-json\/wp\/v2\/product\/288618","targetHints":{"allow":["GET"]}}],"collection":[{"href":"https:\/\/www.huntersfriend.eu\/sv\/wp-json\/wp\/v2\/product"}],"about":[{"href":"https:\/\/www.huntersfriend.eu\/sv\/wp-json\/wp\/v2\/types\/product"}],"replies":[{"embeddable":true,"href":"https:\/\/www.huntersfriend.eu\/sv\/wp-json\/wp\/v2\/comments?post=288618"}],"wp:featuredmedia":[{"embeddable":true,"href":"https:\/\/www.huntersfriend.eu\/sv\/wp-json\/wp\/v2\/media\/209539"}],"wp:attachment":[{"href":"https:\/\/www.huntersfriend.eu\/sv\/wp-json\/wp\/v2\/media?parent=288618"}],"wp:term":[{"taxonomy":"product_brand","embeddable":true,"href":"https:\/\/www.huntersfriend.eu\/sv\/wp-json\/wp\/v2\/product_brand?post=288618"},{"taxonomy":"product_cat","embeddable":true,"href":"https:\/\/www.huntersfriend.eu\/sv\/wp-json\/wp\/v2\/product_cat?post=288618"},{"taxonomy":"product_tag","embeddable":true,"href":"https:\/\/www.huntersfriend.eu\/sv\/wp-json\/wp\/v2\/product_tag?post=288618"}],"curies":[{"name":"wp","href":"https:\/\/api.w.org\/{rel}","templated":true}]}}