{"id":288617,"date":"2021-04-22T14:21:27","date_gmt":"2021-04-22T12:21:27","guid":{"rendered":"https:\/\/www.huntersfriend.eu\/product\/truglo-side-lock-nitrus-release-med-boa-svart-rem\/"},"modified":"2025-08-27T11:24:25","modified_gmt":"2025-08-27T09:24:25","slug":"truglo-side-lock-nitrus-release-med-boa-svart-rem","status":"publish","type":"product","link":"https:\/\/www.huntersfriend.eu\/sv\/produkt\/truglo-side-lock-nitrus-release-med-boa-svart-rem\/","title":{"rendered":"Truglo Side-lock nitrus release med BOA svart rem"},"content":{"rendered":"<p>Ultral\u00e4tt, dubbelback, b\u00e5gskytte release<\/p>\n<div data-content-type=\"row\" data-appearance=\"contained\" data-element=\"main\">\n<div data-enable-parallax=\"0\" data-parallax-speed=\"0.5\" data-background-images=\"{}\" data-element=\"inner\">\n<div data-content-type=\"text\" data-appearance=\"default\" data-element=\"main\">\n<ul>\n<li>Extremt tyst<\/li>\n<li>Banbrytande design med dubbla k\u00e4ftar i rostfritt st\u00e5l ger en perfekt balanserad release<\/li>\n<li>Ultral\u00e4tt, mikrojusterbar avtryckare med en skarp k\u00e4nsla<\/li>\n<li>Ingen o\u00f6nskad avtryckarr\u00f6relse<\/li>\n<li>Str\u00f6mlinjeformad k\u00e4ftdesign f\u00f6r snabb och enkel laddning \u2013 perfekt f\u00f6r str\u00e4ng D-\u00f6glor<\/li>\n<li>Precisionsk\u00e4ftar i rostfritt st\u00e5l som inte slits<\/li>\n<li>Avfyringsmekanism i rostfritt st\u00e5l f\u00f6r \u00f6kad h\u00e5llbarhet och repeterbarhet<\/li>\n<li>Fram\u00e5triktad avtryckarposition m\u00f6jligg\u00f6r snabbare pilhastigheter<\/li>\n<li>Ergonomisk hand- och fingerposition<\/li>\n<li>360-graders roterande huvud eliminerar str\u00e4ngvridning<\/li>\n<li>Premiumutl\u00f6sningsrem f\u00f6r l\u00e5ngvarig komfort<\/li>\n<li>Patenterad<\/li>\n<\/ul>\n<p><strong>DUBBEL K\u00c4FTDESIGN<\/strong><\/p>\n<p>Banbrytande design med bromsoks-k\u00e4ftar i rostfritt st\u00e5l med fram\u00e5triktad avtryckarposition.<\/p>\n<p><strong>BOA<sup>\u00ae<\/sup> FIT SYSTEM<\/strong><\/p>\n<p>St\u00e4ll in f\u00f6r snabb, enkel och exakt passform.<\/p>\n<p><strong>SIDE\u2022LOCK CONNECTOR<\/strong><\/p>\n<p>Anslutningen l\u00e5ser frig\u00f6ringshuvudet ur v\u00e4gen.<\/p>\n<\/div>\n<\/div>\n<\/div>\n","protected":false},"excerpt":{"rendered":"<p>Svart rem<\/p>\n","protected":false},"featured_media":218487,"comment_status":"open","ping_status":"closed","template":"","meta":[],"product_brand":[],"product_cat":[2680],"product_tag":[],"class_list":{"0":"post-288617","1":"product","2":"type-product","3":"status-publish","4":"has-post-thumbnail","6":"product_cat-handledsutlosare","8":"first","9":"instock","10":"taxable","11":"shipping-taxable","12":"purchasable","13":"product-type-simple"},"composite_virtual":false,"composite_layout":"","composite_add_to_cart_form_location":"","composite_editable_in_cart":false,"composite_sold_individually_context":"","composite_shop_price_calc":"","composite_components":[],"composite_scenarios":[],"group_of_quantity":0,"min_quantity":0,"max_quantity":"","exclude_order_quantity_value_rules":"no","exclude_category_quantity_rules":"no","combine_variations":"no","exclude_global_add_ons":[],"addons":[],"_links":{"self":[{"href":"https:\/\/www.huntersfriend.eu\/sv\/wp-json\/wp\/v2\/product\/288617","targetHints":{"allow":["GET"]}}],"collection":[{"href":"https:\/\/www.huntersfriend.eu\/sv\/wp-json\/wp\/v2\/product"}],"about":[{"href":"https:\/\/www.huntersfriend.eu\/sv\/wp-json\/wp\/v2\/types\/product"}],"replies":[{"embeddable":true,"href":"https:\/\/www.huntersfriend.eu\/sv\/wp-json\/wp\/v2\/comments?post=288617"}],"wp:featuredmedia":[{"embeddable":true,"href":"https:\/\/www.huntersfriend.eu\/sv\/wp-json\/wp\/v2\/media\/218487"}],"wp:attachment":[{"href":"https:\/\/www.huntersfriend.eu\/sv\/wp-json\/wp\/v2\/media?parent=288617"}],"wp:term":[{"taxonomy":"product_brand","embeddable":true,"href":"https:\/\/www.huntersfriend.eu\/sv\/wp-json\/wp\/v2\/product_brand?post=288617"},{"taxonomy":"product_cat","embeddable":true,"href":"https:\/\/www.huntersfriend.eu\/sv\/wp-json\/wp\/v2\/product_cat?post=288617"},{"taxonomy":"product_tag","embeddable":true,"href":"https:\/\/www.huntersfriend.eu\/sv\/wp-json\/wp\/v2\/product_tag?post=288617"}],"curies":[{"name":"wp","href":"https:\/\/api.w.org\/{rel}","templated":true}]}}