{"id":288616,"date":"2021-04-21T11:21:37","date_gmt":"2021-04-21T09:21:37","guid":{"rendered":"https:\/\/www.huntersfriend.eu\/product\/skull-hooker-little-hooker-brun\/"},"modified":"2025-08-27T11:24:22","modified_gmt":"2025-08-27T09:24:22","slug":"skull-hooker-little-hooker-brun","status":"publish","type":"product","link":"https:\/\/www.huntersfriend.eu\/sv\/produkt\/skull-hooker-little-hooker-brun\/","title":{"rendered":"Skull hooker Little hooker Brun"},"content":{"rendered":"<p>The Little Hooker<sup>\u00ae<\/sup> \u00e4r en elegant och str\u00f6mlinjeformad l\u00f6sning f\u00f6r att h\u00e4nga upp sm\u00e5 till mellanstora europeiska trof\u00e9er. The Little Hooker<sup>\u00ae<\/sup> \u00e4r helt anpassningsbar b\u00e5de upp och ner samt v\u00e4nster och h\u00f6ger f\u00f6r att ge en perfekt uppr\u00e4tt och naturlig presentation av din trof\u00e9. The Little Hooker<sup>\u00ae<\/sup> skallh\u00e4nge \u00e4r speciellt utformat f\u00f6r mindre vilt (ungef\u00e4r en stor hjortskalle och mindre) som vildsvin, svartbj\u00f6rn, r\u00e5djur, antilop och exotiskt medelstort vilt som gasell, impala och m\u00e5nga fler trof\u00e9viltarter \u00f6ver hela v\u00e4rlden. The Little Hooker<sup>\u00ae<\/sup> kr\u00e4ver ingen borrning eller skada p\u00e5 din skalle eftersom tappen passar s\u00e4kert och naturligt in i baksidan av skallen. *Skallen f\u00e5r inte sk\u00e4ras eller \u00e4ndras runt det naturliga h\u00e5let eller cervikalleden p\u00e5 baksidan av skallen.    <\/p>\n<p>Delar som ing\u00e5r: v\u00e4ggplatta (1), arm (1), tapp (1) och all n\u00f6dv\u00e4ndig h\u00e5rdvara<\/p>\n","protected":false},"excerpt":{"rendered":"<p>Brun skallef\u00e4ste<\/p>\n","protected":false},"featured_media":209461,"comment_status":"open","ping_status":"closed","template":"","meta":[],"product_brand":[],"product_cat":[2847],"product_tag":[],"class_list":{"0":"post-288616","1":"product","2":"type-product","3":"status-publish","4":"has-post-thumbnail","6":"product_cat-taxidermi","8":"first","9":"instock","10":"featured","11":"taxable","12":"shipping-taxable","13":"purchasable","14":"product-type-simple"},"composite_virtual":false,"composite_layout":"","composite_add_to_cart_form_location":"","composite_editable_in_cart":false,"composite_sold_individually_context":"","composite_shop_price_calc":"","composite_components":[],"composite_scenarios":[],"group_of_quantity":0,"min_quantity":0,"max_quantity":"","exclude_order_quantity_value_rules":"no","exclude_category_quantity_rules":"no","combine_variations":"no","exclude_global_add_ons":[],"addons":[],"_links":{"self":[{"href":"https:\/\/www.huntersfriend.eu\/sv\/wp-json\/wp\/v2\/product\/288616","targetHints":{"allow":["GET"]}}],"collection":[{"href":"https:\/\/www.huntersfriend.eu\/sv\/wp-json\/wp\/v2\/product"}],"about":[{"href":"https:\/\/www.huntersfriend.eu\/sv\/wp-json\/wp\/v2\/types\/product"}],"replies":[{"embeddable":true,"href":"https:\/\/www.huntersfriend.eu\/sv\/wp-json\/wp\/v2\/comments?post=288616"}],"wp:featuredmedia":[{"embeddable":true,"href":"https:\/\/www.huntersfriend.eu\/sv\/wp-json\/wp\/v2\/media\/209461"}],"wp:attachment":[{"href":"https:\/\/www.huntersfriend.eu\/sv\/wp-json\/wp\/v2\/media?parent=288616"}],"wp:term":[{"taxonomy":"product_brand","embeddable":true,"href":"https:\/\/www.huntersfriend.eu\/sv\/wp-json\/wp\/v2\/product_brand?post=288616"},{"taxonomy":"product_cat","embeddable":true,"href":"https:\/\/www.huntersfriend.eu\/sv\/wp-json\/wp\/v2\/product_cat?post=288616"},{"taxonomy":"product_tag","embeddable":true,"href":"https:\/\/www.huntersfriend.eu\/sv\/wp-json\/wp\/v2\/product_tag?post=288616"}],"curies":[{"name":"wp","href":"https:\/\/api.w.org\/{rel}","templated":true}]}}