{"id":288607,"date":"2021-03-17T11:53:37","date_gmt":"2021-03-17T09:53:37","guid":{"rendered":"https:\/\/www.huntersfriend.eu\/product\/bowtech-amplify-fabrikskit\/"},"modified":"2026-01-08T15:10:27","modified_gmt":"2026-01-08T13:10:27","slug":"bowtech-amplify-fabrikskit","status":"publish","type":"product","link":"https:\/\/www.huntersfriend.eu\/sv\/produkt\/bowtech-amplify-fabrikskit\/","title":{"rendered":"Bowtech Amplify fabrikskit"},"content":{"rendered":"<p><em><strong>Om det finns ett b\u00e5galternativ som inte visas p\u00e5 den h\u00e4r sidan, v\u00e4nligen kontakta oss direkt info@huntersfriend.eu och be om mer information om tillg\u00e4nglighet och pris.<\/strong><\/em><\/p>\n<h3>RAK-kitet inkluderar<\/h3>\n<ul>\n<li>B\u00e5ge<\/li>\n<li>Octane Hostage pilhylla<\/li>\n<li>3-pin sikte<\/li>\n<li>Octane stabilisator<\/li>\n<li>Octane b\u00e5gkoger<\/li>\n<li>peep sight och handledsrem.<\/li>\n<\/ul>\n<p><em>Observera att fabrikstillverkade kit, oavsett tillverkare, varken \u00e4r trimmade eller redo att skjuta direkt ur kartongen.<\/em><\/p>\n<div>\n<h2>ANPASSAR SIG TILL VEM SOM HELST, DOMINERAR ALLT I SIN KLASS.<\/h2>\n<p>Skruva upp allt du trodde var m\u00f6jligt i den h\u00e4r prisklassen, f\u00f6r inget h\u00e5ller st\u00e4mningen till den nya Amplify. Med hela 62 pund dragviktsjustering och 9 tums dragl\u00e4ngdsjustering, kommer den att passa praktiskt taget alla b\u00e5gskyttar till perfektion. L\u00e4gg till noggrannheten och den h\u00e5rdsl\u00e5ende kraften i v\u00e5rt Binary Cam-system och du har mer smidig dragning, pilklyvande precision \u00e4n n\u00e5got annat i sin klass.  <\/p>\n<p><strong>Synkroniserade Binary Cams<\/strong><br \/>\nX-sk\u00e4rande precision. En smidig dragcykel. Enkel trimning som du kan st\u00e4lla in och gl\u00f6mma. Bowtechs Binary Cam-system \u00e4r konstruerat med tv\u00e5 perfekt symmetriska cams som \u00e4r sammankopplade f\u00f6r flat-line nockr\u00f6relse och bombs\u00e4ker konsistens.   <\/p>\n<p><strong>Powershift<\/strong><br \/>\nNu kan du v\u00e4xla fr\u00e5n maximal hastighet och kraft till h\u00e5rdsl\u00e5ende med en mjukare dragning, till det ultimata inom skjutkomfort. Ny PowerShift-teknik anpassar sig snabbt till din skjutstil utan behov av en b\u00e5gpress p\u00e5 bara n\u00e5gra minuter. <\/p>\n<p><strong>Orbit Dampener<\/strong><br \/>\nReducerar avsev\u00e4rt alla k\u00e4nnbara vibrationer samtidigt som den kompenserar vikten av ytterligare tillbeh\u00f6r.<\/p>\n<h3>Specifikationer<\/h3>\n<\/div>\n<div>\n<table style=\"height: 55px;\" width=\"1100\" align=\"\">\n<tbody>\n<tr>\n<td><strong>IBO HASTIGHET<\/strong><br \/>\n335 fps<\/td>\n<td><strong>AXEL-TILL-AXEL<\/strong><br \/>\n31,5&#8243;<\/td>\n<td><strong>STR\u00c4NGH\u00d6JD<\/strong><br \/>\n6,0&#8243;<\/td>\n<td><strong>DRAGVIKTER<\/strong><br \/>\n8-70#<\/td>\n<td><strong>DRAGL\u00c4NGDER<\/strong><br \/>\n21&#8243; till 30&#8243;<\/td>\n<td><strong>LET-OFF<\/strong><br \/>\n80 %<\/td>\n<td><strong>B\u00c5GMASSA<\/strong><br \/>\n4.0LBS<\/td>\n<td><\/td>\n<\/tr>\n<\/tbody>\n<\/table>\n<p>&nbsp;<\/p>\n<\/div>\n","protected":false},"excerpt":{"rendered":"<p>Specialbest\u00e4llningsb\u00e5ge &#8211; vanligtvis 1-5 veckor \/ Vi rekommenderar att du kontaktar oss om tillg\u00e4nglighet innan du best\u00e4ller<\/p>\n","protected":false},"featured_media":201301,"comment_status":"open","ping_status":"closed","template":"","meta":[],"product_brand":[],"product_cat":[878],"product_tag":[],"class_list":{"0":"post-288607","1":"product","2":"type-product","3":"status-publish","4":"has-post-thumbnail","6":"product_cat-uncategorized-sv","7":"product_shipping_class-big-sv","9":"first","10":"outofstock","11":"sale","12":"taxable","13":"shipping-taxable","14":"purchasable","15":"product-type-variable","16":"has-default-attributes"},"composite_virtual":false,"composite_layout":"","composite_add_to_cart_form_location":"","composite_editable_in_cart":false,"composite_sold_individually_context":"","composite_shop_price_calc":"","composite_components":[],"composite_scenarios":[],"group_of_quantity":0,"min_quantity":0,"max_quantity":"","exclude_order_quantity_value_rules":"no","exclude_category_quantity_rules":"no","combine_variations":"no","exclude_global_add_ons":false,"addons":[{"name":"Alternativt jaktf\u00e4rgsval","type":"multiple_choice","position":0,"required":false,"title_format":"label","default":"","description_enable":true,"description":"V\u00e4lj ett av dessa alternativ f\u00f6r alternativ jaktf\u00e4rg (extra kostnad)","placeholder_enable":false,"placeholder":null,"display":"select","restrictions_type":"any_text","adjust_price":false,"price":"","price_type":"flat_fee","restrictions":false,"min":"0","max":"0","options":[{"label":"OD Green","price":"40.3225","price_type":"flat_fee","image":0,"visibility":true},{"label":"Smoke Grey","price":"40.3225","price_type":"flat_fee","image":0,"visibility":true}]}],"_links":{"self":[{"href":"https:\/\/www.huntersfriend.eu\/sv\/wp-json\/wp\/v2\/product\/288607","targetHints":{"allow":["GET"]}}],"collection":[{"href":"https:\/\/www.huntersfriend.eu\/sv\/wp-json\/wp\/v2\/product"}],"about":[{"href":"https:\/\/www.huntersfriend.eu\/sv\/wp-json\/wp\/v2\/types\/product"}],"replies":[{"embeddable":true,"href":"https:\/\/www.huntersfriend.eu\/sv\/wp-json\/wp\/v2\/comments?post=288607"}],"wp:featuredmedia":[{"embeddable":true,"href":"https:\/\/www.huntersfriend.eu\/sv\/wp-json\/wp\/v2\/media\/201301"}],"wp:attachment":[{"href":"https:\/\/www.huntersfriend.eu\/sv\/wp-json\/wp\/v2\/media?parent=288607"}],"wp:term":[{"taxonomy":"product_brand","embeddable":true,"href":"https:\/\/www.huntersfriend.eu\/sv\/wp-json\/wp\/v2\/product_brand?post=288607"},{"taxonomy":"product_cat","embeddable":true,"href":"https:\/\/www.huntersfriend.eu\/sv\/wp-json\/wp\/v2\/product_cat?post=288607"},{"taxonomy":"product_tag","embeddable":true,"href":"https:\/\/www.huntersfriend.eu\/sv\/wp-json\/wp\/v2\/product_tag?post=288607"}],"curies":[{"name":"wp","href":"https:\/\/api.w.org\/{rel}","templated":true}]}}