{"id":288604,"date":"2021-04-09T11:24:12","date_gmt":"2021-04-09T09:24:12","guid":{"rendered":"https:\/\/www.huntersfriend.eu\/product\/dead-center-dead-level-hunter-lite-v2\/"},"modified":"2025-08-27T11:24:19","modified_gmt":"2025-08-27T09:24:19","slug":"dead-center-dead-level-hunter-lite-v2","status":"publish","type":"product","link":"https:\/\/www.huntersfriend.eu\/sv\/produkt\/dead-center-dead-level-hunter-lite-v2\/","title":{"rendered":"Dead Center dead level Hunter lite V2"},"content":{"rendered":"<p>Dead Lever Hunter V2 Lite \u00e4r ett komplett kit med allt som beh\u00f6vs f\u00f6r att precisionsbalansera och trimma praktiskt taget alla jaktb\u00e5gar f\u00f6r en optimal siktningsupplevelse och \u00f6kad noggrannhet, men i ett l\u00e4ttare kit till ett l\u00e4gre pris.<\/p>\n<p>Komplett system inkluderar &#8211;<\/p>\n<ul>\n<li>2 Dead Silent Hunting Series &#8211; Carbon V2 Stabilizers f\u00f6r vibrationsd\u00e4mpande stabilitet<\/li>\n<li>1 Diamond Series Lite-f\u00e4ste som \u00e4r 20 % l\u00e4ttare \u00e4n f\u00e4stet i det ursprungliga Dead Level Hunter-kitet men som fortfarande erbjuder o\u00e4ndlig justerbarhet, stens\u00e4ker anslutning som helt enkelt inte vibrerar loss och anv\u00e4nder det nedre bakre monteringsh\u00e5let p\u00e5 b\u00e5griktaren.<\/li>\n<li>6 Custom Balance 1oz vikter f\u00f6r optimal balansjustering<\/li>\n<li>2 Aluminium Weight Caps f\u00f6r ett elegant avslutat utseende<\/li>\n<\/ul>\n<p>Utvald teknik &#8211;<\/p>\n<ul>\n<li>Kolfiberr\u00f6r ger den ultimata kombinationen av tystnad och stabilitet utan extra vikt eller k\u00e4nd vibration.<\/li>\n<li>\u00d6verl\u00e4gsen vibrationsd\u00e4mpning och d\u00e4mpningsf\u00f6rm\u00e5ga. Konstruerad av BowJax bepr\u00f6vade material. <\/li>\n<li> V2 Hunting Stabilizers inkluderar Custom Balance Weights som g\u00f6r att du kan skr\u00e4ddarsy din viktkonfiguration efter dina specifika behov.<\/li>\n<li>Diamond Series-h\u00e5rdvara \u00e4r precisionskonstruerad f\u00f6r stens\u00e4ker prestanda och perfekt balans.<\/li>\n<li>6 oz anpassningsbar vikt ger optimal balans genom att du kan skr\u00e4ddarsy din viktkonfiguration efter dina specifika behov.<\/li>\n<\/ul>\n<p>Inkluderar &#8211;<br \/>\n(2) V2-stabilisatorer, (6) 1oz anpassade balansvikter 1\/4-20, (1) Diamond series single lite mount<\/p>\n<p>Produktspecifikationer &#8211;<br \/>\nStabilisatorl\u00e4ngd &#8211; 8&#8243; &amp; 6&#8243;<br \/>\nStabilisatorl\u00e4ngd &#8211; 10&#8243; &amp; 8&#8243;<\/p>\n","protected":false},"excerpt":{"rendered":"<p>V&#8221; combo med Diamond Series Single Lite Mount<\/p>\n","protected":false},"featured_media":203302,"comment_status":"open","ping_status":"closed","template":"","meta":[],"product_brand":[],"product_cat":[2965],"product_tag":[],"class_list":{"0":"post-288604","1":"product","2":"type-product","3":"status-publish","4":"has-post-thumbnail","6":"product_cat-bagjaktstabilisatorer","8":"first","9":"instock","10":"taxable","11":"shipping-taxable","12":"purchasable","13":"product-type-variable"},"composite_virtual":false,"composite_layout":"","composite_add_to_cart_form_location":"","composite_editable_in_cart":false,"composite_sold_individually_context":"","composite_shop_price_calc":"","composite_components":[],"composite_scenarios":[],"group_of_quantity":0,"min_quantity":0,"max_quantity":"","exclude_order_quantity_value_rules":"no","exclude_category_quantity_rules":"no","combine_variations":"no","exclude_global_add_ons":[],"addons":[],"_links":{"self":[{"href":"https:\/\/www.huntersfriend.eu\/sv\/wp-json\/wp\/v2\/product\/288604","targetHints":{"allow":["GET"]}}],"collection":[{"href":"https:\/\/www.huntersfriend.eu\/sv\/wp-json\/wp\/v2\/product"}],"about":[{"href":"https:\/\/www.huntersfriend.eu\/sv\/wp-json\/wp\/v2\/types\/product"}],"replies":[{"embeddable":true,"href":"https:\/\/www.huntersfriend.eu\/sv\/wp-json\/wp\/v2\/comments?post=288604"}],"wp:featuredmedia":[{"embeddable":true,"href":"https:\/\/www.huntersfriend.eu\/sv\/wp-json\/wp\/v2\/media\/203302"}],"wp:attachment":[{"href":"https:\/\/www.huntersfriend.eu\/sv\/wp-json\/wp\/v2\/media?parent=288604"}],"wp:term":[{"taxonomy":"product_brand","embeddable":true,"href":"https:\/\/www.huntersfriend.eu\/sv\/wp-json\/wp\/v2\/product_brand?post=288604"},{"taxonomy":"product_cat","embeddable":true,"href":"https:\/\/www.huntersfriend.eu\/sv\/wp-json\/wp\/v2\/product_cat?post=288604"},{"taxonomy":"product_tag","embeddable":true,"href":"https:\/\/www.huntersfriend.eu\/sv\/wp-json\/wp\/v2\/product_tag?post=288604"}],"curies":[{"name":"wp","href":"https:\/\/api.w.org\/{rel}","templated":true}]}}