{"id":288603,"date":"2021-06-01T11:40:35","date_gmt":"2021-06-01T09:40:35","guid":{"rendered":"https:\/\/www.huntersfriend.eu\/product\/bearpaw-sidokoger-tub\/"},"modified":"2026-03-26T13:45:06","modified_gmt":"2026-03-26T11:45:06","slug":"bearpaw-sidokoger-tub","status":"publish","type":"product","link":"https:\/\/www.huntersfriend.eu\/sv\/produkt\/bearpaw-sidokoger-tub\/","title":{"rendered":"Bearpaw sidokoger tub"},"content":{"rendered":"<p>Funktionalitet i traditionell stil! Sidokokaren \u00e4r tillverkad av finaste mocka och har 3 fickor, vilket ger gott om plats f\u00f6r pilar och tillbeh\u00f6r. <\/p>\n<p>Kvalitet som k\u00e4nns direkt!<\/p>\n<ul>\n<li>L\u00e4der: Hjortskinn honungsbrunt<\/li>\n<li>L\u00e4ngd: ca 47 cm<\/li>\n<li>Extra: 3 tillbeh\u00f6rsfickor och pilr\u00f6r<\/li>\n<\/ul>\n","protected":false},"excerpt":{"rendered":"<p>Honungsbrunt l\u00e4der<\/p>\n","protected":false},"featured_media":205220,"comment_status":"open","ping_status":"closed","template":"","meta":[],"product_brand":[],"product_cat":[2966,2765,2969],"product_tag":[],"class_list":{"0":"post-288603","1":"product","2":"type-product","3":"status-publish","4":"has-post-thumbnail","6":"product_cat-faltkogar","7":"product_cat-fyndlada-slutrea","8":"product_cat-mal-hoftkogar","10":"first","11":"instock","12":"sale","13":"taxable","14":"shipping-taxable","15":"purchasable","16":"product-type-variable"},"composite_virtual":false,"composite_layout":"","composite_add_to_cart_form_location":"","composite_editable_in_cart":false,"composite_sold_individually_context":"","composite_shop_price_calc":"","composite_components":[],"composite_scenarios":[],"group_of_quantity":0,"min_quantity":0,"max_quantity":"","exclude_order_quantity_value_rules":"no","exclude_category_quantity_rules":"no","combine_variations":"no","exclude_global_add_ons":[],"addons":[],"_links":{"self":[{"href":"https:\/\/www.huntersfriend.eu\/sv\/wp-json\/wp\/v2\/product\/288603","targetHints":{"allow":["GET"]}}],"collection":[{"href":"https:\/\/www.huntersfriend.eu\/sv\/wp-json\/wp\/v2\/product"}],"about":[{"href":"https:\/\/www.huntersfriend.eu\/sv\/wp-json\/wp\/v2\/types\/product"}],"replies":[{"embeddable":true,"href":"https:\/\/www.huntersfriend.eu\/sv\/wp-json\/wp\/v2\/comments?post=288603"}],"wp:featuredmedia":[{"embeddable":true,"href":"https:\/\/www.huntersfriend.eu\/sv\/wp-json\/wp\/v2\/media\/205220"}],"wp:attachment":[{"href":"https:\/\/www.huntersfriend.eu\/sv\/wp-json\/wp\/v2\/media?parent=288603"}],"wp:term":[{"taxonomy":"product_brand","embeddable":true,"href":"https:\/\/www.huntersfriend.eu\/sv\/wp-json\/wp\/v2\/product_brand?post=288603"},{"taxonomy":"product_cat","embeddable":true,"href":"https:\/\/www.huntersfriend.eu\/sv\/wp-json\/wp\/v2\/product_cat?post=288603"},{"taxonomy":"product_tag","embeddable":true,"href":"https:\/\/www.huntersfriend.eu\/sv\/wp-json\/wp\/v2\/product_tag?post=288603"}],"curies":[{"name":"wp","href":"https:\/\/api.w.org\/{rel}","templated":true}]}}