{"id":288602,"date":"2021-05-31T11:40:32","date_gmt":"2021-05-31T09:40:32","guid":{"rendered":"https:\/\/www.huntersfriend.eu\/product\/hamskea-insight-deluxe-peep-kit\/"},"modified":"2026-01-21T13:20:10","modified_gmt":"2026-01-21T11:20:10","slug":"hamskea-insight-deluxe-peep-kit","status":"publish","type":"product","link":"https:\/\/www.huntersfriend.eu\/sv\/produkt\/hamskea-insight-deluxe-peep-kit\/","title":{"rendered":"Hamskea insight deluxe peep-kit"},"content":{"rendered":"<p>Hamskea InSight Deluxe Peep Kit \u00e4r det sista allomfattande kitet du n\u00e5gonsin kommer att beh\u00f6va. Med v\u00e5r ljudd\u00e4mpande teknik i v\u00e5rt 14 grain-h\u00f6lje eliminerar du all bl\u00e4ndning tack vare v\u00e5r rymdtekniska antireflexteknik som ger ett synf\u00e4lt utan distorsioner. Detta h\u00f6lje \u00e4r maskinbearbetat med b\u00e5de 37,5 och 45 graders str\u00e4ngvinklar.  <\/p>\n<p>Det omfattande InSight\u2122 Deluxe Peep Kit inneh\u00e5ller patenterad antireflexteknikh\u00f6lje med tv\u00e5 (2) str\u00e4ngvinklar, fyra (4) utbytbara linser, sex (6) \u00f6ppningar och gratis installationsverktyg.<\/p>\n<p>Detta kit inneh\u00e5ller:<\/p>\n<p>InSight Peep-h\u00f6lje, sex (6) \u00f6ppningar (1\/32\u2033, 3\/64\u2033, 1\/16\u2033, 3\/32\u2033, 1\/8\u2033, 5\/32\u2033), fyra (4) f\u00f6rtydligande linser (A, B, C, D), verktyg f\u00f6r \u00f6ppningsinstallation och ett skyddande fodral.<\/p>\n","protected":false},"excerpt":{"rendered":"<p>Hamskea InSight Deluxe Peep Kit \u00e4r det sista allomfattande kitet du n\u00e5gonsin kommer att beh\u00f6va. Med v\u00e5r ljudd\u00e4mpande teknik i v\u00e5rt 14 grain-h\u00f6lje eliminerar du all bl\u00e4ndning tack vare v\u00e5r rymdtekniska antireflexteknik som ger ett synf\u00e4lt utan distorsioner. Detta h\u00f6lje \u00e4r maskinbearbetat med b\u00e5de 37,5 och 45 graders str\u00e4ngvinklar. Det omfattande InSight\u2122 Deluxe Peep Kit [&#8230;]\n","protected":false},"featured_media":292530,"comment_status":"open","ping_status":"closed","template":"","meta":[],"product_brand":[],"product_cat":[2634],"product_tag":[],"class_list":{"0":"post-288602","1":"product","2":"type-product","3":"status-publish","4":"has-post-thumbnail","6":"product_cat-sikten-nockpunkter-kindpussar-och-tillbehor","8":"first","9":"outofstock","10":"taxable","11":"shipping-taxable","12":"purchasable","13":"product-type-simple"},"composite_virtual":false,"composite_layout":"","composite_add_to_cart_form_location":"","composite_editable_in_cart":false,"composite_sold_individually_context":"","composite_shop_price_calc":"","composite_components":[],"composite_scenarios":[],"group_of_quantity":0,"min_quantity":0,"max_quantity":"","exclude_order_quantity_value_rules":"no","exclude_category_quantity_rules":"no","combine_variations":"no","exclude_global_add_ons":[],"addons":[],"_links":{"self":[{"href":"https:\/\/www.huntersfriend.eu\/sv\/wp-json\/wp\/v2\/product\/288602","targetHints":{"allow":["GET"]}}],"collection":[{"href":"https:\/\/www.huntersfriend.eu\/sv\/wp-json\/wp\/v2\/product"}],"about":[{"href":"https:\/\/www.huntersfriend.eu\/sv\/wp-json\/wp\/v2\/types\/product"}],"replies":[{"embeddable":true,"href":"https:\/\/www.huntersfriend.eu\/sv\/wp-json\/wp\/v2\/comments?post=288602"}],"wp:featuredmedia":[{"embeddable":true,"href":"https:\/\/www.huntersfriend.eu\/sv\/wp-json\/wp\/v2\/media\/292530"}],"wp:attachment":[{"href":"https:\/\/www.huntersfriend.eu\/sv\/wp-json\/wp\/v2\/media?parent=288602"}],"wp:term":[{"taxonomy":"product_brand","embeddable":true,"href":"https:\/\/www.huntersfriend.eu\/sv\/wp-json\/wp\/v2\/product_brand?post=288602"},{"taxonomy":"product_cat","embeddable":true,"href":"https:\/\/www.huntersfriend.eu\/sv\/wp-json\/wp\/v2\/product_cat?post=288602"},{"taxonomy":"product_tag","embeddable":true,"href":"https:\/\/www.huntersfriend.eu\/sv\/wp-json\/wp\/v2\/product_tag?post=288602"}],"curies":[{"name":"wp","href":"https:\/\/api.w.org\/{rel}","templated":true}]}}