{"id":288601,"date":"2021-04-29T14:20:47","date_gmt":"2021-04-29T12:20:47","guid":{"rendered":"https:\/\/www.huntersfriend.eu\/product\/chevalier-triangle-ryggsack\/"},"modified":"2025-08-27T11:24:29","modified_gmt":"2025-08-27T09:24:29","slug":"chevalier-triangle-ryggsack","status":"publish","type":"product","link":"https:\/\/www.huntersfriend.eu\/sv\/produkt\/chevalier-triangle-ryggsack\/","title":{"rendered":"Chevalier Triangle-ryggs\u00e4ck"},"content":{"rendered":"<div class=\"t1ro9c5k\">\n<article>\n<div class=\"product-description\">Grouse Triangle sitter stadigt p\u00e5 kroppen tack vare trepunktskn\u00e4ppning och en gummerad sektion p\u00e5 axeln. V\u00e4skan har ett stort, rymligt fack med dragkedja. Det finns en inv\u00e4ndig n\u00e4tficka med dragkedja, ett l\u00f6stagbart n\u00e4tfack med dragsko och en flaskficka f\u00f6r att h\u00e5lla din termos st\u00e5ende. P\u00e5 utsidan finns en stor n\u00e4tficka och en l\u00f6stagbar radioficka. Inbyggda f\u00e5gelsnaror i botten. \u00d6gla upptill f\u00f6r upph\u00e4ngning p\u00e5 krok. Grouse Triangle \u00e4r tillverkad av starkt, vattenavvisande polyestertyg med tejpade s\u00f6mmar. Ryggen har mjuk skum-n\u00e4tvaddering f\u00f6r \u00f6kad komfort mot kroppen. Broderad Chevalier-logga med l\u00e5g kontrast. Volym: 17 liter. Ytterm\u00e5tt: 44x17x54 cm          <\/div>\n<\/article>\n<\/div>\n<div class=\"s1oxfphw\"><\/div>\n","protected":false},"excerpt":{"rendered":"<p>Volym 17 liter<\/p>\n","protected":false},"featured_media":209542,"comment_status":"open","ping_status":"closed","template":"","meta":[],"product_brand":[],"product_cat":[2565],"product_tag":[],"class_list":{"0":"post-288601","1":"product","2":"type-product","3":"status-publish","4":"has-post-thumbnail","6":"product_cat-jaktryggsackar","8":"first","9":"instock","10":"taxable","11":"shipping-taxable","12":"purchasable","13":"product-type-simple"},"composite_virtual":false,"composite_layout":"","composite_add_to_cart_form_location":"","composite_editable_in_cart":false,"composite_sold_individually_context":"","composite_shop_price_calc":"","composite_components":[],"composite_scenarios":[],"group_of_quantity":0,"min_quantity":0,"max_quantity":"","exclude_order_quantity_value_rules":"no","exclude_category_quantity_rules":"no","combine_variations":"no","exclude_global_add_ons":[],"addons":[],"_links":{"self":[{"href":"https:\/\/www.huntersfriend.eu\/sv\/wp-json\/wp\/v2\/product\/288601","targetHints":{"allow":["GET"]}}],"collection":[{"href":"https:\/\/www.huntersfriend.eu\/sv\/wp-json\/wp\/v2\/product"}],"about":[{"href":"https:\/\/www.huntersfriend.eu\/sv\/wp-json\/wp\/v2\/types\/product"}],"replies":[{"embeddable":true,"href":"https:\/\/www.huntersfriend.eu\/sv\/wp-json\/wp\/v2\/comments?post=288601"}],"wp:featuredmedia":[{"embeddable":true,"href":"https:\/\/www.huntersfriend.eu\/sv\/wp-json\/wp\/v2\/media\/209542"}],"wp:attachment":[{"href":"https:\/\/www.huntersfriend.eu\/sv\/wp-json\/wp\/v2\/media?parent=288601"}],"wp:term":[{"taxonomy":"product_brand","embeddable":true,"href":"https:\/\/www.huntersfriend.eu\/sv\/wp-json\/wp\/v2\/product_brand?post=288601"},{"taxonomy":"product_cat","embeddable":true,"href":"https:\/\/www.huntersfriend.eu\/sv\/wp-json\/wp\/v2\/product_cat?post=288601"},{"taxonomy":"product_tag","embeddable":true,"href":"https:\/\/www.huntersfriend.eu\/sv\/wp-json\/wp\/v2\/product_tag?post=288601"}],"curies":[{"name":"wp","href":"https:\/\/api.w.org\/{rel}","templated":true}]}}