{"id":288600,"date":"2021-03-05T15:20:31","date_gmt":"2021-03-05T13:20:31","guid":{"rendered":"https:\/\/www.huntersfriend.eu\/product\/sam-neyt-mdx-universellt-kraklate\/"},"modified":"2025-08-27T11:24:15","modified_gmt":"2025-08-27T09:24:15","slug":"sam-neyt-mdx-universellt-kraklate","status":"publish","type":"product","link":"https:\/\/www.huntersfriend.eu\/sv\/produkt\/sam-neyt-mdx-universellt-kraklate\/","title":{"rendered":"Sam neyt MDX universellt kr\u00e5kl\u00e4te"},"content":{"rendered":"<p>MDX-l\u00e4tet \u00e4r utvecklat f\u00f6r att generera olika kr\u00e5kl\u00e4ten. Mycket effektivt, speciellt f\u00f6r lokala kr\u00e5kf\u00e5glar n\u00e4r du oftast lockar till dig samma f\u00e5glar. <\/p>\n<p>Funktioner<\/p>\n<ul>\n<li>fungerar som ett n\u00f6dl\u00e4te f\u00f6r skator. Anv\u00e4nd korta l\u00e4ten som imiterar en skata i panik <\/li>\n<li>Unga kr\u00e5kl\u00e4tet imiterar en ung, mindre dominant gr\u00e5kr\u00e5ka<\/li>\n<\/ul>\n","protected":false},"excerpt":{"rendered":"<p>Tuottaa harakan h\u00e4t\u00e4huutoa<\/p>\n","protected":false},"featured_media":209962,"comment_status":"open","ping_status":"closed","template":"","meta":[],"product_brand":[],"product_cat":[2960],"product_tag":[],"class_list":{"0":"post-288600","1":"product","2":"type-product","3":"status-publish","4":"has-post-thumbnail","6":"product_cat-kraklockar","8":"first","9":"instock","10":"taxable","11":"shipping-taxable","12":"purchasable","13":"product-type-simple"},"composite_virtual":false,"composite_layout":"","composite_add_to_cart_form_location":"","composite_editable_in_cart":false,"composite_sold_individually_context":"","composite_shop_price_calc":"","composite_components":[],"composite_scenarios":[],"group_of_quantity":0,"min_quantity":0,"max_quantity":"","exclude_order_quantity_value_rules":"no","exclude_category_quantity_rules":"no","combine_variations":"no","exclude_global_add_ons":[],"addons":[],"_links":{"self":[{"href":"https:\/\/www.huntersfriend.eu\/sv\/wp-json\/wp\/v2\/product\/288600","targetHints":{"allow":["GET"]}}],"collection":[{"href":"https:\/\/www.huntersfriend.eu\/sv\/wp-json\/wp\/v2\/product"}],"about":[{"href":"https:\/\/www.huntersfriend.eu\/sv\/wp-json\/wp\/v2\/types\/product"}],"replies":[{"embeddable":true,"href":"https:\/\/www.huntersfriend.eu\/sv\/wp-json\/wp\/v2\/comments?post=288600"}],"wp:featuredmedia":[{"embeddable":true,"href":"https:\/\/www.huntersfriend.eu\/sv\/wp-json\/wp\/v2\/media\/209962"}],"wp:attachment":[{"href":"https:\/\/www.huntersfriend.eu\/sv\/wp-json\/wp\/v2\/media?parent=288600"}],"wp:term":[{"taxonomy":"product_brand","embeddable":true,"href":"https:\/\/www.huntersfriend.eu\/sv\/wp-json\/wp\/v2\/product_brand?post=288600"},{"taxonomy":"product_cat","embeddable":true,"href":"https:\/\/www.huntersfriend.eu\/sv\/wp-json\/wp\/v2\/product_cat?post=288600"},{"taxonomy":"product_tag","embeddable":true,"href":"https:\/\/www.huntersfriend.eu\/sv\/wp-json\/wp\/v2\/product_tag?post=288600"}],"curies":[{"name":"wp","href":"https:\/\/api.w.org\/{rel}","templated":true}]}}