{"id":288572,"date":"2021-03-05T15:20:30","date_gmt":"2021-03-05T13:20:30","guid":{"rendered":"https:\/\/www.huntersfriend.eu\/product\/sam-neyt-ft3-kraklock\/"},"modified":"2025-08-27T11:24:12","modified_gmt":"2025-08-27T09:24:12","slug":"sam-neyt-ft3-kraklock","status":"publish","type":"product","link":"https:\/\/www.huntersfriend.eu\/sv\/produkt\/sam-neyt-ft3-kraklock\/","title":{"rendered":"Sam neyt FT3 kr\u00e5klock"},"content":{"rendered":"<p>En av de mest popul\u00e4ra handjusterade kr\u00e5klockarna. Den har en tr\u00e4pipa och ett Dureb\u00f6e ABS-munstycke samt ett frostt\u00e5ligt r\u00f6rblad. Den h\u00e4r locket kommer inte att svika dig. Anpassad f\u00f6r europeisk gr\u00e5kr\u00e5ka och kaja. Kan \u00e4ven anv\u00e4ndas f\u00f6r kajor och skator.    <\/p>\n","protected":false},"excerpt":{"rendered":"<p>En av de mest popul\u00e4ra handjusterade kr\u00e5klockarna. Den har en tr\u00e4pipa och ett Dureb\u00f6e ABS-munstycke samt ett frostt\u00e5ligt r\u00f6rblad. Den h\u00e4r locket kommer inte att svika dig. Anpassad f\u00f6r europeisk gr\u00e5kr\u00e5ka och kaja. Kan \u00e4ven anv\u00e4ndas f\u00f6r kajor och skator.<\/p>\n","protected":false},"featured_media":209956,"comment_status":"open","ping_status":"closed","template":"","meta":[],"product_brand":[],"product_cat":[2960],"product_tag":[],"class_list":{"0":"post-288572","1":"product","2":"type-product","3":"status-publish","4":"has-post-thumbnail","6":"product_cat-kraklockar","8":"first","9":"instock","10":"taxable","11":"shipping-taxable","12":"purchasable","13":"product-type-simple"},"composite_virtual":false,"composite_layout":"","composite_add_to_cart_form_location":"","composite_editable_in_cart":false,"composite_sold_individually_context":"","composite_shop_price_calc":"","composite_components":[],"composite_scenarios":[],"group_of_quantity":0,"min_quantity":0,"max_quantity":"","exclude_order_quantity_value_rules":"no","exclude_category_quantity_rules":"no","combine_variations":"no","exclude_global_add_ons":[],"addons":[],"_links":{"self":[{"href":"https:\/\/www.huntersfriend.eu\/sv\/wp-json\/wp\/v2\/product\/288572","targetHints":{"allow":["GET"]}}],"collection":[{"href":"https:\/\/www.huntersfriend.eu\/sv\/wp-json\/wp\/v2\/product"}],"about":[{"href":"https:\/\/www.huntersfriend.eu\/sv\/wp-json\/wp\/v2\/types\/product"}],"replies":[{"embeddable":true,"href":"https:\/\/www.huntersfriend.eu\/sv\/wp-json\/wp\/v2\/comments?post=288572"}],"wp:featuredmedia":[{"embeddable":true,"href":"https:\/\/www.huntersfriend.eu\/sv\/wp-json\/wp\/v2\/media\/209956"}],"wp:attachment":[{"href":"https:\/\/www.huntersfriend.eu\/sv\/wp-json\/wp\/v2\/media?parent=288572"}],"wp:term":[{"taxonomy":"product_brand","embeddable":true,"href":"https:\/\/www.huntersfriend.eu\/sv\/wp-json\/wp\/v2\/product_brand?post=288572"},{"taxonomy":"product_cat","embeddable":true,"href":"https:\/\/www.huntersfriend.eu\/sv\/wp-json\/wp\/v2\/product_cat?post=288572"},{"taxonomy":"product_tag","embeddable":true,"href":"https:\/\/www.huntersfriend.eu\/sv\/wp-json\/wp\/v2\/product_tag?post=288572"}],"curies":[{"name":"wp","href":"https:\/\/api.w.org\/{rel}","templated":true}]}}