{"id":288571,"date":"2021-02-08T15:20:36","date_gmt":"2021-02-08T13:20:36","guid":{"rendered":"https:\/\/www.huntersfriend.eu\/product\/final-approach-hd-helkropps-lockgas-gragas\/"},"modified":"2025-08-27T11:24:22","modified_gmt":"2025-08-27T09:24:22","slug":"final-approach-hd-helkropps-lockgas-gragas","status":"publish","type":"product","link":"https:\/\/www.huntersfriend.eu\/sv\/produkt\/final-approach-hd-helkropps-lockgas-gragas\/","title":{"rendered":"Final Approach HD helkropps lockg\u00e5s gr\u00e5g\u00e5s"},"content":{"rendered":"<p>Ny realistisk och t\u00e5lig gr\u00e5g\u00e5s fr\u00e5n Final Approach. Dessa lockg\u00e4ss inkluderar ett nytt r\u00f6relsesystem. Din flockning kommer till liv med detta nya r\u00f6relsesystem. Lockg\u00e4ss med Zero Gravity Motion System kommer att r\u00f6ra sig i alla riktningar med v\u00e4ldigt lite vind. Att s\u00e4tta upp dem har blivit enklare; bara sl\u00e4pp lockg\u00e5sen p\u00e5 pinnen och g\u00e5 vidare till n\u00e4sta. V\u00e5ra pinnar har v\u00e4ssade spetsar och ett &#8221;T&#8221;-handtag som g\u00f6r det enkelt att trycka ner och dra upp pinnarna ur marken. Du kommer att bli f\u00f6rv\u00e5nad n\u00e4r du ser den verklighetstrogna r\u00f6relsen hos v\u00e5ra lockg\u00e4ss.      <\/p>\n<p>Funktioner:<\/p>\n<ul>\n<li>Nytt &#8221;ZERO GRAVITY&#8221; Motion System-<\/li>\n<li>T\u00e5lig plast med realistisk f\u00e4rgs\u00e4ttning-<\/li>\n<li>Realistisk gr\u00e5 bas-<\/li>\n<li>19-tums fiberpinnar<\/li>\n<li>6-pack inkluderar: 4 betande, 2 st\u00e5ende<\/li>\n<\/ul>\n<p><strong>Obs: Onlinebest\u00e4llningar \u00e4r begr\u00e4nsade till en l\u00e5da per best\u00e4llning. F\u00f6r st\u00f6rre m\u00e4ngder, v\u00e4nligen kontakta kundtj\u00e4nst direkt f\u00f6r att se om leveranskostnader. <\/strong><\/p>\n","protected":false},"excerpt":{"rendered":"<p>6 st \/ f\u00f6rpackning<\/p>\n<p><strong>Obs: Onlinebest\u00e4llningar \u00e4r begr\u00e4nsade till en l\u00e5da per best\u00e4llning. F\u00f6r st\u00f6rre m\u00e4ngder, v\u00e4nligen kontakta kundtj\u00e4nst direkt f\u00f6r att se om leveranskostnader <\/strong><\/p>\n","protected":false},"featured_media":209331,"comment_status":"open","ping_status":"closed","template":"","meta":[],"product_brand":[],"product_cat":[2830],"product_tag":[],"class_list":{"0":"post-288571","1":"product","2":"type-product","3":"status-publish","4":"has-post-thumbnail","6":"product_cat-gasbeten","7":"product_shipping_class-big-sv","9":"first","10":"instock","11":"sale","12":"taxable","13":"shipping-taxable","14":"purchasable","15":"product-type-simple"},"composite_virtual":false,"composite_layout":"","composite_add_to_cart_form_location":"","composite_editable_in_cart":false,"composite_sold_individually_context":"","composite_shop_price_calc":"","composite_components":[],"composite_scenarios":[],"group_of_quantity":0,"min_quantity":0,"max_quantity":"","exclude_order_quantity_value_rules":"no","exclude_category_quantity_rules":"no","combine_variations":"no","exclude_global_add_ons":[],"addons":[],"_links":{"self":[{"href":"https:\/\/www.huntersfriend.eu\/sv\/wp-json\/wp\/v2\/product\/288571","targetHints":{"allow":["GET"]}}],"collection":[{"href":"https:\/\/www.huntersfriend.eu\/sv\/wp-json\/wp\/v2\/product"}],"about":[{"href":"https:\/\/www.huntersfriend.eu\/sv\/wp-json\/wp\/v2\/types\/product"}],"replies":[{"embeddable":true,"href":"https:\/\/www.huntersfriend.eu\/sv\/wp-json\/wp\/v2\/comments?post=288571"}],"wp:featuredmedia":[{"embeddable":true,"href":"https:\/\/www.huntersfriend.eu\/sv\/wp-json\/wp\/v2\/media\/209331"}],"wp:attachment":[{"href":"https:\/\/www.huntersfriend.eu\/sv\/wp-json\/wp\/v2\/media?parent=288571"}],"wp:term":[{"taxonomy":"product_brand","embeddable":true,"href":"https:\/\/www.huntersfriend.eu\/sv\/wp-json\/wp\/v2\/product_brand?post=288571"},{"taxonomy":"product_cat","embeddable":true,"href":"https:\/\/www.huntersfriend.eu\/sv\/wp-json\/wp\/v2\/product_cat?post=288571"},{"taxonomy":"product_tag","embeddable":true,"href":"https:\/\/www.huntersfriend.eu\/sv\/wp-json\/wp\/v2\/product_tag?post=288571"}],"curies":[{"name":"wp","href":"https:\/\/api.w.org\/{rel}","templated":true}]}}