{"id":288570,"date":"2021-03-05T15:20:29","date_gmt":"2021-03-05T13:20:29","guid":{"rendered":"https:\/\/www.huntersfriend.eu\/product\/buck-gardner-droplok-faste-for-lockpipa\/"},"modified":"2025-08-27T11:24:05","modified_gmt":"2025-08-27T09:24:05","slug":"buck-gardner-droplok-faste-for-lockpipa","status":"publish","type":"product","link":"https:\/\/www.huntersfriend.eu\/sv\/produkt\/buck-gardner-droplok-faste-for-lockpipa\/","title":{"rendered":"Buck Gardner DropLok \u2013 f\u00e4ste f\u00f6r lockpipa"},"content":{"rendered":"<p>Anpassa din f\u00e5ngrem med lockpipor n\u00e4r och var du vill genom att anv\u00e4nda Buck Gardner DropLok-f\u00e4ste. Den dubbla \u00f6glan h\u00e5ller b\u00e5de pipdelen och insatsen s\u00e4kert f\u00f6r att f\u00f6rhindra f\u00f6rlorade lockpipor, och gummiskyddet f\u00f6rhindrar irriterande vridningar i dina lockpipeh\u00e5llare. Den praktiska karbinhaken kan f\u00e4stas p\u00e5 vilken f\u00e5ngrem som helst.  <\/p>\n","protected":false},"excerpt":{"rendered":"<p>Anpassa din f\u00e5ngrem med lockpipor n\u00e4r och var du vill genom att anv\u00e4nda Buck Gardner DropLok-f\u00e4ste. Den dubbla \u00f6glan h\u00e5ller b\u00e5de pipdelen och insatsen s\u00e4kert f\u00f6r att f\u00f6rhindra f\u00f6rlorade lockpipor, och gummiskyddet f\u00f6rhindrar irriterande vridningar i dina lockpipeh\u00e5llare. Den praktiska karbinhaken kan f\u00e4stas p\u00e5 vilken f\u00e5ngrem som helst.<\/p>\n","protected":false},"featured_media":208944,"comment_status":"open","ping_status":"closed","template":"","meta":[],"product_brand":[],"product_cat":[2946],"product_tag":[],"class_list":{"0":"post-288570","1":"product","2":"type-product","3":"status-publish","4":"has-post-thumbnail","6":"product_cat-tillbehor-for-lockpipor","8":"first","9":"outofstock","10":"taxable","11":"shipping-taxable","12":"purchasable","13":"product-type-simple"},"composite_virtual":false,"composite_layout":"","composite_add_to_cart_form_location":"","composite_editable_in_cart":false,"composite_sold_individually_context":"","composite_shop_price_calc":"","composite_components":[],"composite_scenarios":[],"group_of_quantity":0,"min_quantity":0,"max_quantity":"","exclude_order_quantity_value_rules":"no","exclude_category_quantity_rules":"no","combine_variations":"no","exclude_global_add_ons":[],"addons":[],"_links":{"self":[{"href":"https:\/\/www.huntersfriend.eu\/sv\/wp-json\/wp\/v2\/product\/288570","targetHints":{"allow":["GET"]}}],"collection":[{"href":"https:\/\/www.huntersfriend.eu\/sv\/wp-json\/wp\/v2\/product"}],"about":[{"href":"https:\/\/www.huntersfriend.eu\/sv\/wp-json\/wp\/v2\/types\/product"}],"replies":[{"embeddable":true,"href":"https:\/\/www.huntersfriend.eu\/sv\/wp-json\/wp\/v2\/comments?post=288570"}],"wp:featuredmedia":[{"embeddable":true,"href":"https:\/\/www.huntersfriend.eu\/sv\/wp-json\/wp\/v2\/media\/208944"}],"wp:attachment":[{"href":"https:\/\/www.huntersfriend.eu\/sv\/wp-json\/wp\/v2\/media?parent=288570"}],"wp:term":[{"taxonomy":"product_brand","embeddable":true,"href":"https:\/\/www.huntersfriend.eu\/sv\/wp-json\/wp\/v2\/product_brand?post=288570"},{"taxonomy":"product_cat","embeddable":true,"href":"https:\/\/www.huntersfriend.eu\/sv\/wp-json\/wp\/v2\/product_cat?post=288570"},{"taxonomy":"product_tag","embeddable":true,"href":"https:\/\/www.huntersfriend.eu\/sv\/wp-json\/wp\/v2\/product_tag?post=288570"}],"curies":[{"name":"wp","href":"https:\/\/api.w.org\/{rel}","templated":true}]}}