{"id":288569,"date":"2021-03-29T14:20:43","date_gmt":"2021-03-29T12:20:43","guid":{"rendered":"https:\/\/www.huntersfriend.eu\/product\/kicks-high-flyer-hagelpatroner-12-cal\/"},"modified":"2026-04-16T07:30:03","modified_gmt":"2026-04-16T05:30:03","slug":"kicks-high-flyer-hagelpatroner-12-cal","status":"publish","type":"product","link":"https:\/\/www.huntersfriend.eu\/sv\/produkt\/kicks-high-flyer-hagelpatroner-12-cal\/","title":{"rendered":"Kicks High Flyer hagelpatroner 12 Cal."},"content":{"rendered":"<p>Kick&#8217;s High Flyer-choker \u00e4r precisionsbearbetade till h\u00f6ga toleransstandarder p\u00e5 datorstyrd utrustning. Materialet i chokerna \u00e4r 17-4 ph-klassat rostfritt st\u00e5l f\u00f6r att producera de b\u00e4sta hagelpatronerna p\u00e5 marknaden idag. High Flyer har en unik konisk\/parallell intern design och Kicks&#8217; exklusiva ut\u00e5tvinklade diagonala portar. Dessa funktioner f\u00f6rb\u00e4ttrar m\u00f6nstert\u00e4theten med upp till 20 %. Den f\u00f6rl\u00e4ngda portade sektionen g\u00f6r ocks\u00e5 uppf\u00f6ljningsskott snabbare och mer exakta genom att minska rekyl och pipuppslag.    <\/p>\n<p>Kick\u2019s High Flyer-choker \u00e4r speciellt utformade f\u00f6r anv\u00e4ndning med Hevi-Shot, st\u00e5l eller bly.<\/p>\n<p>Kick&#8217;s High Flyer Choke Tubes \u00e4r bepr\u00f6vade prestanda. High Flyer Choke-rekommendationer baseras p\u00e5 det avst\u00e5nd du vill uppn\u00e5. F\u00f6rutom sj\u00f6f\u00e5gel fungerar Kick&#8217;s High Flyer-choker utm\u00e4rkt f\u00f6r jakt p\u00e5 duva, h\u00f6glandsvilt eller vaktel.  <\/p>\n<p>F\u00f6r att avg\u00f6ra vilka chokstorlekar som fungerar b\u00e4st f\u00f6r dig eller f\u00f6r att hitta r\u00e4tt chokeg\u00e4nga f\u00f6r ditt hagelgev\u00e4r, anv\u00e4nd Kicks<strong> <a href=\"https:\/\/www.kicks-ind.com\/pages\/choke-selector\">CHOKE SELECTOR TOOL<\/a><\/strong>.<\/p>\n<p>Beretta Optima HP-g\u00e4nga \u00e4r giltig f\u00f6r Beretta hagelgev\u00e4rsmodell A400, SV10 etc.<\/p>\n","protected":false},"excerpt":{"rendered":"<p>Kick&#8217;s High Flyer-choker \u00e4r precisionsbearbetade till h\u00f6ga toleransstandarder p\u00e5 datorstyrd utrustning. Materialet i chokerna \u00e4r 17-4 ph-klassat rostfritt st\u00e5l f\u00f6r att producera de b\u00e4sta hagelpatronerna p\u00e5 marknaden idag. High Flyer har en unik konisk\/parallell intern design och Kicks&#8217; exklusiva ut\u00e5tvinklade diagonala portar. Dessa funktioner f\u00f6rb\u00e4ttrar m\u00f6nstert\u00e4theten med upp till 20 %. Den f\u00f6rl\u00e4ngda portade sektionen [&#8230;]\n","protected":false},"featured_media":201793,"comment_status":"open","ping_status":"closed","template":"","meta":[],"product_brand":[],"product_cat":[2762],"product_tag":[],"class_list":{"0":"post-288569","1":"product","2":"type-product","3":"status-publish","4":"has-post-thumbnail","6":"product_cat-choker","8":"first","9":"instock","10":"taxable","11":"shipping-taxable","12":"purchasable","13":"product-type-variable"},"composite_virtual":false,"composite_layout":"","composite_add_to_cart_form_location":"","composite_editable_in_cart":false,"composite_sold_individually_context":"","composite_shop_price_calc":"","composite_components":[],"composite_scenarios":[],"group_of_quantity":0,"min_quantity":0,"max_quantity":"","exclude_order_quantity_value_rules":"no","exclude_category_quantity_rules":"no","combine_variations":"no","exclude_global_add_ons":[],"addons":[],"_links":{"self":[{"href":"https:\/\/www.huntersfriend.eu\/sv\/wp-json\/wp\/v2\/product\/288569","targetHints":{"allow":["GET"]}}],"collection":[{"href":"https:\/\/www.huntersfriend.eu\/sv\/wp-json\/wp\/v2\/product"}],"about":[{"href":"https:\/\/www.huntersfriend.eu\/sv\/wp-json\/wp\/v2\/types\/product"}],"replies":[{"embeddable":true,"href":"https:\/\/www.huntersfriend.eu\/sv\/wp-json\/wp\/v2\/comments?post=288569"}],"wp:featuredmedia":[{"embeddable":true,"href":"https:\/\/www.huntersfriend.eu\/sv\/wp-json\/wp\/v2\/media\/201793"}],"wp:attachment":[{"href":"https:\/\/www.huntersfriend.eu\/sv\/wp-json\/wp\/v2\/media?parent=288569"}],"wp:term":[{"taxonomy":"product_brand","embeddable":true,"href":"https:\/\/www.huntersfriend.eu\/sv\/wp-json\/wp\/v2\/product_brand?post=288569"},{"taxonomy":"product_cat","embeddable":true,"href":"https:\/\/www.huntersfriend.eu\/sv\/wp-json\/wp\/v2\/product_cat?post=288569"},{"taxonomy":"product_tag","embeddable":true,"href":"https:\/\/www.huntersfriend.eu\/sv\/wp-json\/wp\/v2\/product_tag?post=288569"}],"curies":[{"name":"wp","href":"https:\/\/api.w.org\/{rel}","templated":true}]}}