{"id":288568,"date":"2021-06-01T11:40:34","date_gmt":"2021-06-01T09:40:34","guid":{"rendered":"https:\/\/www.huntersfriend.eu\/product\/bearpaw-armskydd-traditionell\/"},"modified":"2025-08-27T11:24:38","modified_gmt":"2025-08-27T09:24:38","slug":"bearpaw-armskydd-traditionell","status":"publish","type":"product","link":"https:\/\/www.huntersfriend.eu\/sv\/produkt\/bearpaw-armskydd-traditionell\/","title":{"rendered":"Bearpaw armskydd traditionell"},"content":{"rendered":"<p>Armskyddet Traditional \u00e4r en absolut allroundmodell. Det m\u00f6rkbruna l\u00e4dret \u00e4r tillverkat med en f\u00f6rst\u00e4rkning av mocka och skyddar mycket bra mot str\u00e4ngens p\u00e5verkan. <\/p>\n<ul>\n<li>L\u00e4der: Bearpaw-l\u00e4der\u00f6verdel med m\u00f6rkbrun mocka\u00f6verl\u00e4gg<\/li>\n<li>L\u00e4ngd: ca 18 cm<\/li>\n<\/ul>\n","protected":false},"excerpt":{"rendered":"<p>L\u00e4der<\/p>\n","protected":false},"featured_media":217812,"comment_status":"open","ping_status":"closed","template":"","meta":[],"product_brand":[],"product_cat":[2972],"product_tag":[],"class_list":{"0":"post-288568","1":"product","2":"type-product","3":"status-publish","4":"has-post-thumbnail","6":"product_cat-armar-och-traditionella-armskydd","8":"first","9":"instock","10":"taxable","11":"shipping-taxable","12":"purchasable","13":"product-type-simple"},"composite_virtual":false,"composite_layout":"","composite_add_to_cart_form_location":"","composite_editable_in_cart":false,"composite_sold_individually_context":"","composite_shop_price_calc":"","composite_components":[],"composite_scenarios":[],"group_of_quantity":0,"min_quantity":0,"max_quantity":"","exclude_order_quantity_value_rules":"no","exclude_category_quantity_rules":"no","combine_variations":"no","exclude_global_add_ons":[],"addons":[],"_links":{"self":[{"href":"https:\/\/www.huntersfriend.eu\/sv\/wp-json\/wp\/v2\/product\/288568","targetHints":{"allow":["GET"]}}],"collection":[{"href":"https:\/\/www.huntersfriend.eu\/sv\/wp-json\/wp\/v2\/product"}],"about":[{"href":"https:\/\/www.huntersfriend.eu\/sv\/wp-json\/wp\/v2\/types\/product"}],"replies":[{"embeddable":true,"href":"https:\/\/www.huntersfriend.eu\/sv\/wp-json\/wp\/v2\/comments?post=288568"}],"wp:featuredmedia":[{"embeddable":true,"href":"https:\/\/www.huntersfriend.eu\/sv\/wp-json\/wp\/v2\/media\/217812"}],"wp:attachment":[{"href":"https:\/\/www.huntersfriend.eu\/sv\/wp-json\/wp\/v2\/media?parent=288568"}],"wp:term":[{"taxonomy":"product_brand","embeddable":true,"href":"https:\/\/www.huntersfriend.eu\/sv\/wp-json\/wp\/v2\/product_brand?post=288568"},{"taxonomy":"product_cat","embeddable":true,"href":"https:\/\/www.huntersfriend.eu\/sv\/wp-json\/wp\/v2\/product_cat?post=288568"},{"taxonomy":"product_tag","embeddable":true,"href":"https:\/\/www.huntersfriend.eu\/sv\/wp-json\/wp\/v2\/product_tag?post=288568"}],"curies":[{"name":"wp","href":"https:\/\/api.w.org\/{rel}","templated":true}]}}