{"id":288549,"date":"2021-03-03T00:20:56","date_gmt":"2021-03-02T22:20:56","guid":{"rendered":"https:\/\/www.huntersfriend.eu\/product\/hot-shot-accu-peep\/"},"modified":"2026-03-26T13:44:40","modified_gmt":"2026-03-26T11:44:40","slug":"hot-shot-accu-peep","status":"publish","type":"product","link":"https:\/\/www.huntersfriend.eu\/sv\/produkt\/hot-shot-accu-peep\/","title":{"rendered":"Hot shot accu-peep"},"content":{"rendered":"<p>De b\u00e4sta b\u00e5gskyttarna v\u00e4grar att f\u00f6rbise n\u00e5gra detaljer i sitt skytte, oavsett hur sm\u00e5 eller till synes obetydliga de \u00e4r. Ett peep sight \u00e4r en av de detaljerna som kan avg\u00f6ra en jakt. Det \u00e4r d\u00e4rf\u00f6r Hot Shot har skapat Accu-Peep. I motsats till de flesta peep-alternativ har Accu-Peep en konvex design som liknar kikare f\u00f6r att samla och \u00f6verf\u00f6ra s\u00e5 mycket ljus som m\u00f6jligt till skyttens \u00f6ga.   <\/p>\n<p>Funktioner: Intern konvex form som m\u00f6jligg\u00f6r st\u00f6rre ljusinsamling \u00e4n konventionella peep sights och ett bredare synf\u00e4lt \u00e4n konventionella peep sights av liknande storlek.<\/p>\n<p>Tillverkad av flygplansklassad aluminiumkonstruktion och kommer inte att deformeras.<\/p>\n<p>Djupa kanaler, sl\u00e4ta kanter s\u00e4kerst\u00e4ller att servade Peep sights stannar p\u00e5 plats.<\/p>\n<p>Finns i 4 storlekar:<\/p>\n<ul>\n<li>1\/8&#8243; small (6,9gr)<\/li>\n<li>3\/16&#8243; medium (7,5gr)<\/li>\n<li>1\/4&#8243; large (11gr)<\/li>\n<li>5\/16&#8243; XL (13,2gr)<\/li>\n<\/ul>\n","protected":false},"excerpt":{"rendered":"<p>5\/16&#8243; orange<\/p>\n","protected":false},"featured_media":196295,"comment_status":"open","ping_status":"closed","template":"","meta":[],"product_brand":[],"product_cat":[2634],"product_tag":[],"class_list":{"0":"post-288549","1":"product","2":"type-product","3":"status-publish","4":"has-post-thumbnail","6":"product_cat-sikten-nockpunkter-kindpussar-och-tillbehor","8":"first","9":"instock","10":"taxable","11":"shipping-taxable","12":"purchasable","13":"product-type-variable","14":"has-default-attributes"},"composite_virtual":false,"composite_layout":"","composite_add_to_cart_form_location":"","composite_editable_in_cart":false,"composite_sold_individually_context":"","composite_shop_price_calc":"","composite_components":[],"composite_scenarios":[],"group_of_quantity":0,"min_quantity":0,"max_quantity":"","exclude_order_quantity_value_rules":"no","exclude_category_quantity_rules":"no","combine_variations":"no","exclude_global_add_ons":[],"addons":[],"_links":{"self":[{"href":"https:\/\/www.huntersfriend.eu\/sv\/wp-json\/wp\/v2\/product\/288549","targetHints":{"allow":["GET"]}}],"collection":[{"href":"https:\/\/www.huntersfriend.eu\/sv\/wp-json\/wp\/v2\/product"}],"about":[{"href":"https:\/\/www.huntersfriend.eu\/sv\/wp-json\/wp\/v2\/types\/product"}],"replies":[{"embeddable":true,"href":"https:\/\/www.huntersfriend.eu\/sv\/wp-json\/wp\/v2\/comments?post=288549"}],"wp:featuredmedia":[{"embeddable":true,"href":"https:\/\/www.huntersfriend.eu\/sv\/wp-json\/wp\/v2\/media\/196295"}],"wp:attachment":[{"href":"https:\/\/www.huntersfriend.eu\/sv\/wp-json\/wp\/v2\/media?parent=288549"}],"wp:term":[{"taxonomy":"product_brand","embeddable":true,"href":"https:\/\/www.huntersfriend.eu\/sv\/wp-json\/wp\/v2\/product_brand?post=288549"},{"taxonomy":"product_cat","embeddable":true,"href":"https:\/\/www.huntersfriend.eu\/sv\/wp-json\/wp\/v2\/product_cat?post=288549"},{"taxonomy":"product_tag","embeddable":true,"href":"https:\/\/www.huntersfriend.eu\/sv\/wp-json\/wp\/v2\/product_tag?post=288549"}],"curies":[{"name":"wp","href":"https:\/\/api.w.org\/{rel}","templated":true}]}}