{"id":288548,"date":"2021-03-05T12:20:36","date_gmt":"2021-03-05T10:20:36","guid":{"rendered":"https:\/\/www.huntersfriend.eu\/product\/doc-200-rostfritt-stal-rovdjursfalla\/"},"modified":"2025-08-27T11:23:53","modified_gmt":"2025-08-27T09:23:53","slug":"doc-200-rostfritt-stal-rovdjursfalla","status":"publish","type":"product","link":"https:\/\/www.huntersfriend.eu\/sv\/produkt\/doc-200-rostfritt-stal-rovdjursfalla\/","title":{"rendered":"DOC 200 rostfritt st\u00e5l \u2013 rovdjursf\u00e4lla"},"content":{"rendered":"<p>Trapinator Doc 200 rostfri f\u00e4lla \u00e4r den ultimata d\u00f6dsf\u00e4llan f\u00f6r hermeliner, minkar, r\u00e5ttor, vesslor och igelkottar. \u00d6verv\u00e4g att k\u00f6pa tunneln med denna f\u00e4lla. L\u00e4ttviktig och enkel \u00e5tkomst. <\/p>\n<p>Var noga med att alltid kontrollera dina lokala lagar och krav g\u00e4llande anv\u00e4ndningen av denna produkt i ditt land.<\/p>\n","protected":false},"excerpt":{"rendered":"<p>Trapinator Doc 200 rostfri f\u00e4lla \u00e4r den ultimata d\u00f6dsf\u00e4llan f\u00f6r hermeliner, minkar, r\u00e5ttor, vesslor och igelkottar. \u00d6verv\u00e4g att k\u00f6pa tunneln med denna f\u00e4lla. L\u00e4ttviktig och enkel \u00e5tkomst. Var noga med att alltid kontrollera dina lokala lagar och krav g\u00e4llande anv\u00e4ndningen av denna produkt i ditt land.<\/p>\n","protected":false},"featured_media":209316,"comment_status":"open","ping_status":"closed","template":"","meta":[],"product_brand":[],"product_cat":[2696],"product_tag":[],"class_list":{"0":"post-288548","1":"product","2":"type-product","3":"status-publish","4":"has-post-thumbnail","6":"product_cat-fallor-och-fangsttillbehor","8":"first","9":"instock","10":"taxable","11":"shipping-taxable","12":"purchasable","13":"product-type-simple"},"composite_virtual":false,"composite_layout":"","composite_add_to_cart_form_location":"","composite_editable_in_cart":false,"composite_sold_individually_context":"","composite_shop_price_calc":"","composite_components":[],"composite_scenarios":[],"group_of_quantity":0,"min_quantity":0,"max_quantity":"","exclude_order_quantity_value_rules":"no","exclude_category_quantity_rules":"no","combine_variations":"no","exclude_global_add_ons":[],"addons":[],"_links":{"self":[{"href":"https:\/\/www.huntersfriend.eu\/sv\/wp-json\/wp\/v2\/product\/288548","targetHints":{"allow":["GET"]}}],"collection":[{"href":"https:\/\/www.huntersfriend.eu\/sv\/wp-json\/wp\/v2\/product"}],"about":[{"href":"https:\/\/www.huntersfriend.eu\/sv\/wp-json\/wp\/v2\/types\/product"}],"replies":[{"embeddable":true,"href":"https:\/\/www.huntersfriend.eu\/sv\/wp-json\/wp\/v2\/comments?post=288548"}],"wp:featuredmedia":[{"embeddable":true,"href":"https:\/\/www.huntersfriend.eu\/sv\/wp-json\/wp\/v2\/media\/209316"}],"wp:attachment":[{"href":"https:\/\/www.huntersfriend.eu\/sv\/wp-json\/wp\/v2\/media?parent=288548"}],"wp:term":[{"taxonomy":"product_brand","embeddable":true,"href":"https:\/\/www.huntersfriend.eu\/sv\/wp-json\/wp\/v2\/product_brand?post=288548"},{"taxonomy":"product_cat","embeddable":true,"href":"https:\/\/www.huntersfriend.eu\/sv\/wp-json\/wp\/v2\/product_cat?post=288548"},{"taxonomy":"product_tag","embeddable":true,"href":"https:\/\/www.huntersfriend.eu\/sv\/wp-json\/wp\/v2\/product_tag?post=288548"}],"curies":[{"name":"wp","href":"https:\/\/api.w.org\/{rel}","templated":true}]}}