{"id":288547,"date":"2021-06-01T11:40:28","date_gmt":"2021-06-01T09:40:28","guid":{"rendered":"https:\/\/www.huntersfriend.eu\/product\/bearpaw-standardstrang-14-60\/"},"modified":"2026-03-27T10:17:31","modified_gmt":"2026-03-27T08:17:31","slug":"bearpaw-standardstrang-14-60","status":"publish","type":"product","link":"https:\/\/www.huntersfriend.eu\/sv\/produkt\/bearpaw-standardstrang-14-60\/","title":{"rendered":"Bearpaw standardstr\u00e4ng 14\/60&#8243;"},"content":{"rendered":"<p>Varje Endless String tillverkas f\u00f6r hand i v\u00e5r str\u00e4ngtillverkning. Str\u00e4ngmaterialet Traditional Flight (Dacron, B55) garanterar en v\u00e4nlig och f\u00f6rl\u00e5tande skjutkarakt\u00e4r. Tack vare tillverkningsmetoden ger endless-str\u00e4ngen betydligt mer energi till pilen \u00e4n en Flemish-str\u00e4ng.  <\/p>\n<ul>\n<li>Material: Traditional Flight (Dacron, B55)<\/li>\n<li>B\u00e5gl\u00e4ngd och antal tr\u00e5dar: endast erbjudna storlekar och antal tr\u00e5dar<\/li>\n<li>Kvalitet: Tyskt hantverk<\/li>\n<\/ul>\n","protected":false},"excerpt":{"rendered":"<p>Traditional Flight 14 tr\u00e5dar<\/p>\n","protected":false},"featured_media":214367,"comment_status":"open","ping_status":"closed","template":"","meta":[],"product_brand":[],"product_cat":[2971],"product_tag":[],"class_list":{"0":"post-288547","1":"product","2":"type-product","3":"status-publish","4":"has-post-thumbnail","6":"product_cat-recurve-strangar","8":"first","9":"instock","10":"taxable","11":"shipping-taxable","12":"purchasable","13":"product-type-simple"},"composite_virtual":false,"composite_layout":"","composite_add_to_cart_form_location":"","composite_editable_in_cart":false,"composite_sold_individually_context":"","composite_shop_price_calc":"","composite_components":[],"composite_scenarios":[],"group_of_quantity":0,"min_quantity":0,"max_quantity":"","exclude_order_quantity_value_rules":"no","exclude_category_quantity_rules":"no","combine_variations":"no","exclude_global_add_ons":[],"addons":[],"_links":{"self":[{"href":"https:\/\/www.huntersfriend.eu\/sv\/wp-json\/wp\/v2\/product\/288547","targetHints":{"allow":["GET"]}}],"collection":[{"href":"https:\/\/www.huntersfriend.eu\/sv\/wp-json\/wp\/v2\/product"}],"about":[{"href":"https:\/\/www.huntersfriend.eu\/sv\/wp-json\/wp\/v2\/types\/product"}],"replies":[{"embeddable":true,"href":"https:\/\/www.huntersfriend.eu\/sv\/wp-json\/wp\/v2\/comments?post=288547"}],"wp:featuredmedia":[{"embeddable":true,"href":"https:\/\/www.huntersfriend.eu\/sv\/wp-json\/wp\/v2\/media\/214367"}],"wp:attachment":[{"href":"https:\/\/www.huntersfriend.eu\/sv\/wp-json\/wp\/v2\/media?parent=288547"}],"wp:term":[{"taxonomy":"product_brand","embeddable":true,"href":"https:\/\/www.huntersfriend.eu\/sv\/wp-json\/wp\/v2\/product_brand?post=288547"},{"taxonomy":"product_cat","embeddable":true,"href":"https:\/\/www.huntersfriend.eu\/sv\/wp-json\/wp\/v2\/product_cat?post=288547"},{"taxonomy":"product_tag","embeddable":true,"href":"https:\/\/www.huntersfriend.eu\/sv\/wp-json\/wp\/v2\/product_tag?post=288547"}],"curies":[{"name":"wp","href":"https:\/\/api.w.org\/{rel}","templated":true}]}}