{"id":288546,"date":"2021-02-26T15:20:51","date_gmt":"2021-02-26T13:20:51","guid":{"rendered":"https:\/\/www.huntersfriend.eu\/product\/lucky-duck-hd-2-0-fjarrkontrollkit\/"},"modified":"2025-08-27T11:23:53","modified_gmt":"2025-08-27T09:23:53","slug":"lucky-duck-hd-2-0-fjarrkontrollkit","status":"publish","type":"product","link":"https:\/\/www.huntersfriend.eu\/sv\/produkt\/lucky-duck-hd-2-0-fjarrkontrollkit\/","title":{"rendered":"Lucky Duck HD 2.0 fj\u00e4rrkontrollkit"},"content":{"rendered":"<p>Lucky HD Remote Kit 2.0 h\u00e5ller dig dold fr\u00e5n inkommande \u00e4nders vakande \u00f6ga. Anv\u00e4nd HD-fj\u00e4rrkontrollkitet f\u00f6r att styra lockf\u00e5glar fr\u00e5n en dold plats upp till 90 meter bort. Med (3) kanalalternativ kan du styra olika lockf\u00e5glar p\u00e5 olika kanaler (vattenr\u00f6relse kontra spinnare) och ha m\u00f6jlighet att styra lockf\u00e5glar fr\u00e5n mer \u00e4n en fj\u00e4rrkontroll. Anv\u00e4nd l\u00e4gesomkopplaren f\u00f6r att k\u00f6ra lockf\u00e5glar i antingen konstant eller intermittent l\u00e4ge utan att avsl\u00f6ja din position. En snabbsynkroniseringsknapp m\u00f6jligg\u00f6r anv\u00e4ndning av flera andlockf\u00e5glar fr\u00e5n 1 s\u00e4ndare (varje lockf\u00e5gel kr\u00e4ver Lucky Duck HD-mottagare 2.0) samtidigt som den har en separat p\u00e5\/av-knapp.    <\/p>\n<p>&nbsp;<\/p>\n<ul>\n<li>Ny ergonomisk design \u00e4r extremt vattent\u00e5lig<\/li>\n<li>Styr dina motoriserade Lucky Duck-lockf\u00e5glar medan du h\u00e5ller dig dold i din g\u00f6msle<\/li>\n<li>3 kanalalternativ inneb\u00e4r att du kan styra olika lockf\u00e5glar p\u00e5 olika kanaler (vattenr\u00f6relse kontra spinnare)<\/li>\n<li>M\u00f6jlighet att styra lockf\u00e5glar fr\u00e5n mer \u00e4n en fj\u00e4rrkontroll<\/li>\n<li>K\u00f6r flera lockf\u00e5glar fr\u00e5n en fj\u00e4rrkontroll \u2013 varje lockf\u00e5gel beh\u00f6ver en HD-mottagare<\/li>\n<li>Kompatibel med de flesta Lucky Duck-r\u00f6relselockf\u00e5glar<\/li>\n<li>P\u00e5\/av-knapp f\u00f6r intermittent eller konstant l\u00e4ge<\/li>\n<li>Fj\u00e4rrkontrollens r\u00e4ckvidd upp till 90 m<\/li>\n<li>Inkluderar krok f\u00f6r enkel fasts\u00e4ttning p\u00e5 din f\u00e5ngstrem<\/li>\n<li>Batteri 23A\/A23 (ing\u00e5r ej)<\/li>\n<\/ul>\n","protected":false},"excerpt":{"rendered":"<p>Kaukos\u00e4\u00e4din Lucky Duck -tuotteille<\/p>\n","protected":false},"featured_media":220572,"comment_status":"open","ping_status":"closed","template":"","meta":[],"product_brand":[],"product_cat":[2528],"product_tag":[],"class_list":{"0":"post-288546","1":"product","2":"type-product","3":"status-publish","4":"has-post-thumbnail","6":"product_cat-rorliga-lockfaglar","8":"first","9":"instock","10":"taxable","11":"shipping-taxable","12":"purchasable","13":"product-type-simple"},"composite_virtual":false,"composite_layout":"","composite_add_to_cart_form_location":"","composite_editable_in_cart":false,"composite_sold_individually_context":"","composite_shop_price_calc":"","composite_components":[],"composite_scenarios":[],"group_of_quantity":0,"min_quantity":0,"max_quantity":"","exclude_order_quantity_value_rules":"no","exclude_category_quantity_rules":"no","combine_variations":"no","exclude_global_add_ons":[],"addons":[],"_links":{"self":[{"href":"https:\/\/www.huntersfriend.eu\/sv\/wp-json\/wp\/v2\/product\/288546","targetHints":{"allow":["GET"]}}],"collection":[{"href":"https:\/\/www.huntersfriend.eu\/sv\/wp-json\/wp\/v2\/product"}],"about":[{"href":"https:\/\/www.huntersfriend.eu\/sv\/wp-json\/wp\/v2\/types\/product"}],"replies":[{"embeddable":true,"href":"https:\/\/www.huntersfriend.eu\/sv\/wp-json\/wp\/v2\/comments?post=288546"}],"wp:featuredmedia":[{"embeddable":true,"href":"https:\/\/www.huntersfriend.eu\/sv\/wp-json\/wp\/v2\/media\/220572"}],"wp:attachment":[{"href":"https:\/\/www.huntersfriend.eu\/sv\/wp-json\/wp\/v2\/media?parent=288546"}],"wp:term":[{"taxonomy":"product_brand","embeddable":true,"href":"https:\/\/www.huntersfriend.eu\/sv\/wp-json\/wp\/v2\/product_brand?post=288546"},{"taxonomy":"product_cat","embeddable":true,"href":"https:\/\/www.huntersfriend.eu\/sv\/wp-json\/wp\/v2\/product_cat?post=288546"},{"taxonomy":"product_tag","embeddable":true,"href":"https:\/\/www.huntersfriend.eu\/sv\/wp-json\/wp\/v2\/product_tag?post=288546"}],"curies":[{"name":"wp","href":"https:\/\/api.w.org\/{rel}","templated":true}]}}