{"id":288545,"date":"2021-02-25T12:22:35","date_gmt":"2021-02-25T10:22:35","guid":{"rendered":"https:\/\/www.huntersfriend.eu\/product\/sista-inflygning-sista-pass-metallben\/"},"modified":"2025-08-27T11:23:51","modified_gmt":"2025-08-27T09:23:51","slug":"sista-inflygning-sista-pass-metallben","status":"publish","type":"product","link":"https:\/\/www.huntersfriend.eu\/sv\/produkt\/sista-inflygning-sista-pass-metallben\/","title":{"rendered":"Sista inflygning sista pass metallben"},"content":{"rendered":"<p>Den h\u00e4r produkten \u00e4r endast metallbenet. Lockf\u00e5gel ing\u00e5r inte. <\/p>\n<p>&nbsp;<\/p>\n<p>F\u00f6r kr\u00e5k- och duvlockf\u00e5glar.<\/p>\n<p>&nbsp;<\/p>\n<p>F\u00f6rpackningen inneh\u00e5ller 12 ben<\/p>\n","protected":false},"excerpt":{"rendered":"<p>Den h\u00e4r produkten \u00e4r endast metallbenet. Lockf\u00e5gel ing\u00e5r inte. &nbsp; F\u00f6r kr\u00e5k- och duvlockf\u00e5glar. &nbsp; F\u00f6rpackningen inneh\u00e5ller 12 ben<\/p>\n","protected":false},"featured_media":213247,"comment_status":"open","ping_status":"closed","template":"","meta":[],"product_brand":[],"product_cat":[2803],"product_tag":[],"class_list":{"0":"post-288545","1":"product","2":"type-product","3":"status-publish","4":"has-post-thumbnail","6":"product_cat-tillbehor-for-beten","8":"first","9":"instock","10":"taxable","11":"shipping-taxable","12":"purchasable","13":"product-type-simple"},"composite_virtual":false,"composite_layout":"","composite_add_to_cart_form_location":"","composite_editable_in_cart":false,"composite_sold_individually_context":"","composite_shop_price_calc":"","composite_components":[],"composite_scenarios":[],"group_of_quantity":0,"min_quantity":0,"max_quantity":"","exclude_order_quantity_value_rules":"no","exclude_category_quantity_rules":"no","combine_variations":"no","exclude_global_add_ons":[],"addons":[],"_links":{"self":[{"href":"https:\/\/www.huntersfriend.eu\/sv\/wp-json\/wp\/v2\/product\/288545","targetHints":{"allow":["GET"]}}],"collection":[{"href":"https:\/\/www.huntersfriend.eu\/sv\/wp-json\/wp\/v2\/product"}],"about":[{"href":"https:\/\/www.huntersfriend.eu\/sv\/wp-json\/wp\/v2\/types\/product"}],"replies":[{"embeddable":true,"href":"https:\/\/www.huntersfriend.eu\/sv\/wp-json\/wp\/v2\/comments?post=288545"}],"wp:featuredmedia":[{"embeddable":true,"href":"https:\/\/www.huntersfriend.eu\/sv\/wp-json\/wp\/v2\/media\/213247"}],"wp:attachment":[{"href":"https:\/\/www.huntersfriend.eu\/sv\/wp-json\/wp\/v2\/media?parent=288545"}],"wp:term":[{"taxonomy":"product_brand","embeddable":true,"href":"https:\/\/www.huntersfriend.eu\/sv\/wp-json\/wp\/v2\/product_brand?post=288545"},{"taxonomy":"product_cat","embeddable":true,"href":"https:\/\/www.huntersfriend.eu\/sv\/wp-json\/wp\/v2\/product_cat?post=288545"},{"taxonomy":"product_tag","embeddable":true,"href":"https:\/\/www.huntersfriend.eu\/sv\/wp-json\/wp\/v2\/product_tag?post=288545"}],"curies":[{"name":"wp","href":"https:\/\/api.w.org\/{rel}","templated":true}]}}