{"id":288544,"date":"2021-03-05T12:20:35","date_gmt":"2021-03-05T10:20:35","guid":{"rendered":"https:\/\/www.huntersfriend.eu\/product\/doc-200-rovdjursfalla\/"},"modified":"2026-04-10T09:29:24","modified_gmt":"2026-04-10T07:29:24","slug":"doc-200-rovdjursfalla","status":"publish","type":"product","link":"https:\/\/www.huntersfriend.eu\/sv\/produkt\/doc-200-rovdjursfalla\/","title":{"rendered":"DOC 200 &#8211; rovdjursf\u00e4lla"},"content":{"rendered":"<p>Trapinator Doc 200-f\u00e4lla f\u00f6r hermeliner, minkar, r\u00e5ttor och vesslor. \u00d6verv\u00e4ger att k\u00f6pa tunneln med denna f\u00e4lla. L\u00e4ttviktig och enkel \u00e5tkomst.  <\/p>\n<p>Var noga med att alltid kontrollera dina lokala lagar och krav g\u00e4llande anv\u00e4ndningen av denna produkt i ditt land.<\/p>\n<p>&nbsp;<\/p>\n<table class=\"woocommerce-product-attributes shop_attributes\">\n<tbody>\n<tr class=\"woocommerce-product-attributes-item woocommerce-product-attributes-item--attribute_dimensions\">\n<th class=\"woocommerce-product-attributes-item__label\">M\u00e5tt<\/th>\n<td class=\"woocommerce-product-attributes-item__value\">l 19 x h 19 x b 13 (cm)<\/td>\n<\/tr>\n<\/tbody>\n<\/table>\n<p>Leverans \u00e4r begr\u00e4nsad till 4 f\u00f6r onlinebest\u00e4llningar. F\u00f6r st\u00f6rre best\u00e4llningar, v\u00e4nligen kontakta oss direkt f\u00f6r fraktkostnader. <\/p>\n","protected":false},"excerpt":{"rendered":"<p>Trapinator Doc 200-f\u00e4lla f\u00f6r hermeliner, minkar, r\u00e5ttor och vesslor. \u00d6verv\u00e4ger att k\u00f6pa tunneln med denna f\u00e4lla. L\u00e4ttviktig och enkel \u00e5tkomst. Var noga med att alltid kontrollera dina lokala lagar och krav g\u00e4llande anv\u00e4ndningen av denna produkt i ditt land. &nbsp; M\u00e5tt l 19 x h 19 x b 13 (cm) Leverans \u00e4r begr\u00e4nsad till 4 [&#8230;]\n","protected":false},"featured_media":209313,"comment_status":"open","ping_status":"closed","template":"","meta":[],"product_brand":[],"product_cat":[2696],"product_tag":[],"class_list":{"0":"post-288544","1":"product","2":"type-product","3":"status-publish","4":"has-post-thumbnail","6":"product_cat-fallor-och-fangsttillbehor","7":"product_shipping_class-medium-sv","9":"first","10":"outofstock","11":"taxable","12":"shipping-taxable","13":"purchasable","14":"product-type-simple"},"composite_virtual":false,"composite_layout":"","composite_add_to_cart_form_location":"","composite_editable_in_cart":false,"composite_sold_individually_context":"","composite_shop_price_calc":"","composite_components":[],"composite_scenarios":[],"group_of_quantity":0,"min_quantity":0,"max_quantity":"","exclude_order_quantity_value_rules":"no","exclude_category_quantity_rules":"no","combine_variations":"no","exclude_global_add_ons":[],"addons":[],"_links":{"self":[{"href":"https:\/\/www.huntersfriend.eu\/sv\/wp-json\/wp\/v2\/product\/288544","targetHints":{"allow":["GET"]}}],"collection":[{"href":"https:\/\/www.huntersfriend.eu\/sv\/wp-json\/wp\/v2\/product"}],"about":[{"href":"https:\/\/www.huntersfriend.eu\/sv\/wp-json\/wp\/v2\/types\/product"}],"replies":[{"embeddable":true,"href":"https:\/\/www.huntersfriend.eu\/sv\/wp-json\/wp\/v2\/comments?post=288544"}],"wp:featuredmedia":[{"embeddable":true,"href":"https:\/\/www.huntersfriend.eu\/sv\/wp-json\/wp\/v2\/media\/209313"}],"wp:attachment":[{"href":"https:\/\/www.huntersfriend.eu\/sv\/wp-json\/wp\/v2\/media?parent=288544"}],"wp:term":[{"taxonomy":"product_brand","embeddable":true,"href":"https:\/\/www.huntersfriend.eu\/sv\/wp-json\/wp\/v2\/product_brand?post=288544"},{"taxonomy":"product_cat","embeddable":true,"href":"https:\/\/www.huntersfriend.eu\/sv\/wp-json\/wp\/v2\/product_cat?post=288544"},{"taxonomy":"product_tag","embeddable":true,"href":"https:\/\/www.huntersfriend.eu\/sv\/wp-json\/wp\/v2\/product_tag?post=288544"}],"curies":[{"name":"wp","href":"https:\/\/api.w.org\/{rel}","templated":true}]}}