{"id":288541,"date":"2021-02-09T22:22:13","date_gmt":"2021-02-09T20:22:13","guid":{"rendered":"https:\/\/www.huntersfriend.eu\/product\/slutlig-inflygning-sista-passet-gasbulvanvaska\/"},"modified":"2025-10-29T10:09:42","modified_gmt":"2025-10-29T08:09:42","slug":"slutlig-inflygning-sista-passet-gasbulvanvaska","status":"publish","type":"product","link":"https:\/\/www.huntersfriend.eu\/sv\/produkt\/slutlig-inflygning-sista-passet-gasbulvanvaska\/","title":{"rendered":"Slutlig inflygning sista passet g\u00e5sbulvanv\u00e4ska"},"content":{"rendered":"<p>Skydda dina bulvaner och h\u00e5ll ordning. Den h\u00e4r v\u00e4skan passar bra ihop med v\u00e5ra Lesser full bodies, Specklebelly full bodies, Snow Goose full bodies, Last Pass Canada Goose Floaters, Last Pass Specklebelly Floaters och Snow Goose Floaters. Sex fack f\u00f6r g\u00e5sbulvaner  <\/p>\n<p>&nbsp;<\/p>\n<p><b>FUNKTIONER<\/b><\/p>\n<ul>\n<li>Dragsko upptill f\u00f6r extra skydd<\/li>\n<li>Levereras med b\u00e4rremmar och axelremmar<\/li>\n<li>Sidofack f\u00f6r tillbeh\u00f6r<\/li>\n<li>Kraftiga material<\/li>\n<li>Facken \u00e4r 9&#8243; x 9&#8243; x 17&#8243;<\/li>\n<\/ul>\n","protected":false},"excerpt":{"rendered":"<p>Skydda dina bulvaner och h\u00e5ll ordning. Den h\u00e4r v\u00e4skan passar bra ihop med v\u00e5ra Lesser full bodies, Specklebelly full bodies, Snow Goose full bodies, Last Pass Canada Goose Floaters, Last Pass Specklebelly Floaters och Snow Goose Floaters. Sex fack f\u00f6r g\u00e5sbulvaner &nbsp; FUNKTIONER Dragsko upptill f\u00f6r extra skydd Levereras med b\u00e4rremmar och axelremmar Sidofack f\u00f6r [&#8230;]\n","protected":false},"featured_media":209367,"comment_status":"open","ping_status":"closed","template":"","meta":[],"product_brand":[],"product_cat":[2818],"product_tag":[],"class_list":{"0":"post-288541","1":"product","2":"type-product","3":"status-publish","4":"has-post-thumbnail","6":"product_cat-lockfagelsvaskor","8":"first","9":"outofstock","10":"taxable","11":"shipping-taxable","12":"purchasable","13":"product-type-simple"},"composite_virtual":false,"composite_layout":"","composite_add_to_cart_form_location":"","composite_editable_in_cart":false,"composite_sold_individually_context":"","composite_shop_price_calc":"","composite_components":[],"composite_scenarios":[],"group_of_quantity":0,"min_quantity":0,"max_quantity":"","exclude_order_quantity_value_rules":"no","exclude_category_quantity_rules":"no","combine_variations":"no","exclude_global_add_ons":[],"addons":[],"_links":{"self":[{"href":"https:\/\/www.huntersfriend.eu\/sv\/wp-json\/wp\/v2\/product\/288541","targetHints":{"allow":["GET"]}}],"collection":[{"href":"https:\/\/www.huntersfriend.eu\/sv\/wp-json\/wp\/v2\/product"}],"about":[{"href":"https:\/\/www.huntersfriend.eu\/sv\/wp-json\/wp\/v2\/types\/product"}],"replies":[{"embeddable":true,"href":"https:\/\/www.huntersfriend.eu\/sv\/wp-json\/wp\/v2\/comments?post=288541"}],"wp:featuredmedia":[{"embeddable":true,"href":"https:\/\/www.huntersfriend.eu\/sv\/wp-json\/wp\/v2\/media\/209367"}],"wp:attachment":[{"href":"https:\/\/www.huntersfriend.eu\/sv\/wp-json\/wp\/v2\/media?parent=288541"}],"wp:term":[{"taxonomy":"product_brand","embeddable":true,"href":"https:\/\/www.huntersfriend.eu\/sv\/wp-json\/wp\/v2\/product_brand?post=288541"},{"taxonomy":"product_cat","embeddable":true,"href":"https:\/\/www.huntersfriend.eu\/sv\/wp-json\/wp\/v2\/product_cat?post=288541"},{"taxonomy":"product_tag","embeddable":true,"href":"https:\/\/www.huntersfriend.eu\/sv\/wp-json\/wp\/v2\/product_tag?post=288541"}],"curies":[{"name":"wp","href":"https:\/\/api.w.org\/{rel}","templated":true}]}}