{"id":288540,"date":"2021-03-05T12:20:27","date_gmt":"2021-03-05T10:20:27","guid":{"rendered":"https:\/\/www.huntersfriend.eu\/product\/doljstang-for-kamouflagenat-economy\/"},"modified":"2025-08-27T11:23:48","modified_gmt":"2025-08-27T09:23:48","slug":"doljstang-for-kamouflagenat-economy","status":"publish","type":"product","link":"https:\/\/www.huntersfriend.eu\/sv\/produkt\/doljstang-for-kamouflagenat-economy\/","title":{"rendered":"D\u00f6ljst\u00e5ng f\u00f6r kamouflagen\u00e4t, economy"},"content":{"rendered":"<p>Teleskopisk d\u00f6ljst\u00e5ng f\u00f6r kamouflagen\u00e4t. Justerbar l\u00e4ngd fr\u00e5n 95 till 150 cm. Material: pulverlackerat st\u00e5l.  <\/p>\n","protected":false},"excerpt":{"rendered":"<p>Teleskopisk d\u00f6ljst\u00e5ng f\u00f6r kamouflagen\u00e4t. Justerbar l\u00e4ngd fr\u00e5n 95 till 150 cm. Material: pulverlackerat st\u00e5l.<\/p>\n","protected":false},"featured_media":208791,"comment_status":"open","ping_status":"closed","template":"","meta":[],"product_brand":[],"product_cat":[2562],"product_tag":[],"class_list":{"0":"post-288540","1":"product","2":"type-product","3":"status-publish","4":"has-post-thumbnail","6":"product_cat-material-och-tillbehor","8":"first","9":"instock","10":"taxable","11":"shipping-taxable","12":"purchasable","13":"product-type-simple"},"composite_virtual":false,"composite_layout":"","composite_add_to_cart_form_location":"","composite_editable_in_cart":false,"composite_sold_individually_context":"","composite_shop_price_calc":"","composite_components":[],"composite_scenarios":[],"group_of_quantity":0,"min_quantity":0,"max_quantity":"","exclude_order_quantity_value_rules":"no","exclude_category_quantity_rules":"no","combine_variations":"no","exclude_global_add_ons":[],"addons":[],"_links":{"self":[{"href":"https:\/\/www.huntersfriend.eu\/sv\/wp-json\/wp\/v2\/product\/288540","targetHints":{"allow":["GET"]}}],"collection":[{"href":"https:\/\/www.huntersfriend.eu\/sv\/wp-json\/wp\/v2\/product"}],"about":[{"href":"https:\/\/www.huntersfriend.eu\/sv\/wp-json\/wp\/v2\/types\/product"}],"replies":[{"embeddable":true,"href":"https:\/\/www.huntersfriend.eu\/sv\/wp-json\/wp\/v2\/comments?post=288540"}],"wp:featuredmedia":[{"embeddable":true,"href":"https:\/\/www.huntersfriend.eu\/sv\/wp-json\/wp\/v2\/media\/208791"}],"wp:attachment":[{"href":"https:\/\/www.huntersfriend.eu\/sv\/wp-json\/wp\/v2\/media?parent=288540"}],"wp:term":[{"taxonomy":"product_brand","embeddable":true,"href":"https:\/\/www.huntersfriend.eu\/sv\/wp-json\/wp\/v2\/product_brand?post=288540"},{"taxonomy":"product_cat","embeddable":true,"href":"https:\/\/www.huntersfriend.eu\/sv\/wp-json\/wp\/v2\/product_cat?post=288540"},{"taxonomy":"product_tag","embeddable":true,"href":"https:\/\/www.huntersfriend.eu\/sv\/wp-json\/wp\/v2\/product_tag?post=288540"}],"curies":[{"name":"wp","href":"https:\/\/api.w.org\/{rel}","templated":true}]}}