{"id":288537,"date":"2021-02-17T00:01:31","date_gmt":"2021-02-16T22:01:31","guid":{"rendered":"https:\/\/www.huntersfriend.eu\/product\/truglo-loc-dwn-4-pilkoger\/"},"modified":"2025-08-27T11:23:42","modified_gmt":"2025-08-27T09:23:42","slug":"truglo-loc-dwn-4-pilkoger","status":"publish","type":"product","link":"https:\/\/www.huntersfriend.eu\/sv\/produkt\/truglo-loc-dwn-4-pilkoger\/","title":{"rendered":"Truglo loc dwn 4 pilkoger"},"content":{"rendered":"<ul>\n<li>TWIST\u2022LOCK monteringssystem<\/li>\n<li>V\u00e4ger mindre \u00e4n 225 g<\/li>\n<li>S\u00e4ker design med dubbla grepp<\/li>\n<li>Monteringsf\u00e4stet justeras upp\u00e5t\/ned\u00e5t f\u00f6r att passa alla b\u00e5gar b\u00e4ttre<\/li>\n<li>Gummihuva reducerar ljud och sl\u00f6ar inte ner spetsar<\/li>\n<li>Passar b\u00e5de kolfiber- och aluminiumpilar<\/li>\n<li>Passar b\u00e5de mekaniska spetsar och spetsar med fast blad<\/li>\n<li>Passar b\u00e5de v\u00e4nster- och h\u00f6gerh\u00e4nta b\u00e5gar<\/li>\n<li>TRU\u2022TOUCH teknisk bel\u00e4ggning med mjuk k\u00e4nsla<\/li>\n<\/ul>\n<p>&nbsp;<\/p>\n","protected":false},"excerpt":{"rendered":"<p>4 pilars camo eller svart<\/p>\n","protected":false},"featured_media":195346,"comment_status":"open","ping_status":"closed","template":"","meta":[],"product_brand":[],"product_cat":[2895],"product_tag":[],"class_list":{"0":"post-288537","1":"product","2":"type-product","3":"status-publish","4":"has-post-thumbnail","6":"product_cat-koger-for-pilbage-och-jakt","8":"first","9":"instock","10":"taxable","11":"shipping-taxable","12":"purchasable","13":"product-type-variable"},"composite_virtual":false,"composite_layout":"","composite_add_to_cart_form_location":"","composite_editable_in_cart":false,"composite_sold_individually_context":"","composite_shop_price_calc":"","composite_components":[],"composite_scenarios":[],"group_of_quantity":0,"min_quantity":0,"max_quantity":"","exclude_order_quantity_value_rules":"no","exclude_category_quantity_rules":"no","combine_variations":"no","exclude_global_add_ons":[],"addons":[],"_links":{"self":[{"href":"https:\/\/www.huntersfriend.eu\/sv\/wp-json\/wp\/v2\/product\/288537","targetHints":{"allow":["GET"]}}],"collection":[{"href":"https:\/\/www.huntersfriend.eu\/sv\/wp-json\/wp\/v2\/product"}],"about":[{"href":"https:\/\/www.huntersfriend.eu\/sv\/wp-json\/wp\/v2\/types\/product"}],"replies":[{"embeddable":true,"href":"https:\/\/www.huntersfriend.eu\/sv\/wp-json\/wp\/v2\/comments?post=288537"}],"wp:featuredmedia":[{"embeddable":true,"href":"https:\/\/www.huntersfriend.eu\/sv\/wp-json\/wp\/v2\/media\/195346"}],"wp:attachment":[{"href":"https:\/\/www.huntersfriend.eu\/sv\/wp-json\/wp\/v2\/media?parent=288537"}],"wp:term":[{"taxonomy":"product_brand","embeddable":true,"href":"https:\/\/www.huntersfriend.eu\/sv\/wp-json\/wp\/v2\/product_brand?post=288537"},{"taxonomy":"product_cat","embeddable":true,"href":"https:\/\/www.huntersfriend.eu\/sv\/wp-json\/wp\/v2\/product_cat?post=288537"},{"taxonomy":"product_tag","embeddable":true,"href":"https:\/\/www.huntersfriend.eu\/sv\/wp-json\/wp\/v2\/product_tag?post=288537"}],"curies":[{"name":"wp","href":"https:\/\/api.w.org\/{rel}","templated":true}]}}