{"id":288536,"date":"2021-02-09T22:22:12","date_gmt":"2021-02-09T20:22:12","guid":{"rendered":"https:\/\/www.huntersfriend.eu\/product\/final-approach-standard-natvaska-for-beten\/"},"modified":"2025-11-05T15:56:07","modified_gmt":"2025-11-05T13:56:07","slug":"final-approach-standard-natvaska-for-beten","status":"publish","type":"product","link":"https:\/\/www.huntersfriend.eu\/sv\/produkt\/final-approach-standard-natvaska-for-beten\/","title":{"rendered":"Final Approach standard n\u00e4tv\u00e4ska f\u00f6r beten"},"content":{"rendered":"<div>H\u00e5ll ordning och var redo f\u00f6r en promenad till ditt favoritst\u00e4lle f\u00f6r \u00e4nder. Den h\u00e4r betesv\u00e4skan rymmer upp till 36 standardstorlekar av andbeten eller 18 extra stora magnum-beten. <\/div>\n<ul>\n<li>N\u00e4tv\u00e4ska f\u00f6r beten<\/li>\n<li>Rymmer upp till 36 standardstorlekar av andbeten eller 18 extra stora magnum-beten<\/li>\n<li>Praktisk dragsko av nylon med enkel \u00f6ppnings-\/st\u00e4ngningspropp<\/li>\n<li>Bekv\u00e4ma axelremmar av nylonv\u00e4v<\/li>\n<li>Sj\u00e4lvl\u00e4nsande n\u00e4tmaterial<\/li>\n<li>53 cm H x 91 cm B x 41 cm D<\/li>\n<\/ul>\n","protected":false},"excerpt":{"rendered":"<p>FA Brun<\/p>\n","protected":false},"featured_media":209364,"comment_status":"open","ping_status":"closed","template":"","meta":[],"product_brand":[],"product_cat":[2818],"product_tag":[],"class_list":{"0":"post-288536","1":"product","2":"type-product","3":"status-publish","4":"has-post-thumbnail","6":"product_cat-lockfagelsvaskor","8":"first","9":"outofstock","10":"taxable","11":"shipping-taxable","12":"purchasable","13":"product-type-simple"},"composite_virtual":false,"composite_layout":"","composite_add_to_cart_form_location":"","composite_editable_in_cart":false,"composite_sold_individually_context":"","composite_shop_price_calc":"","composite_components":[],"composite_scenarios":[],"group_of_quantity":0,"min_quantity":0,"max_quantity":"","exclude_order_quantity_value_rules":"no","exclude_category_quantity_rules":"no","combine_variations":"no","exclude_global_add_ons":[],"addons":[],"_links":{"self":[{"href":"https:\/\/www.huntersfriend.eu\/sv\/wp-json\/wp\/v2\/product\/288536","targetHints":{"allow":["GET"]}}],"collection":[{"href":"https:\/\/www.huntersfriend.eu\/sv\/wp-json\/wp\/v2\/product"}],"about":[{"href":"https:\/\/www.huntersfriend.eu\/sv\/wp-json\/wp\/v2\/types\/product"}],"replies":[{"embeddable":true,"href":"https:\/\/www.huntersfriend.eu\/sv\/wp-json\/wp\/v2\/comments?post=288536"}],"wp:featuredmedia":[{"embeddable":true,"href":"https:\/\/www.huntersfriend.eu\/sv\/wp-json\/wp\/v2\/media\/209364"}],"wp:attachment":[{"href":"https:\/\/www.huntersfriend.eu\/sv\/wp-json\/wp\/v2\/media?parent=288536"}],"wp:term":[{"taxonomy":"product_brand","embeddable":true,"href":"https:\/\/www.huntersfriend.eu\/sv\/wp-json\/wp\/v2\/product_brand?post=288536"},{"taxonomy":"product_cat","embeddable":true,"href":"https:\/\/www.huntersfriend.eu\/sv\/wp-json\/wp\/v2\/product_cat?post=288536"},{"taxonomy":"product_tag","embeddable":true,"href":"https:\/\/www.huntersfriend.eu\/sv\/wp-json\/wp\/v2\/product_tag?post=288536"}],"curies":[{"name":"wp","href":"https:\/\/api.w.org\/{rel}","templated":true}]}}