{"id":288530,"date":"2021-02-08T15:20:36","date_gmt":"2021-02-08T13:20:36","guid":{"rendered":"https:\/\/www.huntersfriend.eu\/product\/sista-inflygningen-sista-passagen-grasand-8-honor-4-drakar\/"},"modified":"2025-08-27T11:23:36","modified_gmt":"2025-08-27T09:23:36","slug":"sista-inflygningen-sista-passagen-grasand-8-honor-4-drakar","status":"publish","type":"product","link":"https:\/\/www.huntersfriend.eu\/sv\/produkt\/sista-inflygningen-sista-passagen-grasand-8-honor-4-drakar\/","title":{"rendered":"Sista inflygningen sista passagen gr\u00e4sand 8 honor 4 drakar"},"content":{"rendered":"<p>T\u00e5lig lockf\u00e5gel till ett fantastiskt pris med en snygg lackering. Dessa lockf\u00e5glar \u00e4r l\u00e4tta och mindre \u00e4n v\u00e5ra Live Series-gr\u00e4s\u00e4nder, vilket g\u00f6r dem perfekta f\u00f6r l\u00e5nga promenader till jaktplatser eller f\u00f6r att f\u00e5 plats med fler lockf\u00e5glar i en n\u00e4tkasse eller liten b\u00e5t. <\/p>\n<ul>\n<li>12-pack<\/li>\n<li>SAMMA ROBUSTA KONSTRUKTION OCH H\u00c5LLBARHET SOM ALLTID!<\/li>\n<li>Nya sniderier fr\u00e5n 17-faldiga v\u00e4rldsm\u00e4staren Pat Godin!<\/li>\n<li>Perfekt f\u00f6r att \u00f6ka antalet i din flock<\/li>\n<li>L\u00e4ttvikt<\/li>\n<li>Robust design i ett stycke,<\/li>\n<li>Viktad k\u00f6l och sladdl\u00e5ssystem<\/li>\n<li>Inkluderar: 4 drakar och 8 honor<\/li>\n<\/ul>\n<p><strong>Obs: Onlinebest\u00e4llningar \u00e4r begr\u00e4nsade till en l\u00e5da per best\u00e4llning. F\u00f6r st\u00f6rre m\u00e4ngder, v\u00e4nligen kontakta kundtj\u00e4nst direkt f\u00f6r att se om leveranskostnader. <\/strong><\/p>\n","protected":false},"excerpt":{"rendered":"<p>12 st\/f\u00f6rpackning<\/p>\n<p><strong>Obs: Onlinebest\u00e4llningar \u00e4r begr\u00e4nsade till en l\u00e5da per best\u00e4llning. F\u00f6r st\u00f6rre m\u00e4ngder, v\u00e4nligen kontakta kundtj\u00e4nst direkt f\u00f6r att se om leveranskostnader. <\/strong><\/p>\n","protected":false},"featured_media":230908,"comment_status":"open","ping_status":"closed","template":"","meta":[],"product_brand":[],"product_cat":[2527],"product_tag":[],"class_list":{"0":"post-288530","1":"product","2":"type-product","3":"status-publish","4":"has-post-thumbnail","6":"product_cat-andbeten","7":"product_shipping_class-big-sv","9":"first","10":"instock","11":"sale","12":"taxable","13":"shipping-taxable","14":"purchasable","15":"product-type-simple"},"composite_virtual":false,"composite_layout":"","composite_add_to_cart_form_location":"","composite_editable_in_cart":false,"composite_sold_individually_context":"","composite_shop_price_calc":"","composite_components":[],"composite_scenarios":[],"group_of_quantity":0,"min_quantity":0,"max_quantity":"","exclude_order_quantity_value_rules":"no","exclude_category_quantity_rules":"no","combine_variations":"no","exclude_global_add_ons":[],"addons":[],"_links":{"self":[{"href":"https:\/\/www.huntersfriend.eu\/sv\/wp-json\/wp\/v2\/product\/288530","targetHints":{"allow":["GET"]}}],"collection":[{"href":"https:\/\/www.huntersfriend.eu\/sv\/wp-json\/wp\/v2\/product"}],"about":[{"href":"https:\/\/www.huntersfriend.eu\/sv\/wp-json\/wp\/v2\/types\/product"}],"replies":[{"embeddable":true,"href":"https:\/\/www.huntersfriend.eu\/sv\/wp-json\/wp\/v2\/comments?post=288530"}],"wp:featuredmedia":[{"embeddable":true,"href":"https:\/\/www.huntersfriend.eu\/sv\/wp-json\/wp\/v2\/media\/230908"}],"wp:attachment":[{"href":"https:\/\/www.huntersfriend.eu\/sv\/wp-json\/wp\/v2\/media?parent=288530"}],"wp:term":[{"taxonomy":"product_brand","embeddable":true,"href":"https:\/\/www.huntersfriend.eu\/sv\/wp-json\/wp\/v2\/product_brand?post=288530"},{"taxonomy":"product_cat","embeddable":true,"href":"https:\/\/www.huntersfriend.eu\/sv\/wp-json\/wp\/v2\/product_cat?post=288530"},{"taxonomy":"product_tag","embeddable":true,"href":"https:\/\/www.huntersfriend.eu\/sv\/wp-json\/wp\/v2\/product_tag?post=288530"}],"curies":[{"name":"wp","href":"https:\/\/api.w.org\/{rel}","templated":true}]}}