{"id":288524,"date":"2021-06-01T14:20:31","date_gmt":"2021-06-01T12:20:31","guid":{"rendered":"https:\/\/www.huntersfriend.eu\/product\/bearpaw-finger-tab-med-separator\/"},"modified":"2025-08-27T11:24:38","modified_gmt":"2025-08-27T09:24:38","slug":"bearpaw-finger-tab-med-separator","status":"publish","type":"product","link":"https:\/\/www.huntersfriend.eu\/sv\/produkt\/bearpaw-finger-tab-med-separator\/","title":{"rendered":"Bearpaw finger Tab med separator"},"content":{"rendered":"<p>L\u00e4derfliken \u00e5tnjuter fortfarande en mycket h\u00f6g popularitet. Det tjocka och sl\u00e4ta l\u00e4dret i v\u00e5r l\u00e4derflik ger det b\u00e4sta skyddet f\u00f6r dina fingrar mot str\u00e4ngen. Dess plastseparator \u00e4r integrerad mellan l\u00e5ng- och pekfingret f\u00f6r att ge en idealisk positionering f\u00f6r dina fingrar.  <\/p>\n<p>Bildf\u00e4rgen kan skilja sig fr\u00e5n produkten!<\/p>\n<ul>\n<li>Storlekar: XS, S, M, L, XL<\/li>\n<li>Material l\u00e4derflik: N\u00f6tskinn<\/li>\n<li>Versioner: h\u00f6ger eller v\u00e4nsterh\u00e4nt<\/li>\n<\/ul>\n","protected":false},"excerpt":{"rendered":"<p>L\u00e4derfliken \u00e5tnjuter fortfarande en mycket h\u00f6g popularitet. Det tjocka och sl\u00e4ta l\u00e4dret i v\u00e5r l\u00e4derflik ger det b\u00e4sta skyddet f\u00f6r dina fingrar mot str\u00e4ngen. Dess plastseparator \u00e4r integrerad mellan l\u00e5ng- och pekfingret f\u00f6r att ge en idealisk positionering f\u00f6r dina fingrar. Bildf\u00e4rgen kan skilja sig fr\u00e5n produkten! Storlekar: XS, S, M, L, XL Material l\u00e4derflik: [&#8230;]\n","protected":false},"featured_media":205159,"comment_status":"open","ping_status":"closed","template":"","meta":[],"product_brand":[],"product_cat":[2974],"product_tag":[],"class_list":{"0":"post-288524","1":"product","2":"type-product","3":"status-publish","4":"has-post-thumbnail","6":"product_cat-flikar","8":"first","9":"instock","10":"taxable","11":"shipping-taxable","12":"purchasable","13":"product-type-variable"},"composite_virtual":false,"composite_layout":"","composite_add_to_cart_form_location":"","composite_editable_in_cart":false,"composite_sold_individually_context":"","composite_shop_price_calc":"","composite_components":[],"composite_scenarios":[],"group_of_quantity":0,"min_quantity":0,"max_quantity":"","exclude_order_quantity_value_rules":"no","exclude_category_quantity_rules":"no","combine_variations":"no","exclude_global_add_ons":[],"addons":[],"_links":{"self":[{"href":"https:\/\/www.huntersfriend.eu\/sv\/wp-json\/wp\/v2\/product\/288524","targetHints":{"allow":["GET"]}}],"collection":[{"href":"https:\/\/www.huntersfriend.eu\/sv\/wp-json\/wp\/v2\/product"}],"about":[{"href":"https:\/\/www.huntersfriend.eu\/sv\/wp-json\/wp\/v2\/types\/product"}],"replies":[{"embeddable":true,"href":"https:\/\/www.huntersfriend.eu\/sv\/wp-json\/wp\/v2\/comments?post=288524"}],"wp:featuredmedia":[{"embeddable":true,"href":"https:\/\/www.huntersfriend.eu\/sv\/wp-json\/wp\/v2\/media\/205159"}],"wp:attachment":[{"href":"https:\/\/www.huntersfriend.eu\/sv\/wp-json\/wp\/v2\/media?parent=288524"}],"wp:term":[{"taxonomy":"product_brand","embeddable":true,"href":"https:\/\/www.huntersfriend.eu\/sv\/wp-json\/wp\/v2\/product_brand?post=288524"},{"taxonomy":"product_cat","embeddable":true,"href":"https:\/\/www.huntersfriend.eu\/sv\/wp-json\/wp\/v2\/product_cat?post=288524"},{"taxonomy":"product_tag","embeddable":true,"href":"https:\/\/www.huntersfriend.eu\/sv\/wp-json\/wp\/v2\/product_tag?post=288524"}],"curies":[{"name":"wp","href":"https:\/\/api.w.org\/{rel}","templated":true}]}}