{"id":288523,"date":"2021-09-28T10:41:23","date_gmt":"2021-09-28T08:41:23","guid":{"rendered":"https:\/\/www.huntersfriend.eu\/product\/alps-zenith-18-c-sovsack\/"},"modified":"2025-08-27T11:23:33","modified_gmt":"2025-08-27T09:23:33","slug":"alps-zenith-18-c-sovsack","status":"publish","type":"product","link":"https:\/\/www.huntersfriend.eu\/sv\/produkt\/alps-zenith-18-c-sovsack\/","title":{"rendered":"Alps Zenith -18 \u00b0C sovs\u00e4ck"},"content":{"rendered":"<p>De dunfyllda sovs\u00e4ckarna i Zenith-serien \u00e4r designade och byggda f\u00f6r h\u00f6g prestanda. Zenith \u00e4r tillverkad av ett slitstarkt ripstop-skal i polyester med ett mjukt polyesterfoder och RDS-certifierat 600-fill hydrofobiskt dun. Designen har en konturformad huva och mumieform som hj\u00e4lper till att st\u00e4nga in v\u00e4rmen. F\u00f6r extra v\u00e4rmebeh\u00e5llning har Zenith en isolerad br\u00f6st- och dragkedjeklaff \u2013 som h\u00e5ller v\u00e4rmen inne och den kalla nattluften ute. En medf\u00f6ljande kompressionsp\u00e5se g\u00f6r att den l\u00e4tta dunv\u00e4skan kan komprimeras mindre \u00e4n andra v\u00e4skor, s\u00e5 att du har gott om plats i din packning f\u00f6r annan utrustning och v\u00e4sentligheter. Zenith erbjuds i flera storlekar och temperaturer f\u00f6r att passa de flesta. H\u00e5ll v\u00e4rme, komfort och viktbesparingar h\u00f6gst upp p\u00e5 din prioritetslista \u2013 prova Zenith p\u00e5 ditt n\u00e4sta backpacking\u00e4ventyr!      <\/p>\n<p>\u2022 hydrofobiskt dun<\/p>\n<p>\u2022 #8 separerande dragkedjor<\/p>\n<p>\u2022 Isolerad br\u00f6st- och dragkedjeklaff<\/p>\n<p>\u2022 Yttertyg i ripstop-polyester<\/p>\n<p>\u2022 Polyesterfoder<\/p>\n<p>\u2022 Kompressionspackp\u00e5se<\/p>\n<table border=\"3\">\n<tbody>\n<tr>\n<th colspan=\"2\">Normal<\/th>\n<\/tr>\n<tr align=\"CENTER\">\n<td><b>M\u00e5tt<\/b><\/td>\n<td>31&#8243; x 80&#8243;<\/td>\n<\/tr>\n<tr align=\"CENTER\">\n<td><b>Fyllningsvikt<\/b><\/td>\n<td>33 oz.<\/td>\n<\/tr>\n<tr align=\"CENTER\">\n<td><b>Total vikt<\/b><\/td>\n<td>3 lbs. 5 oz. <\/td>\n<\/tr>\n<tr align=\"CENTER\">\n<td><b>Storlek p\u00e5 packp\u00e5se<\/b><\/td>\n<td>7&#8243; x 18&#8243;<\/td>\n<\/tr>\n<tr>\n<th colspan=\"2\">L\u00e5ng<\/th>\n<\/tr>\n<tr align=\"CENTER\">\n<td><b>M\u00e5tt<\/b><\/td>\n<td>32&#8243; x 86&#8243;<\/td>\n<\/tr>\n<tr align=\"CENTER\">\n<td><b>Fyllningsvikt<\/b><\/td>\n<td>35 oz.<\/td>\n<\/tr>\n<tr align=\"CENTER\">\n<td><b>Total vikt<\/b><\/td>\n<td>3 lbs. 10 oz. <\/td>\n<\/tr>\n<tr align=\"CENTER\">\n<td><b>Storlek p\u00e5 packp\u00e5se<\/b><\/td>\n<td>9&#8243; x 18&#8243;<\/td>\n<\/tr>\n<\/tbody>\n<\/table>\n","protected":false},"excerpt":{"rendered":"<p>Normal &#8211; Gr\u00e5 \/ R\u00f6d<\/p>\n","protected":false},"featured_media":215845,"comment_status":"open","ping_status":"closed","template":"","meta":[],"product_brand":[],"product_cat":[878],"product_tag":[],"class_list":{"0":"post-288523","1":"product","2":"type-product","3":"status-publish","4":"has-post-thumbnail","6":"product_cat-uncategorized-sv","8":"first","9":"outofstock","10":"taxable","11":"shipping-taxable","12":"product-type-simple"},"composite_virtual":false,"composite_layout":"","composite_add_to_cart_form_location":"","composite_editable_in_cart":false,"composite_sold_individually_context":"","composite_shop_price_calc":"","composite_components":[],"composite_scenarios":[],"group_of_quantity":0,"min_quantity":0,"max_quantity":"","exclude_order_quantity_value_rules":"no","exclude_category_quantity_rules":"no","combine_variations":"no","exclude_global_add_ons":[],"addons":[],"_links":{"self":[{"href":"https:\/\/www.huntersfriend.eu\/sv\/wp-json\/wp\/v2\/product\/288523","targetHints":{"allow":["GET"]}}],"collection":[{"href":"https:\/\/www.huntersfriend.eu\/sv\/wp-json\/wp\/v2\/product"}],"about":[{"href":"https:\/\/www.huntersfriend.eu\/sv\/wp-json\/wp\/v2\/types\/product"}],"replies":[{"embeddable":true,"href":"https:\/\/www.huntersfriend.eu\/sv\/wp-json\/wp\/v2\/comments?post=288523"}],"wp:featuredmedia":[{"embeddable":true,"href":"https:\/\/www.huntersfriend.eu\/sv\/wp-json\/wp\/v2\/media\/215845"}],"wp:attachment":[{"href":"https:\/\/www.huntersfriend.eu\/sv\/wp-json\/wp\/v2\/media?parent=288523"}],"wp:term":[{"taxonomy":"product_brand","embeddable":true,"href":"https:\/\/www.huntersfriend.eu\/sv\/wp-json\/wp\/v2\/product_brand?post=288523"},{"taxonomy":"product_cat","embeddable":true,"href":"https:\/\/www.huntersfriend.eu\/sv\/wp-json\/wp\/v2\/product_cat?post=288523"},{"taxonomy":"product_tag","embeddable":true,"href":"https:\/\/www.huntersfriend.eu\/sv\/wp-json\/wp\/v2\/product_tag?post=288523"}],"curies":[{"name":"wp","href":"https:\/\/api.w.org\/{rel}","templated":true}]}}