{"id":288517,"date":"2021-09-23T14:28:19","date_gmt":"2021-09-23T12:28:19","guid":{"rendered":"https:\/\/www.huntersfriend.eu\/product\/cbe-cx5-carbon-bar-5pin-019-svart-rh-lh\/"},"modified":"2025-08-27T11:23:28","modified_gmt":"2025-08-27T09:23:28","slug":"cbe-cx5-carbon-bar-5pin-019-svart-rh-lh","status":"publish","type":"product","link":"https:\/\/www.huntersfriend.eu\/sv\/produkt\/cbe-cx5-carbon-bar-5pin-019-svart-rh-lh\/","title":{"rendered":"CBE CX5 Carbon Bar 5PIN .019 \/ SVART RH\/LH"},"content":{"rendered":"<p>Med en vikt p\u00e5 endast 255 gram sparar CX5 on\u00f6dig vikt genom att vara utrustad med en f\u00f6rl\u00e4ngningsst\u00e5ng av h\u00f6gmodulig kolfiber. Kolfiberst\u00e5ngen g\u00f6r inte bara siktet extremt l\u00e4tt, utan ocks\u00e5 extremt styvt, medan laxstj\u00e4rtmonteringsf\u00e4stena, justeringsskenorna och kikarsikteshuset \u00e4r tillverkade av aluminium f\u00f6r att \u00f6ka h\u00e5llbarheten. Med m\u00f6jligheten att justera b\u00e5de den andra och tredje axeln erbjuder CX5 alla f\u00f6rstklassiga siktfunktioner som b\u00e5gj\u00e4gare och b\u00e5gskyttar beh\u00f6ver. Med de fem .019 Blade-Style-n\u00e5larna, 12&#8243; fiberoptik per n\u00e5l och ett medf\u00f6ljande reostatljus \u00e4r d\u00e5liga ljusf\u00f6rh\u00e5llanden inget problem. De mikrojusterbara och multipla monteringspositionerna f\u00f6r h\u00f6jd- och sidjustering g\u00f6r siktningen enklare \u00e4n n\u00e5gonsin. CX5 \u00e4r ambidextri\u00f6s och levereras som ett h\u00f6gersikt, men kan enkelt konverteras f\u00f6r v\u00e4nsterh\u00e4nta. Ut\u00f6ver reostatljuset levereras CX5 med totalt fyra olikf\u00e4rgade peep-inriktningsringar f\u00f6r att enkelt anpassa siktet efter respektive behov.      <\/p>\n","protected":false},"excerpt":{"rendered":"<p>5 pin Svart 0.019, RH\/LH<\/p>\n","protected":false},"featured_media":220854,"comment_status":"open","ping_status":"closed","template":"","meta":[],"product_brand":[],"product_cat":[2690],"product_tag":[],"class_list":{"0":"post-288517","1":"product","2":"type-product","3":"status-publish","4":"has-post-thumbnail","6":"product_cat-bagjaktsikten","8":"first","9":"instock","10":"taxable","11":"shipping-taxable","12":"purchasable","13":"product-type-simple"},"composite_virtual":false,"composite_layout":"","composite_add_to_cart_form_location":"","composite_editable_in_cart":false,"composite_sold_individually_context":"","composite_shop_price_calc":"","composite_components":[],"composite_scenarios":[],"group_of_quantity":0,"min_quantity":0,"max_quantity":"","exclude_order_quantity_value_rules":"no","exclude_category_quantity_rules":"no","combine_variations":"no","exclude_global_add_ons":[],"addons":[],"_links":{"self":[{"href":"https:\/\/www.huntersfriend.eu\/sv\/wp-json\/wp\/v2\/product\/288517","targetHints":{"allow":["GET"]}}],"collection":[{"href":"https:\/\/www.huntersfriend.eu\/sv\/wp-json\/wp\/v2\/product"}],"about":[{"href":"https:\/\/www.huntersfriend.eu\/sv\/wp-json\/wp\/v2\/types\/product"}],"replies":[{"embeddable":true,"href":"https:\/\/www.huntersfriend.eu\/sv\/wp-json\/wp\/v2\/comments?post=288517"}],"wp:featuredmedia":[{"embeddable":true,"href":"https:\/\/www.huntersfriend.eu\/sv\/wp-json\/wp\/v2\/media\/220854"}],"wp:attachment":[{"href":"https:\/\/www.huntersfriend.eu\/sv\/wp-json\/wp\/v2\/media?parent=288517"}],"wp:term":[{"taxonomy":"product_brand","embeddable":true,"href":"https:\/\/www.huntersfriend.eu\/sv\/wp-json\/wp\/v2\/product_brand?post=288517"},{"taxonomy":"product_cat","embeddable":true,"href":"https:\/\/www.huntersfriend.eu\/sv\/wp-json\/wp\/v2\/product_cat?post=288517"},{"taxonomy":"product_tag","embeddable":true,"href":"https:\/\/www.huntersfriend.eu\/sv\/wp-json\/wp\/v2\/product_tag?post=288517"}],"curies":[{"name":"wp","href":"https:\/\/api.w.org\/{rel}","templated":true}]}}