{"id":288516,"date":"2021-09-28T10:41:28","date_gmt":"2021-09-28T08:41:28","guid":{"rendered":"https:\/\/www.huntersfriend.eu\/product\/grim-reaper-razortip\/"},"modified":"2025-08-27T11:23:30","modified_gmt":"2025-08-27T09:23:30","slug":"grim-reaper-razortip","status":"publish","type":"product","link":"https:\/\/www.huntersfriend.eu\/sv\/produkt\/grim-reaper-razortip\/","title":{"rendered":"Grim reaper razortip"},"content":{"rendered":"<p>I \u00f6ver 20 \u00e5r har Grim Reapers original &#8221;Razortip&#8221; bevisat sig i f\u00e4lt som en kraft att r\u00e4kna med. Razortips 0,035&#8243; tjocka 440 SS-blad kombinerat med nya flygplansklassade aluminiumholkar g\u00f6r det till det tuffaste, skarpaste och mest penetrerande Grim Reaper-bredhuvudet n\u00e5gonsin! <\/p>\n<p>Fortfarande originalet och fortfarande det b\u00e4sta.<\/p>\n<p>Skruva p\u00e5 ett i dag och &#8221;<strong>WATCH &#8217;EM DROP<\/strong>&#8221;!<\/p>\n","protected":false},"excerpt":{"rendered":"<p>3-blads 3-pack<\/p>\n","protected":false},"featured_media":215140,"comment_status":"open","ping_status":"closed","template":"","meta":[],"product_brand":[],"product_cat":[2647],"product_tag":[],"class_list":{"0":"post-288516","1":"product","2":"type-product","3":"status-publish","4":"has-post-thumbnail","6":"product_cat-broadheads-jakt","8":"first","9":"instock","10":"taxable","11":"shipping-taxable","12":"purchasable","13":"product-type-variable"},"composite_virtual":false,"composite_layout":"","composite_add_to_cart_form_location":"","composite_editable_in_cart":false,"composite_sold_individually_context":"","composite_shop_price_calc":"","composite_components":[],"composite_scenarios":[],"group_of_quantity":0,"min_quantity":0,"max_quantity":"","exclude_order_quantity_value_rules":"no","exclude_category_quantity_rules":"no","combine_variations":"no","exclude_global_add_ons":[],"addons":[],"_links":{"self":[{"href":"https:\/\/www.huntersfriend.eu\/sv\/wp-json\/wp\/v2\/product\/288516","targetHints":{"allow":["GET"]}}],"collection":[{"href":"https:\/\/www.huntersfriend.eu\/sv\/wp-json\/wp\/v2\/product"}],"about":[{"href":"https:\/\/www.huntersfriend.eu\/sv\/wp-json\/wp\/v2\/types\/product"}],"replies":[{"embeddable":true,"href":"https:\/\/www.huntersfriend.eu\/sv\/wp-json\/wp\/v2\/comments?post=288516"}],"wp:featuredmedia":[{"embeddable":true,"href":"https:\/\/www.huntersfriend.eu\/sv\/wp-json\/wp\/v2\/media\/215140"}],"wp:attachment":[{"href":"https:\/\/www.huntersfriend.eu\/sv\/wp-json\/wp\/v2\/media?parent=288516"}],"wp:term":[{"taxonomy":"product_brand","embeddable":true,"href":"https:\/\/www.huntersfriend.eu\/sv\/wp-json\/wp\/v2\/product_brand?post=288516"},{"taxonomy":"product_cat","embeddable":true,"href":"https:\/\/www.huntersfriend.eu\/sv\/wp-json\/wp\/v2\/product_cat?post=288516"},{"taxonomy":"product_tag","embeddable":true,"href":"https:\/\/www.huntersfriend.eu\/sv\/wp-json\/wp\/v2\/product_tag?post=288516"}],"curies":[{"name":"wp","href":"https:\/\/api.w.org\/{rel}","templated":true}]}}