{"id":288511,"date":"2021-09-23T14:28:18","date_gmt":"2021-09-23T12:28:18","guid":{"rendered":"https:\/\/www.huntersfriend.eu\/product\/avalon-tec-116-mjukt-bagfodral\/"},"modified":"2025-08-27T11:23:27","modified_gmt":"2025-08-27T09:23:27","slug":"avalon-tec-116-mjukt-bagfodral","status":"publish","type":"product","link":"https:\/\/www.huntersfriend.eu\/sv\/produkt\/avalon-tec-116-mjukt-bagfodral\/","title":{"rendered":"Avalon tec 116 mjukt b\u00e5gfodral"},"content":{"rendered":"<p>Helt svart mjukt fodral f\u00f6r compoundb\u00e5ge fr\u00e5n Avalon.<\/p>\n<ul>\n<li>Tillverkad av ripstop-tyg.<\/li>\n<li>Ryggs\u00e4cksslingor g\u00f6r det enkelt att b\u00e4ra fodralet p\u00e5 en cykel.<\/li>\n<li>Slingorna kan enkelt d\u00f6ljas med kardborreflikar.<\/li>\n<li>Axelrem ing\u00e5r ocks\u00e5.<\/li>\n<li>Vadderade kamskydd \u00e4r installerade inuti fodralet.<\/li>\n<li>B\u00e5gen kan fixeras med kardborreband.<\/li>\n<li>Flera tillbeh\u00f6rs- och stabilisatorfickor.<\/li>\n<li>MTM ultra kompakt h\u00e5rt fodral passar i pilfacket.<\/li>\n<li>Innerm\u00e5tt: 110 cm x 35 cm x 11 cm<\/li>\n<\/ul>\n","protected":false},"excerpt":{"rendered":"<p>110*35*11 cm<\/p>\n","protected":false},"featured_media":266024,"comment_status":"open","ping_status":"closed","template":"","meta":[],"product_brand":[],"product_cat":[2886],"product_tag":[],"class_list":{"0":"post-288511","1":"product","2":"type-product","3":"status-publish","4":"has-post-thumbnail","6":"product_cat-mjuka-fodral-compound","7":"product_shipping_class-medium-sv","9":"first","10":"instock","11":"taxable","12":"shipping-taxable","13":"purchasable","14":"product-type-simple"},"composite_virtual":false,"composite_layout":"","composite_add_to_cart_form_location":"","composite_editable_in_cart":false,"composite_sold_individually_context":"","composite_shop_price_calc":"","composite_components":[],"composite_scenarios":[],"group_of_quantity":0,"min_quantity":0,"max_quantity":"","exclude_order_quantity_value_rules":"no","exclude_category_quantity_rules":"no","combine_variations":"no","exclude_global_add_ons":[],"addons":[],"_links":{"self":[{"href":"https:\/\/www.huntersfriend.eu\/sv\/wp-json\/wp\/v2\/product\/288511","targetHints":{"allow":["GET"]}}],"collection":[{"href":"https:\/\/www.huntersfriend.eu\/sv\/wp-json\/wp\/v2\/product"}],"about":[{"href":"https:\/\/www.huntersfriend.eu\/sv\/wp-json\/wp\/v2\/types\/product"}],"replies":[{"embeddable":true,"href":"https:\/\/www.huntersfriend.eu\/sv\/wp-json\/wp\/v2\/comments?post=288511"}],"wp:featuredmedia":[{"embeddable":true,"href":"https:\/\/www.huntersfriend.eu\/sv\/wp-json\/wp\/v2\/media\/266024"}],"wp:attachment":[{"href":"https:\/\/www.huntersfriend.eu\/sv\/wp-json\/wp\/v2\/media?parent=288511"}],"wp:term":[{"taxonomy":"product_brand","embeddable":true,"href":"https:\/\/www.huntersfriend.eu\/sv\/wp-json\/wp\/v2\/product_brand?post=288511"},{"taxonomy":"product_cat","embeddable":true,"href":"https:\/\/www.huntersfriend.eu\/sv\/wp-json\/wp\/v2\/product_cat?post=288511"},{"taxonomy":"product_tag","embeddable":true,"href":"https:\/\/www.huntersfriend.eu\/sv\/wp-json\/wp\/v2\/product_tag?post=288511"}],"curies":[{"name":"wp","href":"https:\/\/api.w.org\/{rel}","templated":true}]}}