{"id":288510,"date":"2021-09-28T10:41:25","date_gmt":"2021-09-28T08:41:25","guid":{"rendered":"https:\/\/www.huntersfriend.eu\/product\/alps-clear-passage-vattentat-packpase\/"},"modified":"2026-03-26T13:44:45","modified_gmt":"2026-03-26T11:44:45","slug":"alps-clear-passage-vattentat-packpase","status":"publish","type":"product","link":"https:\/\/www.huntersfriend.eu\/sv\/produkt\/alps-clear-passage-vattentat-packpase\/","title":{"rendered":"Alps Clear Passage vattent\u00e4t packp\u00e5se"},"content":{"rendered":"<p>ALPS Mountaineering Clear Passage-serien erbjuder slitstarka, medeltunga vattent\u00e4ta packp\u00e5sar tillverkade av t\u00e5ligt, vattent\u00e4tt TPU-material och 420D nylon TPU-belagd botten, med helsvetsade s\u00f6mmar. P\u00e5sens \u00f6verl\u00e4gsna konstruktion tillsammans med en s\u00e4ker rulltoppf\u00f6rslutning st\u00e4nger ute vatten och erbjuder en stark vattenbarri\u00e4r i v\u00e5ta milj\u00f6er. En ovalformad, platt botten hj\u00e4lper p\u00e5sarna att st\u00e5 p\u00e5 egen hand och g\u00f6r dem l\u00e4tta att fylla. En D-ringf\u00e4stpunkt ing\u00e5r f\u00f6r ytterligare fasts\u00e4ttning av utrustning, stapling eller fasts\u00e4ttning p\u00e5 din vattenfarkost. De mest \u00e4ventyrliga kan inte g\u00e5 fel med Clear Passage-serien. Erbjuds i kapaciteter f\u00f6r att passa dina behov: 5L, 10L, 20L och 35L.     <\/p>\n<p>\u2022 Klar TPU huvudmaterial f\u00f6r att snabbt hitta f\u00f6rem\u00e5l<\/p>\n<p>\u2022 Bottenmaterialet \u00e4r slitstarkt, medeltungt 420D nylon TPU f\u00f6r h\u00e5llbarhet<\/p>\n<p>\u2022 Ovalformad platt botten hj\u00e4lper till att f\u00f6rhindra rullning och \u00e4r l\u00e4ttare att stapla<\/p>\n<p>\u2022 En D-ringf\u00e4stpunkt<\/p>\n<p>\u2022 S\u00e4ker rulltoppf\u00f6rslutning<\/p>\n<p>\u2022 Starka, helsvetsade s\u00f6mmar<\/p>\n<table border=\"3\">\n<tbody>\n<tr>\n<th colspan=\"2\">5 L<\/th>\n<\/tr>\n<tr align=\"CENTER\">\n<td><b>Kapacitet<\/b><\/td>\n<td>5 L \/ 305 in\u00b3<\/td>\n<\/tr>\n<tr align=\"CENTER\">\n<td><b>L\u00e4ngd<\/b><\/td>\n<td>7&#8243;<\/td>\n<\/tr>\n<tr align=\"CENTER\">\n<td><b>Diameter<\/b><\/td>\n<td>4&#8243;<\/td>\n<\/tr>\n<tr align=\"CENTER\">\n<td><b>H\u00f6jd<\/b><\/td>\n<td>11&#8243;<\/td>\n<\/tr>\n<tr align=\"CENTER\">\n<td><b>Vikt<\/b><\/td>\n<td>4 oz.<\/td>\n<\/tr>\n<tr>\n<th colspan=\"2\">10 L<\/th>\n<\/tr>\n<tr align=\"CENTER\">\n<td><b>Kapacitet<\/b><\/td>\n<td>10 L \/ 610 in\u00b3<\/td>\n<\/tr>\n<tr align=\"CENTER\">\n<td><b>L\u00e4ngd<\/b><\/td>\n<td>9&#8243;<\/td>\n<\/tr>\n<tr align=\"CENTER\">\n<td><b>Diameter<\/b><\/td>\n<td>5&#8243;<\/td>\n<\/tr>\n<tr align=\"CENTER\">\n<td><b>H\u00f6jd<\/b><\/td>\n<td>14&#8243;<\/td>\n<\/tr>\n<tr align=\"CENTER\">\n<td><b>Vikt<\/b><\/td>\n<td>4.8 oz.<\/td>\n<\/tr>\n<tr>\n<th colspan=\"2\">20 L<\/th>\n<\/tr>\n<tr align=\"CENTER\">\n<td><b>Kapacitet<\/b><\/td>\n<td>20 L \/ 1220 in\u00b3<\/td>\n<\/tr>\n<tr align=\"CENTER\">\n<td><b>L\u00e4ngd<\/b><\/td>\n<td>11&#8243;<\/td>\n<\/tr>\n<tr align=\"CENTER\">\n<td><b>Diameter<\/b><\/td>\n<td>7&#8243;<\/td>\n<\/tr>\n<tr align=\"CENTER\">\n<td><b>H\u00f6jd<\/b><\/td>\n<td>16&#8243;<\/td>\n<\/tr>\n<tr align=\"CENTER\">\n<td><b>Vikt<\/b><\/td>\n<td>6.4 oz.<\/td>\n<\/tr>\n<tr>\n<th colspan=\"2\">35 L<\/th>\n<\/tr>\n<tr align=\"CENTER\">\n<td><b>Kapacitet<\/b><\/td>\n<td>35 L \/ 2135 in\u00b3<\/td>\n<\/tr>\n<tr align=\"CENTER\">\n<td><b>L\u00e4ngd<\/b><\/td>\n<td>13&#8243;<\/td>\n<\/tr>\n<tr align=\"CENTER\">\n<td><b>Diameter<\/b><\/td>\n<td>8&#8243;<\/td>\n<\/tr>\n<tr align=\"CENTER\">\n<td><b>H\u00f6jd<\/b><\/td>\n<td>21&#8243;<\/td>\n<\/tr>\n<tr align=\"CENTER\">\n<td><b>Vikt<\/b><\/td>\n<td>9.6 oz.<\/td>\n<\/tr>\n<\/tbody>\n<\/table>\n","protected":false},"excerpt":{"rendered":"<p>ALPS Mountaineering Clear Passage-serien erbjuder slitstarka, medeltunga vattent\u00e4ta packp\u00e5sar tillverkade av t\u00e5ligt, vattent\u00e4tt TPU-material och 420D nylon TPU-belagd botten, med helsvetsade s\u00f6mmar. P\u00e5sens \u00f6verl\u00e4gsna konstruktion tillsammans med en s\u00e4ker rulltoppf\u00f6rslutning st\u00e4nger ute vatten och erbjuder en stark vattenbarri\u00e4r i v\u00e5ta milj\u00f6er. En ovalformad, platt botten hj\u00e4lper p\u00e5sarna att st\u00e5 p\u00e5 egen hand och g\u00f6r dem [&#8230;]\n","protected":false},"featured_media":215778,"comment_status":"open","ping_status":"closed","template":"","meta":[],"product_brand":[],"product_cat":[2567],"product_tag":[],"class_list":{"0":"post-288510","1":"product","2":"type-product","3":"status-publish","4":"has-post-thumbnail","6":"product_cat-campingtillbehor","8":"first","9":"instock","10":"taxable","11":"shipping-taxable","12":"purchasable","13":"product-type-variable"},"composite_virtual":false,"composite_layout":"","composite_add_to_cart_form_location":"","composite_editable_in_cart":false,"composite_sold_individually_context":"","composite_shop_price_calc":"","composite_components":[],"composite_scenarios":[],"group_of_quantity":0,"min_quantity":0,"max_quantity":"","exclude_order_quantity_value_rules":"no","exclude_category_quantity_rules":"no","combine_variations":"no","exclude_global_add_ons":[],"addons":[],"_links":{"self":[{"href":"https:\/\/www.huntersfriend.eu\/sv\/wp-json\/wp\/v2\/product\/288510","targetHints":{"allow":["GET"]}}],"collection":[{"href":"https:\/\/www.huntersfriend.eu\/sv\/wp-json\/wp\/v2\/product"}],"about":[{"href":"https:\/\/www.huntersfriend.eu\/sv\/wp-json\/wp\/v2\/types\/product"}],"replies":[{"embeddable":true,"href":"https:\/\/www.huntersfriend.eu\/sv\/wp-json\/wp\/v2\/comments?post=288510"}],"wp:featuredmedia":[{"embeddable":true,"href":"https:\/\/www.huntersfriend.eu\/sv\/wp-json\/wp\/v2\/media\/215778"}],"wp:attachment":[{"href":"https:\/\/www.huntersfriend.eu\/sv\/wp-json\/wp\/v2\/media?parent=288510"}],"wp:term":[{"taxonomy":"product_brand","embeddable":true,"href":"https:\/\/www.huntersfriend.eu\/sv\/wp-json\/wp\/v2\/product_brand?post=288510"},{"taxonomy":"product_cat","embeddable":true,"href":"https:\/\/www.huntersfriend.eu\/sv\/wp-json\/wp\/v2\/product_cat?post=288510"},{"taxonomy":"product_tag","embeddable":true,"href":"https:\/\/www.huntersfriend.eu\/sv\/wp-json\/wp\/v2\/product_tag?post=288510"}],"curies":[{"name":"wp","href":"https:\/\/api.w.org\/{rel}","templated":true}]}}