{"id":288507,"date":"2022-03-24T13:41:01","date_gmt":"2022-03-24T11:41:01","guid":{"rendered":"https:\/\/www.huntersfriend.eu\/product\/trophy-ridge-whisker-biscuit-v\/"},"modified":"2025-08-27T11:23:21","modified_gmt":"2025-08-27T09:23:21","slug":"trophy-ridge-whisker-biscuit-v","status":"publish","type":"product","link":"https:\/\/www.huntersfriend.eu\/sv\/produkt\/trophy-ridge-whisker-biscuit-v\/","title":{"rendered":"Trophy Ridge Whisker Biscuit V"},"content":{"rendered":"<p>Whisker Biscuit V erbjuder vindjusteringar f\u00f6r att \u00f6ka noggrannheten och precisionen i varje skott. Den patenterade V-notch-tekniken centrerar din pil med f\u00e4rre kontaktpunkter \u00e4n den ursprungliga Whisker Biscuit-designen. <\/p>\n<p>&nbsp;<\/p>\n<p>F\u00f6r anv\u00e4ndning p\u00e5 b\u00e5de h\u00f6ger- och v\u00e4nsterh\u00e4nta b\u00e5gar.<\/p>\n","protected":false},"excerpt":{"rendered":"<p>H\u00f6ger- eller v\u00e4nsterh\u00e4nt<\/p>\n","protected":false},"featured_media":226820,"comment_status":"open","ping_status":"closed","template":"","meta":[],"product_brand":[],"product_cat":[878],"product_tag":[],"class_list":{"0":"post-288507","1":"product","2":"type-product","3":"status-publish","4":"has-post-thumbnail","6":"product_cat-uncategorized-sv","8":"first","9":"outofstock","10":"taxable","11":"shipping-taxable","12":"purchasable","13":"product-type-simple"},"composite_virtual":false,"composite_layout":"","composite_add_to_cart_form_location":"","composite_editable_in_cart":false,"composite_sold_individually_context":"","composite_shop_price_calc":"","composite_components":[],"composite_scenarios":[],"group_of_quantity":0,"min_quantity":0,"max_quantity":"","exclude_order_quantity_value_rules":"no","exclude_category_quantity_rules":"no","combine_variations":"no","exclude_global_add_ons":[],"addons":[],"_links":{"self":[{"href":"https:\/\/www.huntersfriend.eu\/sv\/wp-json\/wp\/v2\/product\/288507","targetHints":{"allow":["GET"]}}],"collection":[{"href":"https:\/\/www.huntersfriend.eu\/sv\/wp-json\/wp\/v2\/product"}],"about":[{"href":"https:\/\/www.huntersfriend.eu\/sv\/wp-json\/wp\/v2\/types\/product"}],"replies":[{"embeddable":true,"href":"https:\/\/www.huntersfriend.eu\/sv\/wp-json\/wp\/v2\/comments?post=288507"}],"wp:featuredmedia":[{"embeddable":true,"href":"https:\/\/www.huntersfriend.eu\/sv\/wp-json\/wp\/v2\/media\/226820"}],"wp:attachment":[{"href":"https:\/\/www.huntersfriend.eu\/sv\/wp-json\/wp\/v2\/media?parent=288507"}],"wp:term":[{"taxonomy":"product_brand","embeddable":true,"href":"https:\/\/www.huntersfriend.eu\/sv\/wp-json\/wp\/v2\/product_brand?post=288507"},{"taxonomy":"product_cat","embeddable":true,"href":"https:\/\/www.huntersfriend.eu\/sv\/wp-json\/wp\/v2\/product_cat?post=288507"},{"taxonomy":"product_tag","embeddable":true,"href":"https:\/\/www.huntersfriend.eu\/sv\/wp-json\/wp\/v2\/product_tag?post=288507"}],"curies":[{"name":"wp","href":"https:\/\/api.w.org\/{rel}","templated":true}]}}