{"id":288501,"date":"2021-02-24T12:22:49","date_gmt":"2021-02-24T10:22:49","guid":{"rendered":"https:\/\/www.huntersfriend.eu\/product\/vpa-tung-faltspets\/"},"modified":"2026-01-21T22:32:25","modified_gmt":"2026-01-21T20:32:25","slug":"vpa-tung-faltspets","status":"publish","type":"product","link":"https:\/\/www.huntersfriend.eu\/sv\/produkt\/vpa-tung-faltspets\/","title":{"rendered":"VPA tung f\u00e4ltspets"},"content":{"rendered":"<p>Vantage Point Archery maskinbearbetade f\u00e4ltspetsar i st\u00e5l (\u00e4ven kallade f\u00e4ltspetsar) \u00e4r extremt h\u00e5llbara och tillverkade med precision i \u00e5tanke f\u00f6r att hj\u00e4lpa till med exakt pilflykt. V\u00e5ra f\u00e4ltspetsar i st\u00e5l med skruv \u00e4r utformade f\u00f6r att passa alla pilar av kol och aluminium eftersom de har en industristandard 8-32-g\u00e4nga. Detta \u00e4r samma g\u00e4nga som anv\u00e4nds av alla pilinsatser (f\u00f6rutom Easton Deep Six).  <\/p>\n<p><strong>F\u00e4ltspetsar s\u00e4ljs i f\u00f6rpackningar om 6 stycken<\/strong><\/p>\n","protected":false},"excerpt":{"rendered":"<p>6 st \/ f\u00f6rpackning &#8211; St\u00e5l av h\u00f6gsta kvalitet<\/p>\n","protected":false},"featured_media":196321,"comment_status":"open","ping_status":"closed","template":"","meta":[],"product_brand":[],"product_cat":[2920],"product_tag":[],"class_list":{"0":"post-288501","1":"product","2":"type-product","3":"status-publish","4":"has-post-thumbnail","6":"product_cat-ovningsspetsar","8":"first","9":"outofstock","10":"taxable","11":"shipping-taxable","12":"purchasable","13":"product-type-variable"},"composite_virtual":false,"composite_layout":"","composite_add_to_cart_form_location":"","composite_editable_in_cart":false,"composite_sold_individually_context":"","composite_shop_price_calc":"","composite_components":[],"composite_scenarios":[],"group_of_quantity":0,"min_quantity":0,"max_quantity":"","exclude_order_quantity_value_rules":"no","exclude_category_quantity_rules":"no","combine_variations":"no","exclude_global_add_ons":[],"addons":[],"_links":{"self":[{"href":"https:\/\/www.huntersfriend.eu\/sv\/wp-json\/wp\/v2\/product\/288501","targetHints":{"allow":["GET"]}}],"collection":[{"href":"https:\/\/www.huntersfriend.eu\/sv\/wp-json\/wp\/v2\/product"}],"about":[{"href":"https:\/\/www.huntersfriend.eu\/sv\/wp-json\/wp\/v2\/types\/product"}],"replies":[{"embeddable":true,"href":"https:\/\/www.huntersfriend.eu\/sv\/wp-json\/wp\/v2\/comments?post=288501"}],"wp:featuredmedia":[{"embeddable":true,"href":"https:\/\/www.huntersfriend.eu\/sv\/wp-json\/wp\/v2\/media\/196321"}],"wp:attachment":[{"href":"https:\/\/www.huntersfriend.eu\/sv\/wp-json\/wp\/v2\/media?parent=288501"}],"wp:term":[{"taxonomy":"product_brand","embeddable":true,"href":"https:\/\/www.huntersfriend.eu\/sv\/wp-json\/wp\/v2\/product_brand?post=288501"},{"taxonomy":"product_cat","embeddable":true,"href":"https:\/\/www.huntersfriend.eu\/sv\/wp-json\/wp\/v2\/product_cat?post=288501"},{"taxonomy":"product_tag","embeddable":true,"href":"https:\/\/www.huntersfriend.eu\/sv\/wp-json\/wp\/v2\/product_tag?post=288501"}],"curies":[{"name":"wp","href":"https:\/\/api.w.org\/{rel}","templated":true}]}}