{"id":288500,"date":"2021-06-14T11:23:15","date_gmt":"2021-06-14T09:23:15","guid":{"rendered":"https:\/\/www.huntersfriend.eu\/product\/hme-mantis-100-pro-2\/"},"modified":"2025-08-27T11:23:09","modified_gmt":"2025-08-27T09:23:09","slug":"hme-mantis-100-pro-2","status":"publish","type":"product","link":"https:\/\/www.huntersfriend.eu\/sv\/produkt\/hme-mantis-100-pro-2\/","title":{"rendered":"HME mantis 100 pro"},"content":{"rendered":"<p>Mantis Pro 100 \u00e4r en kompakt, handh\u00e5llen, fj\u00e4rrstyrd lockpipa utrustad med 100 f\u00f6rinstallerade ljud. De realistiska djurl\u00e4tena inkluderar, men \u00e4r inte begr\u00e4nsade till, \u00e4lg, varg, hjort, kalkon, r\u00f6dlo, pr\u00e4rievarg, \u00e4lg, kanin, anka och r\u00e4v. <\/p>\n<p><strong>Huvudfunktioner<\/strong><\/p>\n<ul>\n<li>32 MB internt minne<\/li>\n<li>4\u2033 h\u00f6gtalare med h\u00f6g effekt och volym upp till 110 dB<\/li>\n<li>Extern str\u00f6mjack och synkroniseringskontakt med monteringsf\u00e4ste f\u00f6r motoriserad lockf\u00e5gel<\/li>\n<li>Inkluderar signaturl\u00e4ten fr\u00e5n Master Turkey Calling Champion, Paul Butski<\/li>\n<li>Integrerad fj\u00e4rrdocka<\/li>\n<li>Vridbara ben<\/li>\n<li>Drivs av 8 AA-batterier \u2013 ing\u00e5r ej<\/li>\n<li>T\u00e5lig ABS-konstruktion<\/li>\n<\/ul>\n<p><strong>Fj\u00e4rrkontroll<\/strong><\/p>\n<ul>\n<li>L\u00e5ng r\u00e4ckvidd, 300 yards integrerad\/avtagbar fj\u00e4rrkontroll<\/li>\n<li>Fj\u00e4rrkontroll med 2,0\u2033 sk\u00e4rm med 4 till 6 rader text\/ikoner (LED-bakgrundsbelyst)<\/li>\n<\/ul>\n","protected":false},"excerpt":{"rendered":"<p>Elektronisk lockpipa f\u00f6r sm\u00e5 rovdjur<\/p>\n","protected":false},"featured_media":208417,"comment_status":"open","ping_status":"closed","template":"","meta":[],"product_brand":[],"product_cat":[878],"product_tag":[],"class_list":{"0":"post-288500","1":"product","2":"type-product","3":"status-publish","4":"has-post-thumbnail","6":"product_cat-uncategorized-sv","8":"first","9":"instock","10":"taxable","11":"shipping-taxable","12":"purchasable","13":"product-type-simple"},"composite_virtual":false,"composite_layout":"","composite_add_to_cart_form_location":"","composite_editable_in_cart":false,"composite_sold_individually_context":"","composite_shop_price_calc":"","composite_components":[],"composite_scenarios":[],"group_of_quantity":0,"min_quantity":0,"max_quantity":"","exclude_order_quantity_value_rules":"no","exclude_category_quantity_rules":"no","combine_variations":"no","exclude_global_add_ons":[],"addons":[],"_links":{"self":[{"href":"https:\/\/www.huntersfriend.eu\/sv\/wp-json\/wp\/v2\/product\/288500","targetHints":{"allow":["GET"]}}],"collection":[{"href":"https:\/\/www.huntersfriend.eu\/sv\/wp-json\/wp\/v2\/product"}],"about":[{"href":"https:\/\/www.huntersfriend.eu\/sv\/wp-json\/wp\/v2\/types\/product"}],"replies":[{"embeddable":true,"href":"https:\/\/www.huntersfriend.eu\/sv\/wp-json\/wp\/v2\/comments?post=288500"}],"wp:featuredmedia":[{"embeddable":true,"href":"https:\/\/www.huntersfriend.eu\/sv\/wp-json\/wp\/v2\/media\/208417"}],"wp:attachment":[{"href":"https:\/\/www.huntersfriend.eu\/sv\/wp-json\/wp\/v2\/media?parent=288500"}],"wp:term":[{"taxonomy":"product_brand","embeddable":true,"href":"https:\/\/www.huntersfriend.eu\/sv\/wp-json\/wp\/v2\/product_brand?post=288500"},{"taxonomy":"product_cat","embeddable":true,"href":"https:\/\/www.huntersfriend.eu\/sv\/wp-json\/wp\/v2\/product_cat?post=288500"},{"taxonomy":"product_tag","embeddable":true,"href":"https:\/\/www.huntersfriend.eu\/sv\/wp-json\/wp\/v2\/product_tag?post=288500"}],"curies":[{"name":"wp","href":"https:\/\/api.w.org\/{rel}","templated":true}]}}