{"id":288495,"date":"2021-04-16T11:21:37","date_gmt":"2021-04-16T09:21:37","guid":{"rendered":"https:\/\/www.huntersfriend.eu\/product\/truglo-detonator-boa-release\/"},"modified":"2025-08-27T11:22:40","modified_gmt":"2025-08-27T09:22:40","slug":"truglo-detonator-boa-release","status":"publish","type":"product","link":"https:\/\/www.huntersfriend.eu\/sv\/produkt\/truglo-detonator-boa-release\/","title":{"rendered":"Truglo Detonator Boa-release"},"content":{"rendered":"<ul>\n<li>Tyst, snabb och exakt<\/li>\n<li>Str\u00f6mlinjeformad design med \u00f6ppen enkelkrok f\u00f6r snabb och enkel laddning \u2013 perfekt f\u00f6r D-loopar<\/li>\n<li>Kroken \u00f6ppnas bort fr\u00e5n skytten<\/li>\n<li>Ultratmjuk, mikrojusterbar avtryckare med en distinkt k\u00e4nsla<\/li>\n<li>Precisionsk\u00e4ke i rostfritt st\u00e5l som inte slits<\/li>\n<li>Avfyringsmekanism i rostfritt st\u00e5l f\u00f6r \u00f6kad h\u00e5llbarhet och repeterbarhet<\/li>\n<li>Avtryckarens position fram\u00e5t m\u00f6jligg\u00f6r h\u00f6gre pilhastigheter<\/li>\n<li>Ergonomisk hand- och fingerposition<\/li>\n<li>360-graders roterande huvud eliminerar str\u00e4ngvridning<\/li>\n<li>Premiumutl\u00f6sningsrem f\u00f6r l\u00e5ngvarig komfort<\/li>\n<\/ul>\n","protected":false},"excerpt":{"rendered":"<p>Med stolpkontakt<\/p>\n","protected":false},"featured_media":257367,"comment_status":"open","ping_status":"closed","template":"","meta":[],"product_brand":[],"product_cat":[2680],"product_tag":[],"class_list":{"0":"post-288495","1":"product","2":"type-product","3":"status-publish","4":"has-post-thumbnail","6":"product_cat-handledsutlosare","8":"first","9":"instock","10":"taxable","11":"shipping-taxable","12":"purchasable","13":"product-type-variable"},"composite_virtual":false,"composite_layout":"","composite_add_to_cart_form_location":"","composite_editable_in_cart":false,"composite_sold_individually_context":"","composite_shop_price_calc":"","composite_components":[],"composite_scenarios":[],"group_of_quantity":0,"min_quantity":0,"max_quantity":"","exclude_order_quantity_value_rules":"no","exclude_category_quantity_rules":"no","combine_variations":"no","exclude_global_add_ons":[],"addons":[],"_links":{"self":[{"href":"https:\/\/www.huntersfriend.eu\/sv\/wp-json\/wp\/v2\/product\/288495","targetHints":{"allow":["GET"]}}],"collection":[{"href":"https:\/\/www.huntersfriend.eu\/sv\/wp-json\/wp\/v2\/product"}],"about":[{"href":"https:\/\/www.huntersfriend.eu\/sv\/wp-json\/wp\/v2\/types\/product"}],"replies":[{"embeddable":true,"href":"https:\/\/www.huntersfriend.eu\/sv\/wp-json\/wp\/v2\/comments?post=288495"}],"wp:featuredmedia":[{"embeddable":true,"href":"https:\/\/www.huntersfriend.eu\/sv\/wp-json\/wp\/v2\/media\/257367"}],"wp:attachment":[{"href":"https:\/\/www.huntersfriend.eu\/sv\/wp-json\/wp\/v2\/media?parent=288495"}],"wp:term":[{"taxonomy":"product_brand","embeddable":true,"href":"https:\/\/www.huntersfriend.eu\/sv\/wp-json\/wp\/v2\/product_brand?post=288495"},{"taxonomy":"product_cat","embeddable":true,"href":"https:\/\/www.huntersfriend.eu\/sv\/wp-json\/wp\/v2\/product_cat?post=288495"},{"taxonomy":"product_tag","embeddable":true,"href":"https:\/\/www.huntersfriend.eu\/sv\/wp-json\/wp\/v2\/product_tag?post=288495"}],"curies":[{"name":"wp","href":"https:\/\/api.w.org\/{rel}","templated":true}]}}