{"id":288494,"date":"2021-04-21T11:21:39","date_gmt":"2021-04-21T09:21:39","guid":{"rendered":"https:\/\/www.huntersfriend.eu\/product\/skull-hooker-big-hooker-2\/"},"modified":"2025-10-07T09:57:26","modified_gmt":"2025-10-07T07:57:26","slug":"skull-hooker-big-hooker-2","status":"publish","type":"product","link":"https:\/\/www.huntersfriend.eu\/sv\/produkt\/skull-hooker-big-hooker-2\/","title":{"rendered":"Skull hooker big hooker"},"content":{"rendered":"<p>The Big Hooker<sup>\u00ae<\/sup> \u00e4r en elegant och str\u00f6mlinjeformad l\u00f6sning f\u00f6r att h\u00e4nga stora till extra stora europeiska trof\u00e9er. The Big Hooker<sup>\u00ae<\/sup> \u00e4r helt anpassningsbar b\u00e5de upp och ner och v\u00e4nster och h\u00f6ger f\u00f6r att ge den perfekta uppr\u00e4tta och naturliga presentationen av din trof\u00e9. The Big Hooker<sup>\u00ae<\/sup> skull hanger \u00e4r designad speciellt f\u00f6r stora till extra stora skallar (ungef\u00e4r en \u00e4lgs storlek och st\u00f6rre) inklusive \u00e4lg, bison, \u00e4lg, caribou, kronhjort, grizzly\/brun\/isbj\u00f6rnar, tamdjur, kudu, giraff, wildebeest, oryx, hjort, buffel och m\u00e5nga fler av v\u00e4rldens stora och extra stora trof\u00e9arter. Konstruerad av starkt pulverlackerat st\u00e5l och erbjuds i tv\u00e5 sl\u00e5ende f\u00e4rger (Robust Brown och Graphite Black). The Big Hooker<sup>\u00ae<\/sup> kr\u00e4ver ingen borrning eller skada p\u00e5 din skalle eftersom tappen passar s\u00e4kert och naturligt in i baksidan av skallen. *Skallen f\u00e5r inte sk\u00e4ras eller \u00e4ndras runt det naturliga h\u00e5let eller cervikalleden p\u00e5 baksidan av skallen.     <\/p>\n<p>Delar som ing\u00e5r: v\u00e4ggplatta (1), arm (1), tapp (2) och all n\u00f6dv\u00e4ndig h\u00e5rdvara<\/p>\n","protected":false},"excerpt":{"rendered":"<p>Svart skallplatta f\u00f6r \u00e4lg<\/p>\n","protected":false},"featured_media":209488,"comment_status":"open","ping_status":"closed","template":"","meta":[],"product_brand":[],"product_cat":[2847],"product_tag":[],"class_list":{"0":"post-288494","1":"product","2":"type-product","3":"status-publish","4":"has-post-thumbnail","6":"product_cat-taxidermi","8":"first","9":"outofstock","10":"taxable","11":"shipping-taxable","12":"purchasable","13":"product-type-simple"},"composite_virtual":false,"composite_layout":"","composite_add_to_cart_form_location":"","composite_editable_in_cart":false,"composite_sold_individually_context":"","composite_shop_price_calc":"","composite_components":[],"composite_scenarios":[],"group_of_quantity":0,"min_quantity":0,"max_quantity":"","exclude_order_quantity_value_rules":"no","exclude_category_quantity_rules":"no","combine_variations":"no","exclude_global_add_ons":[],"addons":[],"_links":{"self":[{"href":"https:\/\/www.huntersfriend.eu\/sv\/wp-json\/wp\/v2\/product\/288494","targetHints":{"allow":["GET"]}}],"collection":[{"href":"https:\/\/www.huntersfriend.eu\/sv\/wp-json\/wp\/v2\/product"}],"about":[{"href":"https:\/\/www.huntersfriend.eu\/sv\/wp-json\/wp\/v2\/types\/product"}],"replies":[{"embeddable":true,"href":"https:\/\/www.huntersfriend.eu\/sv\/wp-json\/wp\/v2\/comments?post=288494"}],"wp:featuredmedia":[{"embeddable":true,"href":"https:\/\/www.huntersfriend.eu\/sv\/wp-json\/wp\/v2\/media\/209488"}],"wp:attachment":[{"href":"https:\/\/www.huntersfriend.eu\/sv\/wp-json\/wp\/v2\/media?parent=288494"}],"wp:term":[{"taxonomy":"product_brand","embeddable":true,"href":"https:\/\/www.huntersfriend.eu\/sv\/wp-json\/wp\/v2\/product_brand?post=288494"},{"taxonomy":"product_cat","embeddable":true,"href":"https:\/\/www.huntersfriend.eu\/sv\/wp-json\/wp\/v2\/product_cat?post=288494"},{"taxonomy":"product_tag","embeddable":true,"href":"https:\/\/www.huntersfriend.eu\/sv\/wp-json\/wp\/v2\/product_tag?post=288494"}],"curies":[{"name":"wp","href":"https:\/\/api.w.org\/{rel}","templated":true}]}}