{"id":288493,"date":"2021-04-21T11:21:38","date_gmt":"2021-04-21T09:21:38","guid":{"rendered":"https:\/\/www.huntersfriend.eu\/product\/skull-hooker-mini-hooker-svart\/"},"modified":"2025-08-27T11:22:34","modified_gmt":"2025-08-27T09:22:34","slug":"skull-hooker-mini-hooker-svart","status":"publish","type":"product","link":"https:\/\/www.huntersfriend.eu\/sv\/produkt\/skull-hooker-mini-hooker-svart\/","title":{"rendered":"Skull hooker mini hooker svart"},"content":{"rendered":"<p>Mini Hooker erbjuder samma fantastiska f\u00f6rdelar och professionella design som Little Hooker<sup>\u00ae<\/sup>, men n\u00e4rmare v\u00e4ggen. Perfekt f\u00f6r de arter som inte kr\u00e4ver extra utrymme fr\u00e5n v\u00e4ggen, som bj\u00f6rn, mindre hjortar som r\u00e5djur och andra sm\u00e5 till mellanstora arter v\u00e4rlden \u00f6ver. Den h\u00e4r produkten m\u00f6jligg\u00f6r en m\u00e5ngsidig 180-gradersvisning av din trof\u00e9 och passar i tr\u00e5nga utrymmen. Finns i svart eller brun pulverlackerad finish. F\u00f6r normalstora hjortar och st\u00f6rre rekommenderas Little Hooker.    <\/p>\n","protected":false},"excerpt":{"rendered":"<p>Musta, skallst\u00e4ll<\/p>\n","protected":false},"featured_media":209467,"comment_status":"open","ping_status":"closed","template":"","meta":[],"product_brand":[],"product_cat":[878],"product_tag":[],"class_list":{"0":"post-288493","1":"product","2":"type-product","3":"status-publish","4":"has-post-thumbnail","6":"product_cat-uncategorized-sv","8":"first","9":"outofstock","10":"taxable","11":"shipping-taxable","12":"purchasable","13":"product-type-simple"},"composite_virtual":false,"composite_layout":"","composite_add_to_cart_form_location":"","composite_editable_in_cart":false,"composite_sold_individually_context":"","composite_shop_price_calc":"","composite_components":[],"composite_scenarios":[],"group_of_quantity":0,"min_quantity":0,"max_quantity":"","exclude_order_quantity_value_rules":"no","exclude_category_quantity_rules":"no","combine_variations":"no","exclude_global_add_ons":[],"addons":[],"_links":{"self":[{"href":"https:\/\/www.huntersfriend.eu\/sv\/wp-json\/wp\/v2\/product\/288493","targetHints":{"allow":["GET"]}}],"collection":[{"href":"https:\/\/www.huntersfriend.eu\/sv\/wp-json\/wp\/v2\/product"}],"about":[{"href":"https:\/\/www.huntersfriend.eu\/sv\/wp-json\/wp\/v2\/types\/product"}],"replies":[{"embeddable":true,"href":"https:\/\/www.huntersfriend.eu\/sv\/wp-json\/wp\/v2\/comments?post=288493"}],"wp:featuredmedia":[{"embeddable":true,"href":"https:\/\/www.huntersfriend.eu\/sv\/wp-json\/wp\/v2\/media\/209467"}],"wp:attachment":[{"href":"https:\/\/www.huntersfriend.eu\/sv\/wp-json\/wp\/v2\/media?parent=288493"}],"wp:term":[{"taxonomy":"product_brand","embeddable":true,"href":"https:\/\/www.huntersfriend.eu\/sv\/wp-json\/wp\/v2\/product_brand?post=288493"},{"taxonomy":"product_cat","embeddable":true,"href":"https:\/\/www.huntersfriend.eu\/sv\/wp-json\/wp\/v2\/product_cat?post=288493"},{"taxonomy":"product_tag","embeddable":true,"href":"https:\/\/www.huntersfriend.eu\/sv\/wp-json\/wp\/v2\/product_tag?post=288493"}],"curies":[{"name":"wp","href":"https:\/\/api.w.org\/{rel}","templated":true}]}}