{"id":288451,"date":"2021-03-19T12:28:06","date_gmt":"2021-03-19T10:28:06","guid":{"rendered":"https:\/\/www.huntersfriend.eu\/product\/mathews-sw-moduler-85-fas-4-v3-v3x-vxr-atlas\/"},"modified":"2025-10-21T09:02:19","modified_gmt":"2025-10-21T07:02:19","slug":"mathews-sw-moduler-85-fas-4-v3-v3x-vxr-atlas","status":"publish","type":"product","link":"https:\/\/www.huntersfriend.eu\/sv\/produkt\/mathews-sw-moduler-85-fas-4-v3-v3x-vxr-atlas\/","title":{"rendered":"Mathews SW-moduler 85 % \u2013 fas 4\/V3\/V3X\/VXR\/ATLAS"},"content":{"rendered":"<p>Dessa moduler erbjuds som reservdelar till Mathews Vertix, VXR, V3, V3X, Phase 4 och Atlas-b\u00e5gar. Se tabellerna f\u00f6r r\u00e5d om hur du v\u00e4ljer r\u00e4tt moduler, eller kontakta v\u00e5r kundtj\u00e4nst p\u00e5 info@huntersfriend.eu f\u00f6r hj\u00e4lp. <\/p>\n<p><span data-text-color=\"primary\"><strong>Observera att om dessa moduler inte finns i lager f\u00f6r tillf\u00e4llet, \u00e4r leveranstiden cirka 6\u20138 veckor eftersom vi m\u00e5ste f\u00e5 dem fr\u00e5n Mathews. Beklagar. <\/strong><\/span><\/p>\n","protected":false},"excerpt":{"rendered":"<p>85 % dragl\u00e4ttnad<\/p>\n","protected":false},"featured_media":203461,"comment_status":"open","ping_status":"closed","template":"","meta":[],"product_brand":[],"product_cat":[2652,2740,2739],"product_tag":[],"class_list":{"0":"post-288451","1":"product","2":"type-product","3":"status-publish","4":"has-post-thumbnail","6":"product_cat-compound-bagar","7":"product_cat-compoundbagar-och-kit","8":"product_cat-pro-shop-paket","10":"first","11":"outofstock","12":"taxable","13":"shipping-taxable","14":"purchasable","15":"product-type-variable"},"composite_virtual":false,"composite_layout":"","composite_add_to_cart_form_location":"","composite_editable_in_cart":false,"composite_sold_individually_context":"","composite_shop_price_calc":"","composite_components":[],"composite_scenarios":[],"group_of_quantity":0,"min_quantity":0,"max_quantity":"","exclude_order_quantity_value_rules":"no","exclude_category_quantity_rules":"no","combine_variations":"no","exclude_global_add_ons":[],"addons":[],"_links":{"self":[{"href":"https:\/\/www.huntersfriend.eu\/sv\/wp-json\/wp\/v2\/product\/288451","targetHints":{"allow":["GET"]}}],"collection":[{"href":"https:\/\/www.huntersfriend.eu\/sv\/wp-json\/wp\/v2\/product"}],"about":[{"href":"https:\/\/www.huntersfriend.eu\/sv\/wp-json\/wp\/v2\/types\/product"}],"replies":[{"embeddable":true,"href":"https:\/\/www.huntersfriend.eu\/sv\/wp-json\/wp\/v2\/comments?post=288451"}],"wp:featuredmedia":[{"embeddable":true,"href":"https:\/\/www.huntersfriend.eu\/sv\/wp-json\/wp\/v2\/media\/203461"}],"wp:attachment":[{"href":"https:\/\/www.huntersfriend.eu\/sv\/wp-json\/wp\/v2\/media?parent=288451"}],"wp:term":[{"taxonomy":"product_brand","embeddable":true,"href":"https:\/\/www.huntersfriend.eu\/sv\/wp-json\/wp\/v2\/product_brand?post=288451"},{"taxonomy":"product_cat","embeddable":true,"href":"https:\/\/www.huntersfriend.eu\/sv\/wp-json\/wp\/v2\/product_cat?post=288451"},{"taxonomy":"product_tag","embeddable":true,"href":"https:\/\/www.huntersfriend.eu\/sv\/wp-json\/wp\/v2\/product_tag?post=288451"}],"curies":[{"name":"wp","href":"https:\/\/api.w.org\/{rel}","templated":true}]}}