{"id":288449,"date":"2021-04-14T23:41:09","date_gmt":"2021-04-14T21:41:09","guid":{"rendered":"https:\/\/www.huntersfriend.eu\/product\/bohning-arrow-strippro-pilstrippare\/"},"modified":"2026-01-02T13:21:25","modified_gmt":"2026-01-02T11:21:25","slug":"bohning-arrow-strippro-pilstrippare","status":"publish","type":"product","link":"https:\/\/www.huntersfriend.eu\/sv\/produkt\/bohning-arrow-strippro-pilstrippare\/","title":{"rendered":"Bohning Arrow StripPro pilstrippare"},"content":{"rendered":"<p>Uppdaterad 2022! Nytt f\u00f6rb\u00e4ttrat handtag f\u00f6r b\u00e4ttre grepp och anv\u00e4ndarv\u00e4nlighet. <\/p>\n<p>Bohning Strip-Pro tar enkelt bort fj\u00e4drar, limrester och lindningar fr\u00e5n dina pilar. Den har en sk\u00e4rvinkel som \u00e4r s\u00e4ker f\u00f6r kolfiber-, aluminium- och glasfiberskaft i alla diametrar. Handtaget kan \u00f6ppnas f\u00f6r extra f\u00f6rvaring av blad (extra blad ing\u00e5r ej).  <\/p>\n<p>F\u00f6rs\u00f6k inte att strippa en pil utan r\u00e4tt verktyg, det kan kosta dig.<\/p>\n","protected":false},"excerpt":{"rendered":"<p>Uppdaterad 2022! Nytt f\u00f6rb\u00e4ttrat handtag f\u00f6r b\u00e4ttre grepp och anv\u00e4ndarv\u00e4nlighet. Bohning Strip-Pro tar enkelt bort fj\u00e4drar, limrester och lindningar fr\u00e5n dina pilar. Den har en sk\u00e4rvinkel som \u00e4r s\u00e4ker f\u00f6r kolfiber-, aluminium- och glasfiberskaft i alla diametrar. Handtaget kan \u00f6ppnas f\u00f6r extra f\u00f6rvaring av blad (extra blad ing\u00e5r ej). F\u00f6rs\u00f6k inte att strippa en pil [&#8230;]\n","protected":false},"featured_media":233932,"comment_status":"open","ping_status":"closed","template":"","meta":[],"product_brand":[],"product_cat":[2644,2656],"product_tag":[],"class_list":{"0":"post-288449","1":"product","2":"type-product","3":"status-publish","4":"has-post-thumbnail","6":"product_cat-andra-verktyg-for-pilbygge","7":"product_cat-verktyg-och-diverse-bagskytte","9":"first","10":"instock","11":"taxable","12":"shipping-taxable","13":"purchasable","14":"product-type-simple"},"composite_virtual":false,"composite_layout":"","composite_add_to_cart_form_location":"","composite_editable_in_cart":false,"composite_sold_individually_context":"","composite_shop_price_calc":"","composite_components":[],"composite_scenarios":[],"group_of_quantity":0,"min_quantity":0,"max_quantity":"","exclude_order_quantity_value_rules":"no","exclude_category_quantity_rules":"no","combine_variations":"no","exclude_global_add_ons":[],"addons":[],"_links":{"self":[{"href":"https:\/\/www.huntersfriend.eu\/sv\/wp-json\/wp\/v2\/product\/288449","targetHints":{"allow":["GET"]}}],"collection":[{"href":"https:\/\/www.huntersfriend.eu\/sv\/wp-json\/wp\/v2\/product"}],"about":[{"href":"https:\/\/www.huntersfriend.eu\/sv\/wp-json\/wp\/v2\/types\/product"}],"replies":[{"embeddable":true,"href":"https:\/\/www.huntersfriend.eu\/sv\/wp-json\/wp\/v2\/comments?post=288449"}],"wp:featuredmedia":[{"embeddable":true,"href":"https:\/\/www.huntersfriend.eu\/sv\/wp-json\/wp\/v2\/media\/233932"}],"wp:attachment":[{"href":"https:\/\/www.huntersfriend.eu\/sv\/wp-json\/wp\/v2\/media?parent=288449"}],"wp:term":[{"taxonomy":"product_brand","embeddable":true,"href":"https:\/\/www.huntersfriend.eu\/sv\/wp-json\/wp\/v2\/product_brand?post=288449"},{"taxonomy":"product_cat","embeddable":true,"href":"https:\/\/www.huntersfriend.eu\/sv\/wp-json\/wp\/v2\/product_cat?post=288449"},{"taxonomy":"product_tag","embeddable":true,"href":"https:\/\/www.huntersfriend.eu\/sv\/wp-json\/wp\/v2\/product_tag?post=288449"}],"curies":[{"name":"wp","href":"https:\/\/api.w.org\/{rel}","templated":true}]}}