{"id":288448,"date":"2021-04-21T11:21:39","date_gmt":"2021-04-21T09:21:39","guid":{"rendered":"https:\/\/www.huntersfriend.eu\/product\/kraniehangare-benfaste-xxl\/"},"modified":"2025-08-27T11:22:00","modified_gmt":"2025-08-27T09:22:00","slug":"kraniehangare-benfaste-xxl","status":"publish","type":"product","link":"https:\/\/www.huntersfriend.eu\/sv\/produkt\/kraniehangare-benfaste-xxl\/","title":{"rendered":"Kranieh\u00e4ngare benf\u00e4ste XXL"},"content":{"rendered":"<p>XXL-benf\u00e4stet<sup>\u00ae<\/sup> \u00e4r utformat f\u00f6r att passa skallplattorna p\u00e5 behornade arter som \u00e4lg, ren, buffel, \u00e4lg och tunghornade f\u00e5r som mufflon. Precis som sin mindre motsvarighet erbjuder XXL fullst\u00e4ndig anpassning av din trof\u00e9 upp och ner f\u00f6r att ge den perfekta presentationen av din trof\u00e9. F\u00e4rg: Svart  <\/p>\n<p>XXL-benf\u00e4stet<sup>\u00ae<\/sup> kan monteras och h\u00e4ngas upp p\u00e5 bara n\u00e5gra minuter. Montera helt enkelt v\u00e4ggplattan p\u00e5 en v\u00e4ggregel med de medf\u00f6ljande skruvarna, f\u00e4st skallplattans justerare p\u00e5 armen, lokalisera och borra tv\u00e5 h\u00e5l i skallplattan och installera tv\u00e5 skruvar f\u00f6r att f\u00e4sta skallbenet p\u00e5 skallplattans justerare. S\u00e4tt sedan bara in de avsmalnande armpinnarna i v\u00e4ggplattans beh\u00e5llare och g\u00f6r eventuella slutjusteringar av trof\u00e9ns positionering f\u00f6r den perfekta visningen.  <\/p>\n<p>Delar som ing\u00e5r: v\u00e4ggplatta (1), arm (1), skallplattadapter (1) och all n\u00f6dv\u00e4ndig h\u00e5rdvara<\/p>\n","protected":false},"excerpt":{"rendered":"<p>Musta, kalloteline hirvelle<\/p>\n","protected":false},"featured_media":209479,"comment_status":"open","ping_status":"closed","template":"","meta":[],"product_brand":[],"product_cat":[878],"product_tag":[],"class_list":{"0":"post-288448","1":"product","2":"type-product","3":"status-publish","4":"has-post-thumbnail","6":"product_cat-uncategorized-sv","8":"first","9":"outofstock","10":"taxable","11":"shipping-taxable","12":"purchasable","13":"product-type-simple"},"composite_virtual":false,"composite_layout":"","composite_add_to_cart_form_location":"","composite_editable_in_cart":false,"composite_sold_individually_context":"","composite_shop_price_calc":"","composite_components":[],"composite_scenarios":[],"group_of_quantity":0,"min_quantity":0,"max_quantity":"","exclude_order_quantity_value_rules":"no","exclude_category_quantity_rules":"no","combine_variations":"no","exclude_global_add_ons":[],"addons":[],"_links":{"self":[{"href":"https:\/\/www.huntersfriend.eu\/sv\/wp-json\/wp\/v2\/product\/288448","targetHints":{"allow":["GET"]}}],"collection":[{"href":"https:\/\/www.huntersfriend.eu\/sv\/wp-json\/wp\/v2\/product"}],"about":[{"href":"https:\/\/www.huntersfriend.eu\/sv\/wp-json\/wp\/v2\/types\/product"}],"replies":[{"embeddable":true,"href":"https:\/\/www.huntersfriend.eu\/sv\/wp-json\/wp\/v2\/comments?post=288448"}],"wp:featuredmedia":[{"embeddable":true,"href":"https:\/\/www.huntersfriend.eu\/sv\/wp-json\/wp\/v2\/media\/209479"}],"wp:attachment":[{"href":"https:\/\/www.huntersfriend.eu\/sv\/wp-json\/wp\/v2\/media?parent=288448"}],"wp:term":[{"taxonomy":"product_brand","embeddable":true,"href":"https:\/\/www.huntersfriend.eu\/sv\/wp-json\/wp\/v2\/product_brand?post=288448"},{"taxonomy":"product_cat","embeddable":true,"href":"https:\/\/www.huntersfriend.eu\/sv\/wp-json\/wp\/v2\/product_cat?post=288448"},{"taxonomy":"product_tag","embeddable":true,"href":"https:\/\/www.huntersfriend.eu\/sv\/wp-json\/wp\/v2\/product_tag?post=288448"}],"curies":[{"name":"wp","href":"https:\/\/api.w.org\/{rel}","templated":true}]}}