{"id":288445,"date":"2021-06-01T11:40:33","date_gmt":"2021-06-01T09:40:33","guid":{"rendered":"https:\/\/www.huntersfriend.eu\/product\/bearpaw-armskydd\/"},"modified":"2025-08-27T11:21:43","modified_gmt":"2025-08-27T09:21:43","slug":"bearpaw-armskydd","status":"publish","type":"product","link":"https:\/\/www.huntersfriend.eu\/sv\/produkt\/bearpaw-armskydd\/","title":{"rendered":"Bearpaw armskydd"},"content":{"rendered":"<p>Med en total l\u00e4ngd p\u00e5 20 cm skyddar Bearpaws armskydd hela underarmen mot str\u00e4ngens slag. Den vackra kombinationen av h\u00f6gkvalitativa l\u00e4der avrundar den traditionella designen p\u00e5 detta armskydd. <\/p>\n<ul>\n<li>L\u00e4der: Bearpaw-l\u00e4der med \u00f6verl\u00e4gg av buckskin<\/li>\n<li>L\u00e4ngd: ca 20 cm <b>Din h\u00e4lsa \u00e4r viktig f\u00f6r oss! Alla Bearpaws l\u00e4derprodukter och textilier \u00e4r garanterat fria fr\u00e5n tungmetaller och milj\u00f6gifter. Testad och certifierad kvalitet.  <\/b><\/li>\n<\/ul>\n","protected":false},"excerpt":{"rendered":"<p>L\u00e4der<\/p>\n","protected":false},"featured_media":213429,"comment_status":"open","ping_status":"closed","template":"","meta":[],"product_brand":[],"product_cat":[2972],"product_tag":[],"class_list":{"0":"post-288445","1":"product","2":"type-product","3":"status-publish","4":"has-post-thumbnail","6":"product_cat-armar-och-traditionella-armskydd","8":"first","9":"instock","10":"taxable","11":"shipping-taxable","12":"purchasable","13":"product-type-simple"},"composite_virtual":false,"composite_layout":"","composite_add_to_cart_form_location":"","composite_editable_in_cart":false,"composite_sold_individually_context":"","composite_shop_price_calc":"","composite_components":[],"composite_scenarios":[],"group_of_quantity":0,"min_quantity":0,"max_quantity":"","exclude_order_quantity_value_rules":"no","exclude_category_quantity_rules":"no","combine_variations":"no","exclude_global_add_ons":[],"addons":[],"_links":{"self":[{"href":"https:\/\/www.huntersfriend.eu\/sv\/wp-json\/wp\/v2\/product\/288445","targetHints":{"allow":["GET"]}}],"collection":[{"href":"https:\/\/www.huntersfriend.eu\/sv\/wp-json\/wp\/v2\/product"}],"about":[{"href":"https:\/\/www.huntersfriend.eu\/sv\/wp-json\/wp\/v2\/types\/product"}],"replies":[{"embeddable":true,"href":"https:\/\/www.huntersfriend.eu\/sv\/wp-json\/wp\/v2\/comments?post=288445"}],"wp:featuredmedia":[{"embeddable":true,"href":"https:\/\/www.huntersfriend.eu\/sv\/wp-json\/wp\/v2\/media\/213429"}],"wp:attachment":[{"href":"https:\/\/www.huntersfriend.eu\/sv\/wp-json\/wp\/v2\/media?parent=288445"}],"wp:term":[{"taxonomy":"product_brand","embeddable":true,"href":"https:\/\/www.huntersfriend.eu\/sv\/wp-json\/wp\/v2\/product_brand?post=288445"},{"taxonomy":"product_cat","embeddable":true,"href":"https:\/\/www.huntersfriend.eu\/sv\/wp-json\/wp\/v2\/product_cat?post=288445"},{"taxonomy":"product_tag","embeddable":true,"href":"https:\/\/www.huntersfriend.eu\/sv\/wp-json\/wp\/v2\/product_tag?post=288445"}],"curies":[{"name":"wp","href":"https:\/\/api.w.org\/{rel}","templated":true}]}}