{"id":288439,"date":"2021-06-01T14:20:34","date_gmt":"2021-06-01T12:20:34","guid":{"rendered":"https:\/\/www.huntersfriend.eu\/product\/tysk-jaeger-spets\/"},"modified":"2025-10-27T15:23:02","modified_gmt":"2025-10-27T13:23:02","slug":"tysk-jaeger-spets","status":"publish","type":"product","link":"https:\/\/www.huntersfriend.eu\/sv\/produkt\/tysk-jaeger-spets\/","title":{"rendered":"Tysk jaeger-spets"},"content":{"rendered":"<p>Den tyska Jager-spetsen tillverkas i samarbete mellan tyska tekniker och nordamerikanska b\u00e5gskyttar. Design och funktioner \u00e4r finjusterade f\u00f6r att s\u00e4kerst\u00e4lla maximal effekt. <\/p>\n<p>Vi \u00e4r stolta \u00f6ver att vi har kunnat implementera v\u00e5rt tyska kvalitetst\u00e4nkande i denna spets.<\/p>\n<ul>\n<li>Tillg\u00e4ngliga vikter: 100 gr, 125 gr, 145 gr, 175 gr och 200 gr. <\/li>\n<li>Bladmaterial: 440C rostfritt st\u00e5l<\/li>\n<li>Hylsmaterial: 7076 T6 flygplansaluminium<\/li>\n<li>H\u00e5rdhet: HRC 54-56<\/li>\n<li>Kolfiberskaft med .245 &#8211; .246 ID<\/li>\n<\/ul>\n","protected":false},"excerpt":{"rendered":"<p>3-pack<\/p>\n","protected":false},"featured_media":205126,"comment_status":"open","ping_status":"closed","template":"","meta":[],"product_brand":[],"product_cat":[2647],"product_tag":[],"class_list":{"0":"post-288439","1":"product","2":"type-product","3":"status-publish","4":"has-post-thumbnail","6":"product_cat-broadheads-jakt","8":"first","9":"outofstock","10":"taxable","11":"shipping-taxable","12":"purchasable","13":"product-type-variable","14":"has-default-attributes"},"composite_virtual":false,"composite_layout":"","composite_add_to_cart_form_location":"","composite_editable_in_cart":false,"composite_sold_individually_context":"","composite_shop_price_calc":"","composite_components":[],"composite_scenarios":[],"group_of_quantity":0,"min_quantity":0,"max_quantity":"","exclude_order_quantity_value_rules":"no","exclude_category_quantity_rules":"no","combine_variations":"no","exclude_global_add_ons":[],"addons":[],"_links":{"self":[{"href":"https:\/\/www.huntersfriend.eu\/sv\/wp-json\/wp\/v2\/product\/288439","targetHints":{"allow":["GET"]}}],"collection":[{"href":"https:\/\/www.huntersfriend.eu\/sv\/wp-json\/wp\/v2\/product"}],"about":[{"href":"https:\/\/www.huntersfriend.eu\/sv\/wp-json\/wp\/v2\/types\/product"}],"replies":[{"embeddable":true,"href":"https:\/\/www.huntersfriend.eu\/sv\/wp-json\/wp\/v2\/comments?post=288439"}],"wp:featuredmedia":[{"embeddable":true,"href":"https:\/\/www.huntersfriend.eu\/sv\/wp-json\/wp\/v2\/media\/205126"}],"wp:attachment":[{"href":"https:\/\/www.huntersfriend.eu\/sv\/wp-json\/wp\/v2\/media?parent=288439"}],"wp:term":[{"taxonomy":"product_brand","embeddable":true,"href":"https:\/\/www.huntersfriend.eu\/sv\/wp-json\/wp\/v2\/product_brand?post=288439"},{"taxonomy":"product_cat","embeddable":true,"href":"https:\/\/www.huntersfriend.eu\/sv\/wp-json\/wp\/v2\/product_cat?post=288439"},{"taxonomy":"product_tag","embeddable":true,"href":"https:\/\/www.huntersfriend.eu\/sv\/wp-json\/wp\/v2\/product_tag?post=288439"}],"curies":[{"name":"wp","href":"https:\/\/api.w.org\/{rel}","templated":true}]}}