{"id":288427,"date":"2021-06-01T14:20:26","date_gmt":"2021-06-01T12:20:26","guid":{"rendered":"https:\/\/www.huntersfriend.eu\/product\/bearpaw-bagskyttehandske\/"},"modified":"2025-08-27T11:21:18","modified_gmt":"2025-08-27T09:21:18","slug":"bearpaw-bagskyttehandske","status":"publish","type":"product","link":"https:\/\/www.huntersfriend.eu\/sv\/produkt\/bearpaw-bagskyttehandske\/","title":{"rendered":"Bearpaw b\u00e5gskyttehandske"},"content":{"rendered":"<p>Med den h\u00e4r skytthandsken har vi brutit ny mark. Den \u00e4r baserad p\u00e5 ett vind- och vattenavvisande material f\u00f6r att skydda handen n\u00e4r det \u00e4r kallt eller regnar. Fingerspetsarna \u00e4r dubbelbelagda med extremt slitstark nylon vilket m\u00f6jligg\u00f6r en felfri frig\u00f6ring av str\u00e4ngen.  <\/p>\n<ul>\n<li>Storlekar: s, m, l, XL<\/li>\n<li>Material handske: vind- och vattenavvisande funktionellt material<\/li>\n<li>Material fingerspetsar: Bearpaw X 8 Textil<\/li>\n<\/ul>\n","protected":false},"excerpt":{"rendered":"<p>Svart<\/p>\n","protected":false},"featured_media":205197,"comment_status":"open","ping_status":"closed","template":"","meta":[],"product_brand":[],"product_cat":[2992],"product_tag":[],"class_list":{"0":"post-288427","1":"product","2":"type-product","3":"status-publish","4":"has-post-thumbnail","6":"product_cat-bagskyttehandskar","8":"first","9":"instock","10":"taxable","11":"shipping-taxable","12":"purchasable","13":"product-type-variable"},"composite_virtual":false,"composite_layout":"","composite_add_to_cart_form_location":"","composite_editable_in_cart":false,"composite_sold_individually_context":"","composite_shop_price_calc":"","composite_components":[],"composite_scenarios":[],"group_of_quantity":0,"min_quantity":0,"max_quantity":"","exclude_order_quantity_value_rules":"no","exclude_category_quantity_rules":"no","combine_variations":"no","exclude_global_add_ons":[],"addons":[],"_links":{"self":[{"href":"https:\/\/www.huntersfriend.eu\/sv\/wp-json\/wp\/v2\/product\/288427","targetHints":{"allow":["GET"]}}],"collection":[{"href":"https:\/\/www.huntersfriend.eu\/sv\/wp-json\/wp\/v2\/product"}],"about":[{"href":"https:\/\/www.huntersfriend.eu\/sv\/wp-json\/wp\/v2\/types\/product"}],"replies":[{"embeddable":true,"href":"https:\/\/www.huntersfriend.eu\/sv\/wp-json\/wp\/v2\/comments?post=288427"}],"wp:featuredmedia":[{"embeddable":true,"href":"https:\/\/www.huntersfriend.eu\/sv\/wp-json\/wp\/v2\/media\/205197"}],"wp:attachment":[{"href":"https:\/\/www.huntersfriend.eu\/sv\/wp-json\/wp\/v2\/media?parent=288427"}],"wp:term":[{"taxonomy":"product_brand","embeddable":true,"href":"https:\/\/www.huntersfriend.eu\/sv\/wp-json\/wp\/v2\/product_brand?post=288427"},{"taxonomy":"product_cat","embeddable":true,"href":"https:\/\/www.huntersfriend.eu\/sv\/wp-json\/wp\/v2\/product_cat?post=288427"},{"taxonomy":"product_tag","embeddable":true,"href":"https:\/\/www.huntersfriend.eu\/sv\/wp-json\/wp\/v2\/product_tag?post=288427"}],"curies":[{"name":"wp","href":"https:\/\/api.w.org\/{rel}","templated":true}]}}