{"id":288426,"date":"2021-06-01T14:20:36","date_gmt":"2021-06-01T12:20:36","guid":{"rendered":"https:\/\/www.huntersfriend.eu\/product\/bearpaw-fletchingtejp\/"},"modified":"2026-04-29T11:02:07","modified_gmt":"2026-04-29T09:02:07","slug":"bearpaw-fletchingtejp","status":"publish","type":"product","link":"https:\/\/www.huntersfriend.eu\/sv\/produkt\/bearpaw-fletchingtejp\/","title":{"rendered":"Bearpaw fletchingtejp"},"content":{"rendered":"<p>Den dubbelsidiga fletchingtejpen anv\u00e4nds \u00f6ver hela v\u00e4rlden f\u00f6r snabb och h\u00e5llbar fletching av pilar i tr\u00e4, aluminium och kolfiber. Dess extremt enkla och snabba hantering uppskattas av b\u00e5de b\u00e5gskyttar och b\u00e5gmakare v\u00e4rlden \u00f6ver. <\/p>\n<ul>\n<li>L\u00e4ngd: ca 1830 cm (720 tum) <\/li>\n<li>Tillverkad i Tyskland<\/li>\n<\/ul>\n","protected":false},"excerpt":{"rendered":"<p>Den dubbelsidiga fletchingtejpen anv\u00e4nds \u00f6ver hela v\u00e4rlden f\u00f6r snabb och h\u00e5llbar fletching av pilar i tr\u00e4, aluminium och kolfiber. Dess extremt enkla och snabba hantering uppskattas av b\u00e5de b\u00e5gskyttar och b\u00e5gmakare v\u00e4rlden \u00f6ver. L\u00e4ngd: ca 1830 cm (720 tum) Tillverkad i Tyskland<\/p>\n","protected":false},"featured_media":213432,"comment_status":"open","ping_status":"closed","template":"","meta":[],"product_brand":[],"product_cat":[878],"product_tag":[],"class_list":{"0":"post-288426","1":"product","2":"type-product","3":"status-publish","4":"has-post-thumbnail","6":"product_cat-uncategorized-sv","8":"first","9":"outofstock","10":"taxable","11":"shipping-taxable","12":"purchasable","13":"product-type-simple"},"composite_virtual":false,"composite_layout":"","composite_add_to_cart_form_location":"","composite_editable_in_cart":false,"composite_sold_individually_context":"","composite_shop_price_calc":"","composite_components":[],"composite_scenarios":[],"group_of_quantity":0,"min_quantity":0,"max_quantity":"","exclude_order_quantity_value_rules":"no","exclude_category_quantity_rules":"no","combine_variations":"no","exclude_global_add_ons":[],"addons":[],"_links":{"self":[{"href":"https:\/\/www.huntersfriend.eu\/sv\/wp-json\/wp\/v2\/product\/288426","targetHints":{"allow":["GET"]}}],"collection":[{"href":"https:\/\/www.huntersfriend.eu\/sv\/wp-json\/wp\/v2\/product"}],"about":[{"href":"https:\/\/www.huntersfriend.eu\/sv\/wp-json\/wp\/v2\/types\/product"}],"replies":[{"embeddable":true,"href":"https:\/\/www.huntersfriend.eu\/sv\/wp-json\/wp\/v2\/comments?post=288426"}],"wp:featuredmedia":[{"embeddable":true,"href":"https:\/\/www.huntersfriend.eu\/sv\/wp-json\/wp\/v2\/media\/213432"}],"wp:attachment":[{"href":"https:\/\/www.huntersfriend.eu\/sv\/wp-json\/wp\/v2\/media?parent=288426"}],"wp:term":[{"taxonomy":"product_brand","embeddable":true,"href":"https:\/\/www.huntersfriend.eu\/sv\/wp-json\/wp\/v2\/product_brand?post=288426"},{"taxonomy":"product_cat","embeddable":true,"href":"https:\/\/www.huntersfriend.eu\/sv\/wp-json\/wp\/v2\/product_cat?post=288426"},{"taxonomy":"product_tag","embeddable":true,"href":"https:\/\/www.huntersfriend.eu\/sv\/wp-json\/wp\/v2\/product_tag?post=288426"}],"curies":[{"name":"wp","href":"https:\/\/api.w.org\/{rel}","templated":true}]}}