{"id":288418,"date":"2021-06-16T11:22:22","date_gmt":"2021-06-16T09:22:22","guid":{"rendered":"https:\/\/www.huntersfriend.eu\/product\/alps-outdoorz-upland-jaktvast-x\/"},"modified":"2025-08-27T11:20:39","modified_gmt":"2025-08-27T09:20:39","slug":"alps-outdoorz-upland-jaktvast-x","status":"publish","type":"product","link":"https:\/\/www.huntersfriend.eu\/sv\/produkt\/alps-outdoorz-upland-jaktvast-x\/","title":{"rendered":"Alps outdoorz Upland jaktv\u00e4st x"},"content":{"rendered":"<p>Upland Game Vest X \u00e4r det perfekta tillbeh\u00f6ret f\u00f6r jakt p\u00e5 h\u00f6glandsvilt och inkluderar en m\u00e4ngd innovativa funktioner. Axelremmarna \u00e4r ultratunna f\u00f6r maximal skjutkomfort, och tv\u00e5 fr\u00e4mre patronfickor \u00e4r tillr\u00e4ckligt stora f\u00f6r att rymma en hel ask patroner vardera. Tv\u00e5 nedf\u00e4llbara gev\u00e4rsst\u00f6d ing\u00e5r (gev\u00e4rsst\u00f6d finns endast p\u00e5 det stora storleksalternativet), samt en l\u00e4tt ventilerad rygg- och midjeb\u00e4lteskonstruktion.  <\/p>\n<p>\u2022 Ultratunna, skjutv\u00e4nliga axelremmar f\u00f6r maximal skjutkomfort<\/p>\n<p>\u2022 En stor, omslutande viltficka som kan \u00f6ppnas med dragkedja f\u00f6r enkel reng\u00f6ring<\/p>\n<p>\u2022 Tv\u00e5 fr\u00e4mre patronfickor \u2013 rymmer en full ask patroner<\/p>\n<p>\u2022 L\u00e4tt ventilerad rygg och midjeb\u00e4lte<\/p>\n<p>\u2022 F\u00f6rb\u00e4ttrad midjeb\u00e4ltesdesign med tv\u00e5 nedf\u00e4llbara gev\u00e4rsst\u00f6d (gev\u00e4rsst\u00f6d finns endast p\u00e5 det stora storleksalternativet)<\/p>\n<p>\u2022 H<sub>2<\/sub>O-kompatibel<\/p>\n<p>\u2022 En stor organisationsficka baktill<\/p>\n<p>\u2022 Tv\u00e5 extra redskapsfickor<\/p>\n<p>\u2022 Tv\u00e5 vattenflaskfickor<\/p>\n<p>\u2022 Tv\u00e5 radiofickor<\/p>\n<table border=\"3\">\n<tbody>\n<tr align=\"CENTER\">\n<td><b>Midjeb\u00e4ltesomf\u00e5ng<\/b><\/td>\n<td>36&#8243; \u2013 60&#8243;<\/td>\n<\/tr>\n<tr align=\"CENTER\">\n<td><b>Vikt<\/b><\/td>\n<td>2 lbs. 9 oz. <\/td>\n<\/tr>\n<tr>\n<th colspan=\"2\">&lt;h3<br \/>\nX-Large&lt;\/h3<\/th>\n<\/tr>\n<tr align=\"CENTER\">\n<td><b>Midjeb\u00e4ltesomf\u00e5ng<\/b><\/td>\n<td>40&#8243; \u2013 64&#8243;<\/td>\n<\/tr>\n<tr align=\"CENTER\">\n<td><b>Vikt<\/b><\/td>\n<td>2 lbs. 12 oz. <\/td>\n<\/tr>\n<\/tbody>\n<\/table>\n","protected":false},"excerpt":{"rendered":"<p>Orange Blaze<\/p>\n","protected":false},"featured_media":211821,"comment_status":"open","ping_status":"closed","template":"","meta":[],"product_brand":[],"product_cat":[878],"product_tag":[],"class_list":{"0":"post-288418","1":"product","2":"type-product","3":"status-publish","4":"has-post-thumbnail","6":"product_cat-uncategorized-sv","8":"first","9":"instock","10":"taxable","11":"shipping-taxable","12":"product-type-simple"},"composite_virtual":false,"composite_layout":"","composite_add_to_cart_form_location":"","composite_editable_in_cart":false,"composite_sold_individually_context":"","composite_shop_price_calc":"","composite_components":[],"composite_scenarios":[],"group_of_quantity":0,"min_quantity":0,"max_quantity":"","exclude_order_quantity_value_rules":"no","exclude_category_quantity_rules":"no","combine_variations":"no","exclude_global_add_ons":[],"addons":[],"_links":{"self":[{"href":"https:\/\/www.huntersfriend.eu\/sv\/wp-json\/wp\/v2\/product\/288418","targetHints":{"allow":["GET"]}}],"collection":[{"href":"https:\/\/www.huntersfriend.eu\/sv\/wp-json\/wp\/v2\/product"}],"about":[{"href":"https:\/\/www.huntersfriend.eu\/sv\/wp-json\/wp\/v2\/types\/product"}],"replies":[{"embeddable":true,"href":"https:\/\/www.huntersfriend.eu\/sv\/wp-json\/wp\/v2\/comments?post=288418"}],"wp:featuredmedia":[{"embeddable":true,"href":"https:\/\/www.huntersfriend.eu\/sv\/wp-json\/wp\/v2\/media\/211821"}],"wp:attachment":[{"href":"https:\/\/www.huntersfriend.eu\/sv\/wp-json\/wp\/v2\/media?parent=288418"}],"wp:term":[{"taxonomy":"product_brand","embeddable":true,"href":"https:\/\/www.huntersfriend.eu\/sv\/wp-json\/wp\/v2\/product_brand?post=288418"},{"taxonomy":"product_cat","embeddable":true,"href":"https:\/\/www.huntersfriend.eu\/sv\/wp-json\/wp\/v2\/product_cat?post=288418"},{"taxonomy":"product_tag","embeddable":true,"href":"https:\/\/www.huntersfriend.eu\/sv\/wp-json\/wp\/v2\/product_tag?post=288418"}],"curies":[{"name":"wp","href":"https:\/\/api.w.org\/{rel}","templated":true}]}}