{"id":288417,"date":"2021-06-14T11:23:17","date_gmt":"2021-06-14T09:23:17","guid":{"rendered":"https:\/\/www.huntersfriend.eu\/product\/sme-benstod\/"},"modified":"2025-08-27T11:20:22","modified_gmt":"2025-08-27T09:20:22","slug":"sme-benstod","status":"publish","type":"product","link":"https:\/\/www.huntersfriend.eu\/sv\/produkt\/sme-benstod\/","title":{"rendered":"SME-benst\u00f6d"},"content":{"rendered":"<ul>\n<li>KL\u00c4MF\u00c4STE F\u00d6R ENKEL MONTERING P\u00c5 VAPEN MED PICATINNY\/WEAVER-STIL. LEVERERAS MED KOLVSTUDADAPTER F\u00d6R MONTERING P\u00c5 VAPEN MED EN STANDARD KOLVSTUD*. YTTERLIGARE KOLVSTUD P\u00c5 ADAPTERN F\u00d6R SVIVELF\u00c4STE<\/li>\n<li>VIKBARA BEN MED Fj\u00e4DERL\u00c5SKNAPP<\/li>\n<li>UTF\u00c4LLBARA BEN F\u00d6R JUSTERBAR SKJUTPOSITION, MJUKA GUMMISKOR F\u00d6R F\u00d6TTERNA F\u00d6R STABILITET<\/li>\n<li>6 tum<\/li>\n<li>PREMIUM 6061-T6 ANODISERAD ALUMINIUM<\/li>\n<\/ul>\n","protected":false},"excerpt":{"rendered":"<p>L\u00e4ngd 15,2 cm<\/p>\n","protected":false},"featured_media":209452,"comment_status":"open","ping_status":"closed","template":"","meta":[],"product_brand":[],"product_cat":[878],"product_tag":[],"class_list":{"0":"post-288417","1":"product","2":"type-product","3":"status-publish","4":"has-post-thumbnail","6":"product_cat-uncategorized-sv","8":"first","9":"outofstock","10":"taxable","11":"shipping-taxable","12":"purchasable","13":"product-type-simple"},"composite_virtual":false,"composite_layout":"","composite_add_to_cart_form_location":"","composite_editable_in_cart":false,"composite_sold_individually_context":"","composite_shop_price_calc":"","composite_components":[],"composite_scenarios":[],"group_of_quantity":0,"min_quantity":0,"max_quantity":"","exclude_order_quantity_value_rules":"no","exclude_category_quantity_rules":"no","combine_variations":"no","exclude_global_add_ons":[],"addons":[],"_links":{"self":[{"href":"https:\/\/www.huntersfriend.eu\/sv\/wp-json\/wp\/v2\/product\/288417","targetHints":{"allow":["GET"]}}],"collection":[{"href":"https:\/\/www.huntersfriend.eu\/sv\/wp-json\/wp\/v2\/product"}],"about":[{"href":"https:\/\/www.huntersfriend.eu\/sv\/wp-json\/wp\/v2\/types\/product"}],"replies":[{"embeddable":true,"href":"https:\/\/www.huntersfriend.eu\/sv\/wp-json\/wp\/v2\/comments?post=288417"}],"wp:featuredmedia":[{"embeddable":true,"href":"https:\/\/www.huntersfriend.eu\/sv\/wp-json\/wp\/v2\/media\/209452"}],"wp:attachment":[{"href":"https:\/\/www.huntersfriend.eu\/sv\/wp-json\/wp\/v2\/media?parent=288417"}],"wp:term":[{"taxonomy":"product_brand","embeddable":true,"href":"https:\/\/www.huntersfriend.eu\/sv\/wp-json\/wp\/v2\/product_brand?post=288417"},{"taxonomy":"product_cat","embeddable":true,"href":"https:\/\/www.huntersfriend.eu\/sv\/wp-json\/wp\/v2\/product_cat?post=288417"},{"taxonomy":"product_tag","embeddable":true,"href":"https:\/\/www.huntersfriend.eu\/sv\/wp-json\/wp\/v2\/product_tag?post=288417"}],"curies":[{"name":"wp","href":"https:\/\/api.w.org\/{rel}","templated":true}]}}