{"id":288414,"date":"2021-06-14T11:23:16","date_gmt":"2021-06-14T09:23:16","guid":{"rendered":"https:\/\/www.huntersfriend.eu\/product\/hme-hallare-for-atelkamera\/"},"modified":"2025-08-27T11:20:06","modified_gmt":"2025-08-27T09:20:06","slug":"hme-hallare-for-atelkamera","status":"publish","type":"product","link":"https:\/\/www.huntersfriend.eu\/sv\/produkt\/hme-hallare-for-atelkamera\/","title":{"rendered":"HME-h\u00e5llare f\u00f6r \u00e5telkamera"},"content":{"rendered":"<ul>\n<li>Kraftig h\u00e5llare f\u00f6r \u00e5telkamera med unik monteringsskruv f\u00f6r extra stabilitet<\/li>\n<li>Panorering\/Lutning f\u00f6r perfekt kameraorientering<\/li>\n<li>Enkel att ta bort och s\u00e4tta tillbaka \u00e5r efter \u00e5r.<\/li>\n<\/ul>\n","protected":false},"excerpt":{"rendered":"<p>S\u00e4\u00e4dett\u00e4v\u00e4 riistakamerakiinnike puuhun\/sein\u00e4\u00e4n<\/p>\n","protected":false},"featured_media":209440,"comment_status":"open","ping_status":"closed","template":"","meta":[],"product_brand":[],"product_cat":[2573],"product_tag":[],"class_list":{"0":"post-288414","1":"product","2":"type-product","3":"status-publish","4":"has-post-thumbnail","6":"product_cat-tillbehor-for-atelkameror","8":"first","9":"instock","10":"taxable","11":"shipping-taxable","12":"purchasable","13":"product-type-simple"},"composite_virtual":false,"composite_layout":"","composite_add_to_cart_form_location":"","composite_editable_in_cart":false,"composite_sold_individually_context":"","composite_shop_price_calc":"","composite_components":[],"composite_scenarios":[],"group_of_quantity":0,"min_quantity":0,"max_quantity":"","exclude_order_quantity_value_rules":"no","exclude_category_quantity_rules":"no","combine_variations":"no","exclude_global_add_ons":[],"addons":[],"_links":{"self":[{"href":"https:\/\/www.huntersfriend.eu\/sv\/wp-json\/wp\/v2\/product\/288414","targetHints":{"allow":["GET"]}}],"collection":[{"href":"https:\/\/www.huntersfriend.eu\/sv\/wp-json\/wp\/v2\/product"}],"about":[{"href":"https:\/\/www.huntersfriend.eu\/sv\/wp-json\/wp\/v2\/types\/product"}],"replies":[{"embeddable":true,"href":"https:\/\/www.huntersfriend.eu\/sv\/wp-json\/wp\/v2\/comments?post=288414"}],"wp:featuredmedia":[{"embeddable":true,"href":"https:\/\/www.huntersfriend.eu\/sv\/wp-json\/wp\/v2\/media\/209440"}],"wp:attachment":[{"href":"https:\/\/www.huntersfriend.eu\/sv\/wp-json\/wp\/v2\/media?parent=288414"}],"wp:term":[{"taxonomy":"product_brand","embeddable":true,"href":"https:\/\/www.huntersfriend.eu\/sv\/wp-json\/wp\/v2\/product_brand?post=288414"},{"taxonomy":"product_cat","embeddable":true,"href":"https:\/\/www.huntersfriend.eu\/sv\/wp-json\/wp\/v2\/product_cat?post=288414"},{"taxonomy":"product_tag","embeddable":true,"href":"https:\/\/www.huntersfriend.eu\/sv\/wp-json\/wp\/v2\/product_tag?post=288414"}],"curies":[{"name":"wp","href":"https:\/\/api.w.org\/{rel}","templated":true}]}}