{"id":288403,"date":"2021-06-16T14:01:12","date_gmt":"2021-06-16T12:01:12","guid":{"rendered":"https:\/\/www.huntersfriend.eu\/product\/bearpaw-longbow-blackfoot-2\/"},"modified":"2025-11-14T12:47:15","modified_gmt":"2025-11-14T10:47:15","slug":"bearpaw-longbow-blackfoot-2","status":"publish","type":"product","link":"https:\/\/www.huntersfriend.eu\/sv\/produkt\/bearpaw-longbow-blackfoot-2\/","title":{"rendered":"Bearpaw longbow Blackfoot"},"content":{"rendered":"<p><b>En longbow med ett oslagbart pris och fantastisk prestanda!<\/b><\/p>\n<p>Blackfoot \u00e4r en kraftfull longbow som s\u00e4kert kan anv\u00e4ndas i alla turneringar och m\u00e4sterskap under longbow-klassregler. F\u00f6r handtaget har vi anv\u00e4nt en riktigt bra kombination av m\u00f6rkt Actionwood och Bubinga. F\u00f6r Blackfoot \u00e4r denna materialblandning perfekt f\u00f6r att ge den idealiska kombinationen av vikt och stabilitet samtidigt som den har riktigt fin estetik och minimerar handst\u00f6t.  <\/p>\n<p><b>Ett otroligt pris!<br \/>\nEn otrolig pilb\u00e5ge!<\/b><\/p>\n<ul>\n<li>L\u00e4ngd: 66 tum<\/li>\n<li>Dragvikt: 25 &#8211; 50 lbs i steg om 5 lbs<\/li>\n<li>Handtag: actionwood, l\u00f6nn, ask, padouk<\/li>\n<li>Lemmar: L\u00f6nn med klar clearglas<\/li>\n<li>Tip: mycarta<\/li>\n<li>Grip: locator<\/li>\n<li>Str\u00e4ng: Inkluderar Whisper String och hyllst\u00f6d<\/li>\n<li>Brace Height: 7 tum<\/li>\n<\/ul>\n<p>Leveranstiden f\u00f6r b\u00e5gar i restorder \u00e4r cirka 6-8 veckor<\/p>\n<p><strong>Garanti: Denna b\u00e5ge garanteras mot brott eller delaminering under en period av tv\u00e5 (2) \u00e5r.<\/strong><strong> N\u00e4r en b\u00e5ge har mottagits m\u00e5ste eventuella anspr\u00e5k p\u00e5 vridna lemmar rapporteras till oss inom de f\u00f6rsta tv\u00e5 veckorna; antingen via e-post eller telefon. <\/strong><\/p>\n<p>Bilden kan skilja sig fr\u00e5n originalprodukten.<\/p>\n","protected":false},"excerpt":{"rendered":"<p>En longbow med ett oslagbart pris och fantastisk prestanda! Blackfoot \u00e4r en kraftfull longbow som s\u00e4kert kan anv\u00e4ndas i alla turneringar och m\u00e4sterskap under longbow-klassregler. F\u00f6r handtaget har vi anv\u00e4nt en riktigt bra kombination av m\u00f6rkt Actionwood och Bubinga. F\u00f6r Blackfoot \u00e4r denna materialblandning perfekt f\u00f6r att ge den idealiska kombinationen av vikt och stabilitet [&#8230;]\n","protected":false},"featured_media":206827,"comment_status":"open","ping_status":"closed","template":"","meta":[],"product_brand":[],"product_cat":[2765,3203],"product_tag":[],"class_list":{"0":"post-288403","1":"product","2":"type-product","3":"status-publish","4":"has-post-thumbnail","6":"product_cat-fyndlada-slutrea","7":"product_cat-langbagar","8":"product_shipping_class-big-sv","10":"first","11":"instock","12":"sale","13":"taxable","14":"shipping-taxable","15":"purchasable","16":"product-type-variable"},"composite_virtual":false,"composite_layout":"","composite_add_to_cart_form_location":"","composite_editable_in_cart":false,"composite_sold_individually_context":"","composite_shop_price_calc":"","composite_components":[],"composite_scenarios":[],"group_of_quantity":0,"min_quantity":0,"max_quantity":"","exclude_order_quantity_value_rules":"no","exclude_category_quantity_rules":"no","combine_variations":"no","exclude_global_add_ons":[],"addons":[],"_links":{"self":[{"href":"https:\/\/www.huntersfriend.eu\/sv\/wp-json\/wp\/v2\/product\/288403","targetHints":{"allow":["GET"]}}],"collection":[{"href":"https:\/\/www.huntersfriend.eu\/sv\/wp-json\/wp\/v2\/product"}],"about":[{"href":"https:\/\/www.huntersfriend.eu\/sv\/wp-json\/wp\/v2\/types\/product"}],"replies":[{"embeddable":true,"href":"https:\/\/www.huntersfriend.eu\/sv\/wp-json\/wp\/v2\/comments?post=288403"}],"wp:featuredmedia":[{"embeddable":true,"href":"https:\/\/www.huntersfriend.eu\/sv\/wp-json\/wp\/v2\/media\/206827"}],"wp:attachment":[{"href":"https:\/\/www.huntersfriend.eu\/sv\/wp-json\/wp\/v2\/media?parent=288403"}],"wp:term":[{"taxonomy":"product_brand","embeddable":true,"href":"https:\/\/www.huntersfriend.eu\/sv\/wp-json\/wp\/v2\/product_brand?post=288403"},{"taxonomy":"product_cat","embeddable":true,"href":"https:\/\/www.huntersfriend.eu\/sv\/wp-json\/wp\/v2\/product_cat?post=288403"},{"taxonomy":"product_tag","embeddable":true,"href":"https:\/\/www.huntersfriend.eu\/sv\/wp-json\/wp\/v2\/product_tag?post=288403"}],"curies":[{"name":"wp","href":"https:\/\/api.w.org\/{rel}","templated":true}]}}