{"id":288400,"date":"2021-07-07T14:20:36","date_gmt":"2021-07-07T12:20:36","guid":{"rendered":"https:\/\/www.huntersfriend.eu\/product\/sista-inflygningen-sista-pass-flytande-blasgas-lockgans\/"},"modified":"2025-08-27T11:19:58","modified_gmt":"2025-08-27T09:19:58","slug":"sista-inflygningen-sista-pass-flytande-blasgas-lockgans","status":"publish","type":"product","link":"https:\/\/www.huntersfriend.eu\/sv\/produkt\/sista-inflygningen-sista-pass-flytande-blasgas-lockgans\/","title":{"rendered":"Sista inflygningen sista pass flytande bl\u00e4sg\u00e5s lockgans"},"content":{"rendered":"<p>Dessa bl\u00e4sg\u00e5s-fl\u00f6ten i ett stycke har en ny snideri med enast\u00e5ende lackering. Om du jagar bl\u00e4sg\u00e4ss p\u00e5 vattnet \u00e4r dessa beten precis vad du har letat efter. Vi har tillverkat dessa beten med samma robusta konstruktion som alltid f\u00f6r att ge dig maximal h\u00e5llbarhet.  <\/p>\n<p>6-pack<br \/>Robust FA-konstruktion och h\u00e5llbarhet som alltid!<br \/>Ny snideri av v\u00e4rldsm\u00e4staren Wayne Simkin<br \/>Design i ett stycke f\u00f6r extra h\u00e5llbarhet<br \/>Tyngd k\u00f6l med sn\u00f6rl\u00e5ssystem<br \/>Uppdaterat f\u00e4rgschema f\u00f6r realistiskt utseende<\/p>\n<p>Varning! Onlinebest\u00e4llningar \u00e4r begr\u00e4nsade till en l\u00e5da per best\u00e4llning. F\u00f6r st\u00f6rre kvantiteter, v\u00e4nligen kontakta kundtj\u00e4nst direkt f\u00f6r att fr\u00e5ga om leveranskostnader.  <\/p>\n","protected":false},"excerpt":{"rendered":"<p>6 st per f\u00f6rpackning <\/p>\n","protected":false},"featured_media":208734,"comment_status":"open","ping_status":"closed","template":"","meta":[],"product_brand":[],"product_cat":[2830],"product_tag":[],"class_list":{"0":"post-288400","1":"product","2":"type-product","3":"status-publish","4":"has-post-thumbnail","6":"product_cat-gasbeten","7":"product_shipping_class-big-sv","9":"first","10":"instock","11":"sale","12":"taxable","13":"shipping-taxable","14":"purchasable","15":"product-type-simple"},"composite_virtual":false,"composite_layout":"","composite_add_to_cart_form_location":"","composite_editable_in_cart":false,"composite_sold_individually_context":"","composite_shop_price_calc":"","composite_components":[],"composite_scenarios":[],"group_of_quantity":0,"min_quantity":0,"max_quantity":"","exclude_order_quantity_value_rules":"no","exclude_category_quantity_rules":"no","combine_variations":"no","exclude_global_add_ons":[],"addons":[],"_links":{"self":[{"href":"https:\/\/www.huntersfriend.eu\/sv\/wp-json\/wp\/v2\/product\/288400","targetHints":{"allow":["GET"]}}],"collection":[{"href":"https:\/\/www.huntersfriend.eu\/sv\/wp-json\/wp\/v2\/product"}],"about":[{"href":"https:\/\/www.huntersfriend.eu\/sv\/wp-json\/wp\/v2\/types\/product"}],"replies":[{"embeddable":true,"href":"https:\/\/www.huntersfriend.eu\/sv\/wp-json\/wp\/v2\/comments?post=288400"}],"wp:featuredmedia":[{"embeddable":true,"href":"https:\/\/www.huntersfriend.eu\/sv\/wp-json\/wp\/v2\/media\/208734"}],"wp:attachment":[{"href":"https:\/\/www.huntersfriend.eu\/sv\/wp-json\/wp\/v2\/media?parent=288400"}],"wp:term":[{"taxonomy":"product_brand","embeddable":true,"href":"https:\/\/www.huntersfriend.eu\/sv\/wp-json\/wp\/v2\/product_brand?post=288400"},{"taxonomy":"product_cat","embeddable":true,"href":"https:\/\/www.huntersfriend.eu\/sv\/wp-json\/wp\/v2\/product_cat?post=288400"},{"taxonomy":"product_tag","embeddable":true,"href":"https:\/\/www.huntersfriend.eu\/sv\/wp-json\/wp\/v2\/product_tag?post=288400"}],"curies":[{"name":"wp","href":"https:\/\/api.w.org\/{rel}","templated":true}]}}